{"id":2542,"date":"2023-11-07T17:39:57","date_gmt":"2023-11-07T16:39:57","guid":{"rendered":"https:\/\/info-workcare.ch\/impressum\/"},"modified":"2023-12-01T15:44:33","modified_gmt":"2023-12-01T14:44:33","slug":"impressum","status":"publish","type":"page","link":"https:\/\/info-workcare.ch\/it\/impressum\/","title":{"rendered":"Impressum"},"content":{"rendered":"<p>[et_pb_section fb_built=&#8221;1&#8243; module_id=&#8221;vai&#8221; _builder_version=&#8221;4.23&#8243; _module_preset=&#8221;default&#8221; global_colors_info=&#8221;{}&#8221;][et_pb_row _builder_version=&#8221;4.23&#8243; _module_preset=&#8221;default&#8221; global_colors_info=&#8221;{}&#8221;][et_pb_column type=&#8221;4_4&#8243; _builder_version=&#8221;4.23&#8243; _module_preset=&#8221;default&#8221; global_colors_info=&#8221;{}&#8221;][et_pb_text _builder_version=&#8221;4.23&#8243; _module_preset=&#8221;default&#8221; header_text_color=&#8221;gcid-f4756ec7-6c25-4361-8e7f-b089b7e08c10&#8243; hover_enabled=&#8221;0&#8243; global_colors_info=&#8221;{%22gcid-1849c732-ace3-4e55-8040-df2740acd46e%22:%91%22header_2_text_color%22,%22header_2_text_color%22%93,%22gcid-f4756ec7-6c25-4361-8e7f-b089b7e08c10%22:%91%22header_text_color%22%93}&#8221; sticky_enabled=&#8221;0&#8243;]<\/p>\n<h1>Impressum<\/h1>\n<p><a href=\"https:\/\/info-workcare.ch\/it\/\">info-workcare.ch<\/a>\u00a0e un progetto di\u00a0<a class=\"ext\" href=\"http:\/\/www.travailsuisse.ch\/\" target=\"_blank\" rel=\"noopener noreferrer\" data-extlink=\"\">Travail.Suisse<\/a>, l\u2019organizzazione mantello indipendente dei lavoratori e lavoratrici.<\/p>\n<p><img loading=\"lazy\" decoding=\"async\" src=\"https:\/\/info-workcare.ch\/sites\/default\/files\/images\/travail.suisse_logo.jpg.jpg\" alt=\"Logo Travail Suisse\" width=\"245\" height=\"48\" \/><\/p>\n<p><a href=\"http:\/\/www.ebg.admin.ch\/index.html?lang=it\" target=\"_blank\" rel=\"noopener noreferrer\" data-extlink=\"\">L\u2019Ufficio federale per l\u2019uguaglianza fra donna e uomo<\/a>\u00a0sostiene il progetto nel quadro degli aiuti finanziari in base alla legge sulla parit\u00e0 dei sessi.<\/p>\n<p>Travail.Suisse a potuto beneficiare dell&#8217;esperienza delle seguenti persone et istituzioni:<\/p>\n<ul>\n<li><a href=\"http:\/\/www.alz.ch\/\" target=\"_blank\" rel=\"noopener noreferrer\" data-extlink=\"\">Association Alzheimer Suisse<\/a>\u00a0&#8211; Birgitta Martensson, Nicole Gadient et Ingrid Cretegny<\/li>\n<li><a href=\"http:\/\/www.avaconseils.ch\/\" target=\"_blank\" rel=\"noopener noreferrer\" data-extlink=\"\">avaconseils.ch<\/a>\u00a0&#8211; Anne-Marie van Rampaey<\/li>\n<li><a href=\"http:\/\/www.careum.ch\/forschung1\" target=\"_blank\" rel=\"noopener noreferrer\" data-extlink=\"\">Careum Forschung<\/a>\u00a0&#8211; Karin van Holten<\/li>\n<li><a href=\"http:\/\/www.caritas.ch\/de\/hilfe-finden\/alter-und-betreuung\/zuhause-betreut\/\" target=\"_blank\" rel=\"noopener noreferrer\" data-extlink=\"\">Caritas Suisse, projet &#8220;Zu Hause betreut&#8221;<\/a>&#8211;\u00a0 Ioana Cozarescu Kind<\/li>\n<li><a href=\"https:\/\/www.redcross.ch\/fr\" target=\"_blank\" rel=\"noopener noreferrer\" data-extlink=\"\">Croix-Rouge Suisse<\/a>, projet &#8220;<a href=\"http:\/\/www.proches-aidants.ch\/\" target=\"_blank\" rel=\"noopener noreferrer\" data-extlink=\"\">Proches aidants<\/a>&#8221; &#8211; Christine R\u00fcfenacht<\/li>\n<li>Jo\u00eblle Curchod<\/li>\n<li><a href=\"http:\/\/www.mannschafft.ch\/\" target=\"_blank\" rel=\"noopener noreferrer\" data-extlink=\"\">mannschafft<\/a>\u00a0&#8211; Michel Craman<\/li>\n<li><a href=\"http:\/\/www.masculinites.ch\/\" target=\"_blank\" rel=\"noopener noreferrer\" data-extlink=\"\">masculinit\u00e9s.ch<\/a>\u00a0&#8211; Andreas Borter<\/li>\n<li><a href=\"http:\/\/www.go-for-jobsharing.ch\/fr\/qui-sommes-nous\/association-pto.html\" target=\"_blank\" rel=\"noopener noreferrer\" data-extlink=\"\">Part Time Optimisation<\/a>, projet &#8220;<a href=\"http:\/\/www.go-for-jobsharing.ch\/\" target=\"_blank\" rel=\"noopener noreferrer\" data-extlink=\"\">Go for Jobsharing<\/a>&#8221; &#8211; Irenka Krone<\/li>\n<li>Universit\u00e9 de Lausanne\u00a0<a href=\"http:\/\/www.unil.ch\/\" target=\"_blank\" rel=\"noopener noreferrer\" data-extlink=\"\">UNIL<\/a>&#8211;\u00a0<a href=\"https:\/\/applicationspub.unil.ch\/interpub\/noauth\/php\/Un\/UnPers.php?PerNum=71568&amp;LanCode=37\" target=\"_blank\" rel=\"noopener noreferrer\" data-extlink=\"\">Prof. Nicky Le Feuvre<\/a><\/li>\n<\/ul>\n<p>Il gruppo di accompagnamento ha consentito di ancorare il progetto nei sindacati e nelle associazioni di impiegati aderenti a Travail.Suisse :<\/p>\n<ul>\n<li><a href=\"http:\/\/www.und-online.ch\/fr\/\" target=\"_blank\" rel=\"noopener noreferrer\" data-extlink=\"\">OCST<\/a>, Diana Camenzind<\/li>\n<li><a href=\"http:\/\/www.syna.ch\/\" target=\"_blank\" rel=\"noopener noreferrer\" data-extlink=\"\">syna<\/a>, Sabine Hunger et Lise Nobs<\/li>\n<li><a href=\"http:\/\/www.transfair.ch\/\" target=\"_blank\" rel=\"noopener noreferrer\" data-extlink=\"\">transfair<\/a>, Matthias Humbel<\/li>\n<\/ul>\n<p>e con la preziosa collaborazione di :<\/p>\n<ul>\n<li><a href=\"http:\/\/www.sbk.ch\/fr.html\" target=\"_blank\" rel=\"noopener noreferrer\" data-extlink=\"\">Association suisse des infirmi\u00e8res et infirmiers ASI<\/a>, Roswitha Koch et Pierre-Andr\u00e9 Wagner<\/li>\n<li><a href=\"http:\/\/www.und-online.ch\/fr\" target=\"_blank\" rel=\"noopener noreferrer\" data-extlink=\"\">Bureau UND<\/a>, Equilibre entre famille et emploi pour les hommes et les femmes, Elisabeth H\u00e4ni<\/li>\n<\/ul>\n<p>Travail.Suisse desidera ringraziare tutte le suddette istituzioni e persone per la loro partecipazione alla creazione del sito e del suo contenuto, per i loro buoni consigli e il prezioso sostegno.<\/p>\n<p>Design &amp; programmazione del sito web:<\/p>\n<p><a class=\"ext\" href=\"https:\/\/inventaire.ch\/\" target=\"_blank\" rel=\"noopener noreferrer\" data-extlink=\"\">INVENTAIRE <\/a>communication visuelle s\u00e0rl<\/p>\n<p>[\/et_pb_text][\/et_pb_column][\/et_pb_row][\/et_pb_section]<\/p>\n","protected":false},"excerpt":{"rendered":"<p>Impressum info-workcare.ch\u00a0e un progetto di\u00a0Travail.Suisse, l\u2019organizzazione mantello indipendente dei lavoratori e lavoratrici. L\u2019Ufficio federale per l\u2019uguaglianza fra donna e uomo\u00a0sostiene il progetto nel quadro degli aiuti finanziari in base alla legge sulla parit\u00e0 dei sessi. Travail.Suisse a potuto beneficiare dell&#8217;esperienza delle seguenti persone et istituzioni: Association Alzheimer Suisse\u00a0&#8211; Birgitta Martensson, Nicole Gadient et Ingrid Cretegny avaconseils.ch\u00a0&#8211; Anne-Marie van Rampaey Careum Forschung\u00a0&#8211; Karin van Holten Caritas Suisse, projet &#8220;Zu Hause betreut&#8221;-\u00a0 Ioana Cozarescu Kind Croix-Rouge Suisse, projet &#8220;Proches aidants&#8221; &#8211; Christine R\u00fcfenacht Jo\u00eblle Curchod mannschafft\u00a0&#8211; Michel Craman masculinit\u00e9s.ch\u00a0&#8211; Andreas Borter Part Time Optimisation, projet &#8220;Go for Jobsharing&#8221; &#8211; Irenka Krone Universit\u00e9 de Lausanne\u00a0UNIL-\u00a0Prof. Nicky Le Feuvre Il gruppo di accompagnamento ha consentito di ancorare il progetto nei sindacati e nelle associazioni di impiegati aderenti a Travail.Suisse : OCST, Diana Camenzind syna, Sabine Hunger et Lise Nobs transfair, Matthias Humbel e con la preziosa collaborazione di : Association suisse des infirmi\u00e8res et infirmiers ASI, Roswitha Koch et Pierre-Andr\u00e9 Wagner Bureau UND, Equilibre entre famille et emploi pour les hommes et les femmes, Elisabeth H\u00e4ni Travail.Suisse desidera ringraziare tutte le suddette istituzioni e persone per la loro partecipazione alla creazione del sito e del suo contenuto, per i loro buoni consigli e il [&hellip;]<\/p>\n","protected":false},"author":1,"featured_media":0,"parent":0,"menu_order":0,"comment_status":"closed","ping_status":"closed","template":"","meta":{"_et_pb_use_builder":"on","_et_pb_old_content":"","_et_gb_content_width":"","inline_featured_image":false,"footnotes":""},"class_list":["post-2542","page","type-page","status-publish","hentry"],"jetpack_sharing_enabled":true,"_links":{"self":[{"href":"https:\/\/info-workcare.ch\/it\/wp-json\/wp\/v2\/pages\/2542","targetHints":{"allow":["GET"]}}],"collection":[{"href":"https:\/\/info-workcare.ch\/it\/wp-json\/wp\/v2\/pages"}],"about":[{"href":"https:\/\/info-workcare.ch\/it\/wp-json\/wp\/v2\/types\/page"}],"author":[{"embeddable":true,"href":"https:\/\/info-workcare.ch\/it\/wp-json\/wp\/v2\/users\/1"}],"replies":[{"embeddable":true,"href":"https:\/\/info-workcare.ch\/it\/wp-json\/wp\/v2\/comments?post=2542"}],"version-history":[{"count":2,"href":"https:\/\/info-workcare.ch\/it\/wp-json\/wp\/v2\/pages\/2542\/revisions"}],"predecessor-version":[{"id":2845,"href":"https:\/\/info-workcare.ch\/it\/wp-json\/wp\/v2\/pages\/2542\/revisions\/2845"}],"wp:attachment":[{"href":"https:\/\/info-workcare.ch\/it\/wp-json\/wp\/v2\/media?parent=2542"}],"curies":[{"name":"wp","href":"https:\/\/api.w.org\/{rel}","templated":true}]}}