{"id":2537,"date":"2023-11-06T16:52:26","date_gmt":"2023-11-06T15:52:26","guid":{"rendered":"https:\/\/info-workcare.ch\/informations-juridiques\/"},"modified":"2023-12-01T09:15:19","modified_gmt":"2023-12-01T08:15:19","slug":"avviso-legale","status":"publish","type":"page","link":"https:\/\/info-workcare.ch\/it\/avviso-legale\/","title":{"rendered":"Avviso legale"},"content":{"rendered":"<p>[et_pb_section fb_built=&#8221;1&#8243; _builder_version=&#8221;4.23&#8243; _module_preset=&#8221;default&#8221; hover_enabled=&#8221;0&#8243; global_colors_info=&#8221;{}&#8221; module_id=&#8221;vai&#8221; sticky_enabled=&#8221;0&#8243;][et_pb_row _builder_version=&#8221;4.23&#8243; _module_preset=&#8221;default&#8221; global_colors_info=&#8221;{}&#8221;][et_pb_column type=&#8221;4_4&#8243; _builder_version=&#8221;4.23&#8243; _module_preset=&#8221;default&#8221; global_colors_info=&#8221;{}&#8221;][et_pb_text _builder_version=&#8221;4.23&#8243; _module_preset=&#8221;default&#8221; header_text_color=&#8221;gcid-f4756ec7-6c25-4361-8e7f-b089b7e08c10&#8243; hover_enabled=&#8221;0&#8243; global_colors_info=&#8221;{%22gcid-1849c732-ace3-4e55-8040-df2740acd46e%22:%91%22header_2_text_color%22,%22header_2_text_color%22%93,%22gcid-f4756ec7-6c25-4361-8e7f-b089b7e08c10%22:%91%22header_text_color%22%93}&#8221; sticky_enabled=&#8221;0&#8243;]<\/p>\n<h1>Avviso legale<\/h1>\n<h2>Condizioni d\u2019utilizzo<\/h2>\n<h3>Protezione dei dati<\/h3>\n<p>I dati personali forniti al momento dell\u2019utilizzo del Sito web sono rilevati e trattati esclusivamente per le prestazioni dei servizi che desiderate e non saranno trasmessi a terzi. L\u2019accesso al Sito avviene in maniera non crittografato. Al momento dell\u2019utilizzo dei formulari di contatto cos\u00ec come altri campi di scelta sul sito, la trasmissione avviene in maniera criptata. Normalmente rispondiamo per email alle domande che riceviamo per email o tramite il formulario di contatto. Se non desiderate ricevere una risposta per email, vi preghiamo di segnalarlo al momento della vostra domanda.<\/p>\n<h3>Cookies<\/h3>\n<p>Per aumentare le funzionalit\u00e0 e la sicurezza, Travail.Suisse deposita quello che vengono chiamati dei cookies della sessione. I cookies sono inviati dal computer di TravailSuisse al browser. Sono salvati nella memoria di transito (cache) e non sono salvati in maniera permanente sul disco rigido (diversamente dai cookies persistenti). Non salvano alcun dato personale legato alla persona. La loro validit\u00e0 \u00e8 soppressa automaticamente una volta terminata la sessione.<\/p>\n<h3>Disclaimer<\/h3>\n<p>I contenuti di questo sito web rappresentano un\u2019offerta non vincolante di informazioni. Anche se le informazioni sono regolarmente controllate e aggiornate per la correttezza, decliniamo ogni responsabilit\u00e0 per eventuali conseguenze indesiderate derivanti dall\u2019uso di queste informazioni. Il nostro sito contiene link a offerte di terzi. \u00c8 possibile utilizzare questi link a proprio rischio. Per il contenuto di questi siti non ci assumiamo alcuna responsabilit\u00e0. Sono escluse dalla nostra responsabilit\u00e0: la garanzia per la disponibilit\u00e0 permanente delle nostra offerta on-line cos\u00ec come i danni (per esempio interruzione delle connessione, virus) che possono derivare da un uso del nostro sito.<\/p>\n<p>Gli indirizzi contenuti nell\u2019<a href=\"https:\/\/info-workcare.ch\/it\/indirizzi\">Elenco degli indirizzi di prossimit\u00e0<\/a>\u00a0provengono da una ricerca originale e non da una banca dati prestata, copiata o acquistata. Le indicazioni che vi sono riportate sono gi\u00e0 state pubblicate da altri e sono pubbliche. Travail.Suisse declina ogni responsabilit\u00e0 riguardo l\u2019esattezza o l\u2019attualit\u00e0 delle informazioni pubbliche riprese. Le associazioni, i servizi o le autorit\u00e0 che dovessero rilevare errori sulle loro prestazioni sono per\u00f2 invitati a rivolgersi direttamente a Travail.Suisse mediante il modulo disponibile sotto \u00ab<a href=\"https:\/\/info-workcare.ch\/it\/page\/contatto\">Contatto<\/a>\u00bb. Le correzioni saranno verificate e aggiunte a cadenza regolare.<\/p>\n<h3>Copyright<\/h3>\n<p>Questo sito web \u00e8 protetto da copyright. \u00c8 consentito il download e la stampa di contenuti. Senza il previo consenso scritto di Travail.Suisse e OCST \u00e8 proibita la riproduzione, modifica e riutilizzo, anche del codice sorgente.<\/p>\n<p>[\/et_pb_text][\/et_pb_column][\/et_pb_row][\/et_pb_section]<\/p>\n","protected":false},"excerpt":{"rendered":"<p>Avviso legale Condizioni d\u2019utilizzo Protezione dei dati I dati personali forniti al momento dell\u2019utilizzo del Sito web sono rilevati e trattati esclusivamente per le prestazioni dei servizi che desiderate e non saranno trasmessi a terzi. L\u2019accesso al Sito avviene in maniera non crittografato. Al momento dell\u2019utilizzo dei formulari di contatto cos\u00ec come altri campi di scelta sul sito, la trasmissione avviene in maniera criptata. Normalmente rispondiamo per email alle domande che riceviamo per email o tramite il formulario di contatto. Se non desiderate ricevere una risposta per email, vi preghiamo di segnalarlo al momento della vostra domanda. Cookies Per aumentare le funzionalit\u00e0 e la sicurezza, Travail.Suisse deposita quello che vengono chiamati dei cookies della sessione. I cookies sono inviati dal computer di TravailSuisse al browser. Sono salvati nella memoria di transito (cache) e non sono salvati in maniera permanente sul disco rigido (diversamente dai cookies persistenti). Non salvano alcun dato personale legato alla persona. La loro validit\u00e0 \u00e8 soppressa automaticamente una volta terminata la sessione. Disclaimer I contenuti di questo sito web rappresentano un\u2019offerta non vincolante di informazioni. Anche se le informazioni sono regolarmente controllate e aggiornate per la correttezza, decliniamo ogni responsabilit\u00e0 per eventuali conseguenze indesiderate derivanti dall\u2019uso di [&hellip;]<\/p>\n","protected":false},"author":1,"featured_media":0,"parent":0,"menu_order":0,"comment_status":"closed","ping_status":"closed","template":"","meta":{"_et_pb_use_builder":"on","_et_pb_old_content":"","_et_gb_content_width":"","inline_featured_image":false,"footnotes":""},"class_list":["post-2537","page","type-page","status-publish","hentry"],"jetpack_sharing_enabled":true,"_links":{"self":[{"href":"https:\/\/info-workcare.ch\/it\/wp-json\/wp\/v2\/pages\/2537","targetHints":{"allow":["GET"]}}],"collection":[{"href":"https:\/\/info-workcare.ch\/it\/wp-json\/wp\/v2\/pages"}],"about":[{"href":"https:\/\/info-workcare.ch\/it\/wp-json\/wp\/v2\/types\/page"}],"author":[{"embeddable":true,"href":"https:\/\/info-workcare.ch\/it\/wp-json\/wp\/v2\/users\/1"}],"replies":[{"embeddable":true,"href":"https:\/\/info-workcare.ch\/it\/wp-json\/wp\/v2\/comments?post=2537"}],"version-history":[{"count":2,"href":"https:\/\/info-workcare.ch\/it\/wp-json\/wp\/v2\/pages\/2537\/revisions"}],"predecessor-version":[{"id":2540,"href":"https:\/\/info-workcare.ch\/it\/wp-json\/wp\/v2\/pages\/2537\/revisions\/2540"}],"wp:attachment":[{"href":"https:\/\/info-workcare.ch\/it\/wp-json\/wp\/v2\/media?parent=2537"}],"curies":[{"name":"wp","href":"https:\/\/api.w.org\/{rel}","templated":true}]}}