{"id":2531,"date":"2023-11-06T16:38:23","date_gmt":"2023-11-06T15:38:23","guid":{"rendered":"https:\/\/info-workcare.ch\/contact\/transmettre-plusieurs-nouvelles-adresses\/"},"modified":"2023-12-01T09:13:13","modified_gmt":"2023-12-01T08:13:13","slug":"desidero-enviare-piu-indizzi","status":"publish","type":"page","link":"https:\/\/info-workcare.ch\/it\/contatto\/desidero-enviare-piu-indizzi\/","title":{"rendered":"Desidero enviare pi\u00f9 indizzi"},"content":{"rendered":"<p>[et_pb_section fb_built=&#8221;1&#8243; _builder_version=&#8221;4.23&#8243; _module_preset=&#8221;default&#8221; background_color=&#8221;gcid-9c204239-61ba-4b60-8792-0fda9b6cbe65&#8243; use_background_color_gradient=&#8221;on&#8221; background_color_gradient_direction=&#8221;90deg&#8221; background_color_gradient_stops=&#8221;#e5edf4 0%|rgba(229,237,244,0) 35%&#8221; background_color_gradient_overlays_image=&#8221;on&#8221; background_image=&#8221;https:\/\/info-workcare.ch\/wp-content\/uploads\/2023\/11\/grand-parent-learning-use-digital-divice-scaled-e1699284565542.jpg&#8221; background_size=&#8221;custom&#8221; background_image_width=&#8221;50%&#8221; background_position=&#8221;center_right&#8221; custom_padding=&#8221;3rem||3rem||true|false&#8221; background_last_edited=&#8221;on|desktop&#8221; background_enable_image_tablet=&#8221;off&#8221; global_module=&#8221;1035&#8243; saved_tabs=&#8221;all&#8221; locked=&#8221;off&#8221; global_colors_info=&#8221;{%22gcid-9c204239-61ba-4b60-8792-0fda9b6cbe65%22:%91%22background_color%22%93}&#8221;][et_pb_row _builder_version=&#8221;4.22.2&#8243; _module_preset=&#8221;default&#8221; global_colors_info=&#8221;{}&#8221;][et_pb_column type=&#8221;4_4&#8243; _builder_version=&#8221;4.22.2&#8243; _module_preset=&#8221;default&#8221; global_colors_info=&#8221;{}&#8221;][et_pb_text _builder_version=&#8221;4.23&#8243; _dynamic_attributes=&#8221;content&#8221; _module_preset=&#8221;default&#8221; header_text_color=&#8221;gcid-f4756ec7-6c25-4361-8e7f-b089b7e08c10&#8243; header_2_text_color=&#8221;gcid-f4756ec7-6c25-4361-8e7f-b089b7e08c10&#8243; custom_margin=&#8221;||10px||false|false&#8221; custom_padding=&#8221;||||false|false&#8221; global_colors_info=&#8221;{%22gcid-f4756ec7-6c25-4361-8e7f-b089b7e08c10%22:%91%22header_text_color%22,%22header_2_text_color%22%93}&#8221;]@ET-DC@eyJkeW5hbWljIjp0cnVlLCJjb250ZW50IjoicG9zdF90aXRsZSIsInNldHRpbmdzIjp7ImJlZm9yZSI6IjxoMT4iLCJhZnRlciI6IjwvaDE+In19@[\/et_pb_text][et_pb_button button_url=&#8221;#vai&#8221; button_text=&#8221;Vai&#8221; _builder_version=&#8221;4.22.2&#8243; _module_preset=&#8221;eef9f03a-7744-4384-a412-ccf9198c1f25&#8243; global_colors_info=&#8221;{}&#8221;][\/et_pb_button][\/et_pb_column][\/et_pb_row][\/et_pb_section][et_pb_section fb_built=&#8221;1&#8243; _builder_version=&#8221;4.22.2&#8243; _module_preset=&#8221;default&#8221; background_color=&#8221;#FFFFFF&#8221; custom_padding=&#8221;0px||0px|||&#8221; global_module=&#8221;1850&#8243; locked=&#8221;off&#8221; global_colors_info=&#8221;{}&#8221;][et_pb_row _builder_version=&#8221;4.22.2&#8243; _module_preset=&#8221;default&#8221; custom_padding=&#8221;2rem||2rem||true|false&#8221; global_colors_info=&#8221;{}&#8221;][et_pb_column type=&#8221;4_4&#8243; _builder_version=&#8221;4.22.2&#8243; _module_preset=&#8221;default&#8221; global_colors_info=&#8221;{}&#8221;][dsm_breadcrumbs home_icon=&#8221;&#xf015;||fa||900&#8243; separator_icon=&#8221;&#x45;||divi||400&#8243; current_padding=&#8221;||||true|true&#8221; _builder_version=&#8221;4.23&#8243; _module_preset=&#8221;default&#8221; items_font=&#8221;|700|||||||&#8221; items_text_color=&#8221;gcid-f4756ec7-6c25-4361-8e7f-b089b7e08c10&#8243; home_icon_text_color=&#8221;gcid-f4756ec7-6c25-4361-8e7f-b089b7e08c10&#8243; separators_text_color=&#8221;gcid-f4756ec7-6c25-4361-8e7f-b089b7e08c10&#8243; current_text_color=&#8221;gcid-3c806b9a-aa2d-46da-be86-b310ce4f6f7d&#8221; global_colors_info=&#8221;{%22gcid-3c806b9a-aa2d-46da-be86-b310ce4f6f7d%22:%91%22current_text_color%22%93,%22gcid-f4756ec7-6c25-4361-8e7f-b089b7e08c10%22:%91%22home_icon_text_color%22,%22items_text_color%22,%22separators_text_color%22%93}&#8221;][\/dsm_breadcrumbs][\/et_pb_column][\/et_pb_row][\/et_pb_section][et_pb_section fb_built=&#8221;1&#8243; module_id=&#8221;vai&#8221; _builder_version=&#8221;4.23&#8243; _module_preset=&#8221;default&#8221; custom_padding=&#8221;0px||0px|||&#8221; hover_enabled=&#8221;0&#8243; global_colors_info=&#8221;{}&#8221; sticky_enabled=&#8221;0&#8243;][et_pb_row column_structure=&#8221;1_3,2_3&#8243; _builder_version=&#8221;4.23&#8243; _module_preset=&#8221;default&#8221; global_colors_info=&#8221;{}&#8221;][et_pb_column type=&#8221;1_3&#8243; _builder_version=&#8221;4.22.2&#8243; _module_preset=&#8221;default&#8221; global_colors_info=&#8221;{}&#8221;][dsm_menu menu_id=&#8221;13&#8243; _builder_version=&#8221;4.23&#8243; _module_preset=&#8221;default&#8221; global_colors_info=&#8221;{}&#8221;][\/dsm_menu][\/et_pb_column][et_pb_column type=&#8221;2_3&#8243; _builder_version=&#8221;4.22.2&#8243; _module_preset=&#8221;default&#8221; global_colors_info=&#8221;{}&#8221;][et_pb_text _builder_version=&#8221;4.23&#8243; _module_preset=&#8221;default&#8221; hover_enabled=&#8221;0&#8243; global_colors_info=&#8221;{}&#8221; sticky_enabled=&#8221;0&#8243;]<\/p>\n<h2>Vous travaillez pour une organisation ou une association qui fournit des prestations aux proches aidants et celles-ci ne sont pas r\u00e9pertori\u00e9es dans info-workcare.ch ? Vous pouvez transmettre vos adresses en un bloc \u00e0 info-workcare.ch sans passer par le formulaire &#8220;Je dois signaler une adresse manquante&#8221;.<\/h2>\n<p>Pour cela, veuillez simplement envoyer un mail \u00e0 info(at)travailsuisse.ch avec la mention &#8220;Fichier d&#8217;adresses pour info-workcare.ch&#8221;. Nous vous renverrons un fichier Excel pr\u00e9-format\u00e9 dont toutes les informations requises sont \u00e0 remplir.<\/p>\n<p>Cette proc\u00e9dure est indiqu\u00e9e uniquement pour les prestations qui ne figurent pas encore dans le r\u00e9pertoire d&#8217;adresses. Si vous souhaitez apporter des corrections \u00e0 des prestations d\u00e9j\u00e0 r\u00e9pertori\u00e9es, nous vous prions d&#8217;utiliser le formulaire <a href=\"http:\/\/www.info-workcare.ch\/fr\/page\/je-dois-signaler-une-erreur\">Je dois signaler une erreur<\/a>.<\/p>\n<h3>Attention: Une prestation locale = une ligne dans le fichier.<\/h3>\n<p>Veuillez prendre note que chaque prestation doit \u00eatre renseign\u00e9e de mani\u00e8re unique pour chacun des cantons o\u00f9 elle est offerte. Si une m\u00eame prestation est propos\u00e9e dans plusieurs cantons, vous devrez enregistrer autant de lignes que de cantons o\u00f9 elle est disponible.<\/p>\n<p>[\/et_pb_text][\/et_pb_column][\/et_pb_row][\/et_pb_section]<\/p>\n","protected":false},"excerpt":{"rendered":"<p><div class=\"et_pb_module dsm_breadcrumbs dsm_breadcrumbs_0\">\n\t\t\t\t\n\t\t\t\t\n\t\t\t\t\n\t\t\t\t\n\t\t\t\t\n\t\t\t\t\n\t\t\t\t<div class=\"et_pb_module_inner\">\n\t\t\t\t\t<nav class=\"dsm_breadcrumbs_wrap\">\n\t\t\t\t<ul class=\"dsm_breadcrumbs\" itemscope itemtype=\"https:\/\/schema.org\/BreadcrumbList\">\t\t\t<li class=\"dsm_breadcrumbs_item dsm_home_item dsm_home_item_custom\" itemprop=\"itemListElement\" itemscope\n\t\t\titemtype=\"https:\/\/schema.org\/ListItem\">\n\t\t\t\t<a href=\"https:\/\/info-workcare.ch\/it\/\" itemprop=\"item\" target=\"\">\n\t\t\t\t\t<span class='dsm_home_text_wrapper'>\n\t\t\t\t\t\t\t\t\t\t\t\t\t<span class=\"et-pb-icon dsm_home_icon\">&#xf015;<\/span>\n\t\t\t\t\t\t\t\t\t\t\t\t\t<span class=\"dsm_home_text\" itemprop=\"name\">\n\t\t\t\t\t\t\t\tHome\t\t\t\t\t\t\t<\/span>\n\t\t\t\t\t<\/span>\n\t\t\t\t<\/a>\n\t\t\t\t<meta itemprop=\"position\" content=\"1\" \/>\n\t\t\t<\/li>\n\n\t\t<li class=\"dsm_breadcrumbs_separator\"> <span class=\"et-pb-icon dsm_separator_icon\">&#x45;<\/span><\/li><br \/>\n<b>Warning<\/b>:  Attempt to read property \"term_id\" on null in <b>\/home\/clients\/6a20a99fd8dba08e5419d7dffd9e1be6\/sites\/info-workcare.ch\/wp-content\/plugins\/supreme-modules-pro-for-divi\/includes\/modules\/Breadcrumbs\/Breadcrumbs.php<\/b> on line <b>705<\/b><br \/>\n<\/ul>\n\t\t\t<\/nav>\n\t\t\t\t<\/div>\n\t\t\t<\/div><div class=\"et_pb_with_border et_pb_module dsm_menu dsm_menu_0 et_pb_sticky_module  et_pb_text_align_left et_pb_bg_layout_light\">\n\t\t\t\t\n\t\t\t\t\n\t\t\t\t\n\t\t\t\t\n\t\t\t\t\n\t\t\t\t\n\t\t\t\t<div class=\"et_pb_module_inner\">\n\t\t\t\t\t<nav class=\"dsm-menu-container\" role=navigation itemscope itemtype=http:\/\/schema.org\/SiteNavigationElement><ul id=\"menu-menu-contact-fr\" class=\"dsm-menu dsm-menu-style-type-none dsm-menu-layout-vertical\"><li id=\"menu-item-1017\" class=\"et_pb_menu_page_id-1013 menu-item menu-item-type-post_type menu-item-object-page menu-item-1017\"><a href=\"https:\/\/info-workcare.ch\/contact\/je-veux-signaler-une-adresse-importante-manquante\/\" itemprop=\"url\"><span itemprop=\"name\">Desidero segnalare un indirizzo importante mancante<\/span><\/a><\/li>\n<li id=\"menu-item-1024\" class=\"et_pb_menu_page_id-1019 menu-item menu-item-type-post_type menu-item-object-page menu-item-1024\"><a href=\"https:\/\/info-workcare.ch\/contact\/je-dois-signaler-une-erreur\/\" itemprop=\"url\"><span itemprop=\"name\">Vorrei segnalare un errore<\/span><\/a><\/li>\n<li id=\"menu-item-1030\" class=\"et_pb_menu_page_id-1026 menu-item menu-item-type-post_type menu-item-object-page menu-item-1030\"><a href=\"https:\/\/info-workcare.ch\/contact\/je-souhaite-quun-nouveau-theme-soit-traite\/\" itemprop=\"url\"><span itemprop=\"name\">Desidero che su info-workcare.ch venga trattata una nuova tematica<\/span><\/a><\/li>\n<li id=\"menu-item-1044\" class=\"et_pb_menu_page_id-1040 menu-item menu-item-type-post_type menu-item-object-page menu-item-1044\"><a href=\"https:\/\/info-workcare.ch\/contact\/appel-aux-utilisateurs\/\" itemprop=\"url\"><span itemprop=\"name\">Appello agli utenti<\/span><\/a><\/li>\n<\/ul><\/nav>\n\t\t\t\t<\/div>\n\t\t\t<\/div>Vous travaillez pour une organisation ou une association qui fournit des prestations aux proches aidants et celles-ci ne sont pas r\u00e9pertori\u00e9es dans info-workcare.ch ? Vous pouvez transmettre vos adresses en un bloc \u00e0 info-workcare.ch sans passer par le formulaire &#8220;Je dois signaler une adresse manquante&#8221;. Pour cela, veuillez simplement envoyer un mail \u00e0 info(at)travailsuisse.ch avec la mention &#8220;Fichier d&#8217;adresses pour info-workcare.ch&#8221;. Nous vous renverrons un fichier Excel pr\u00e9-format\u00e9 dont toutes les informations requises sont \u00e0 remplir. Cette proc\u00e9dure est indiqu\u00e9e uniquement pour les prestations qui ne figurent pas encore dans le r\u00e9pertoire d&#8217;adresses. Si vous souhaitez apporter des corrections \u00e0 des prestations d\u00e9j\u00e0 r\u00e9pertori\u00e9es, nous vous prions d&#8217;utiliser le formulaire Je dois signaler une erreur. Attention: Une prestation locale = une ligne dans le fichier. Veuillez prendre note que chaque prestation doit \u00eatre renseign\u00e9e de mani\u00e8re unique pour chacun des cantons o\u00f9 elle est offerte. Si une m\u00eame prestation est propos\u00e9e dans plusieurs cantons, vous devrez enregistrer autant de lignes que de cantons o\u00f9 elle est disponible.<\/p>\n","protected":false},"author":1,"featured_media":0,"parent":2502,"menu_order":0,"comment_status":"closed","ping_status":"closed","template":"","meta":{"_et_pb_use_builder":"on","_et_pb_old_content":"","_et_gb_content_width":"","inline_featured_image":false,"footnotes":""},"class_list":["post-2531","page","type-page","status-publish","hentry"],"jetpack_sharing_enabled":true,"_links":{"self":[{"href":"https:\/\/info-workcare.ch\/it\/wp-json\/wp\/v2\/pages\/2531","targetHints":{"allow":["GET"]}}],"collection":[{"href":"https:\/\/info-workcare.ch\/it\/wp-json\/wp\/v2\/pages"}],"about":[{"href":"https:\/\/info-workcare.ch\/it\/wp-json\/wp\/v2\/types\/page"}],"author":[{"embeddable":true,"href":"https:\/\/info-workcare.ch\/it\/wp-json\/wp\/v2\/users\/1"}],"replies":[{"embeddable":true,"href":"https:\/\/info-workcare.ch\/it\/wp-json\/wp\/v2\/comments?post=2531"}],"version-history":[{"count":2,"href":"https:\/\/info-workcare.ch\/it\/wp-json\/wp\/v2\/pages\/2531\/revisions"}],"predecessor-version":[{"id":2534,"href":"https:\/\/info-workcare.ch\/it\/wp-json\/wp\/v2\/pages\/2531\/revisions\/2534"}],"up":[{"embeddable":true,"href":"https:\/\/info-workcare.ch\/it\/wp-json\/wp\/v2\/pages\/2502"}],"wp:attachment":[{"href":"https:\/\/info-workcare.ch\/it\/wp-json\/wp\/v2\/media?parent=2531"}],"curies":[{"name":"wp","href":"https:\/\/api.w.org\/{rel}","templated":true}]}}