{"id":2498,"date":"2023-11-02T16:57:21","date_gmt":"2023-11-02T15:57:21","guid":{"rendered":"https:\/\/info-workcare.ch\/?page_id=2498"},"modified":"2023-12-01T16:08:12","modified_gmt":"2023-12-01T15:08:12","slug":"far-validare-la-vostra-esperienza-2","status":"publish","type":"page","link":"https:\/\/info-workcare.ch\/it\/formazione\/far-validare-la-vostra-esperienza-2\/","title":{"rendered":"Far validare la vostra esperienza"},"content":{"rendered":"<p>[et_pb_section fb_built=&#8221;1&#8243; _builder_version=&#8221;4.23&#8243; _module_preset=&#8221;default&#8221; background_color=&#8221;gcid-9c204239-61ba-4b60-8792-0fda9b6cbe65&#8243; use_background_color_gradient=&#8221;on&#8221; background_color_gradient_direction=&#8221;90deg&#8221; background_color_gradient_stops=&#8221;#e5edf4 0%|rgba(229,237,244,0) 35%&#8221; background_color_gradient_overlays_image=&#8221;on&#8221; background_image=&#8221;https:\/\/info-workcare.ch\/wp-content\/uploads\/2023\/11\/social-worker-taking-care-senior-woman-scaled-e1698944009478.jpg&#8221; background_size=&#8221;custom&#8221; background_image_width=&#8221;50%&#8221; background_position=&#8221;top_right&#8221; custom_padding=&#8221;3rem||3rem||true|false&#8221; background_last_edited=&#8221;on|desktop&#8221; background_enable_image_tablet=&#8221;off&#8221; global_module=&#8221;966&#8243; saved_tabs=&#8221;all&#8221; locked=&#8221;off&#8221; global_colors_info=&#8221;{%22gcid-9c204239-61ba-4b60-8792-0fda9b6cbe65%22:%91%22background_color%22%93}&#8221;][et_pb_row _builder_version=&#8221;4.22.2&#8243; _module_preset=&#8221;default&#8221; global_colors_info=&#8221;{}&#8221;][et_pb_column type=&#8221;4_4&#8243; _builder_version=&#8221;4.22.2&#8243; _module_preset=&#8221;default&#8221; global_colors_info=&#8221;{}&#8221;][et_pb_text _builder_version=&#8221;4.23&#8243; _dynamic_attributes=&#8221;content&#8221; _module_preset=&#8221;default&#8221; header_text_color=&#8221;gcid-f4756ec7-6c25-4361-8e7f-b089b7e08c10&#8243; header_2_text_color=&#8221;gcid-f4756ec7-6c25-4361-8e7f-b089b7e08c10&#8243; custom_margin=&#8221;||10px||false|false&#8221; custom_padding=&#8221;||||false|false&#8221; global_colors_info=&#8221;{%22gcid-f4756ec7-6c25-4361-8e7f-b089b7e08c10%22:%91%22header_text_color%22,%22header_2_text_color%22%93}&#8221;]@ET-DC@eyJkeW5hbWljIjp0cnVlLCJjb250ZW50IjoicG9zdF90aXRsZSIsInNldHRpbmdzIjp7ImJlZm9yZSI6IjxoMT4iLCJhZnRlciI6IjwvaDE+In19@[\/et_pb_text][et_pb_button button_url=&#8221;#vai&#8221; button_text=&#8221;Vai&#8221; _builder_version=&#8221;4.22.2&#8243; _module_preset=&#8221;eef9f03a-7744-4384-a412-ccf9198c1f25&#8243; global_colors_info=&#8221;{}&#8221;][\/et_pb_button][\/et_pb_column][\/et_pb_row][\/et_pb_section][et_pb_section fb_built=&#8221;1&#8243; _builder_version=&#8221;4.22.2&#8243; _module_preset=&#8221;default&#8221; background_color=&#8221;#FFFFFF&#8221; custom_padding=&#8221;0px||0px|||&#8221; global_module=&#8221;1850&#8243; locked=&#8221;off&#8221; global_colors_info=&#8221;{}&#8221;][et_pb_row _builder_version=&#8221;4.22.2&#8243; _module_preset=&#8221;default&#8221; custom_padding=&#8221;2rem||2rem||true|false&#8221; global_colors_info=&#8221;{}&#8221;][et_pb_column type=&#8221;4_4&#8243; _builder_version=&#8221;4.22.2&#8243; _module_preset=&#8221;default&#8221; global_colors_info=&#8221;{}&#8221;][dsm_breadcrumbs home_icon=&#8221;&#xf015;||fa||900&#8243; separator_icon=&#8221;&#x45;||divi||400&#8243; current_padding=&#8221;||||true|true&#8221; _builder_version=&#8221;4.23&#8243; _module_preset=&#8221;default&#8221; items_font=&#8221;|700|||||||&#8221; items_text_color=&#8221;gcid-f4756ec7-6c25-4361-8e7f-b089b7e08c10&#8243; home_icon_text_color=&#8221;gcid-f4756ec7-6c25-4361-8e7f-b089b7e08c10&#8243; separators_text_color=&#8221;gcid-f4756ec7-6c25-4361-8e7f-b089b7e08c10&#8243; current_text_color=&#8221;gcid-3c806b9a-aa2d-46da-be86-b310ce4f6f7d&#8221; global_colors_info=&#8221;{%22gcid-3c806b9a-aa2d-46da-be86-b310ce4f6f7d%22:%91%22current_text_color%22%93,%22gcid-f4756ec7-6c25-4361-8e7f-b089b7e08c10%22:%91%22home_icon_text_color%22,%22items_text_color%22,%22separators_text_color%22%93}&#8221;][\/dsm_breadcrumbs][\/et_pb_column][\/et_pb_row][\/et_pb_section][et_pb_section fb_built=&#8221;1&#8243; module_id=&#8221;en-savoir-plus&#8221; _builder_version=&#8221;4.23&#8243; _module_preset=&#8221;default&#8221; custom_padding=&#8221;0px||0px|||&#8221; global_colors_info=&#8221;{}&#8221;][et_pb_row column_structure=&#8221;1_3,2_3&#8243; _builder_version=&#8221;4.22.2&#8243; _module_preset=&#8221;default&#8221; global_colors_info=&#8221;{}&#8221;][et_pb_column type=&#8221;1_3&#8243; _builder_version=&#8221;4.22.2&#8243; _module_preset=&#8221;default&#8221; global_colors_info=&#8221;{}&#8221;][dsm_menu title=&#8221;Selezionare un argomento&#8221; menu_id=&#8221;12&#8243; submenu_collapse=&#8221;on&#8221; menu_link_text_color=&#8221;gcid-f4756ec7-6c25-4361-8e7f-b089b7e08c10&#8243; active_link_color=&#8221;gcid-d2d5bf86-5243-4ce7-98d7-8b0210f7807d&#8221; menu_link_text_active_color=&#8221;gcid-d2d5bf86-5243-4ce7-98d7-8b0210f7807d&#8221; submenu_arrow_color=&#8221;gcid-f4756ec7-6c25-4361-8e7f-b089b7e08c10&#8243; _builder_version=&#8221;4.23&#8243; _module_preset=&#8221;default&#8221; border_color_right=&#8221;gcid-9c204239-61ba-4b60-8792-0fda9b6cbe65&#8243; global_module=&#8221;2092&#8243; saved_tabs=&#8221;all&#8221; locked=&#8221;off&#8221; global_colors_info=&#8221;{%22gcid-f4756ec7-6c25-4361-8e7f-b089b7e08c10%22:%91%22menu_link_text_color%22,%22submenu_arrow_color%22%93,%22gcid-d2d5bf86-5243-4ce7-98d7-8b0210f7807d%22:%91%22active_link_color%22,%22menu_link_text_active_color%22%93,%22gcid-9c204239-61ba-4b60-8792-0fda9b6cbe65%22:%91%22border_color_right%22%93}&#8221;][\/dsm_menu][\/et_pb_column][et_pb_column type=&#8221;2_3&#8243; _builder_version=&#8221;4.22.2&#8243; _module_preset=&#8221;default&#8221; global_colors_info=&#8221;{}&#8221;][et_pb_text _builder_version=&#8221;4.23&#8243; _module_preset=&#8221;default&#8221; global_colors_info=&#8221;{}&#8221;]<\/p>\n<h2>Valorizzare l\u2019esperienza<\/h2>\n<p>Avete accompagnato, sostenuto, aiutato e\/o curato un vostro caro per un lungo periodo? Avete sicuramente accumulato conoscenze e competenze, un\u2019esperienza ricca e preziosa che potrete ora sfruttare a vostro vantaggio. Tutto questo bagaglio, aggiunto alla formazione iniziale e alle competenze che avete acquisito durante la vostra attivit\u00e0 professionale, potr\u00e0 essere riconosciuto attraverso il processo che pu\u00f2 condurvi all\u2019ottenimento di un attestato federale di capacit\u00e0 (AFC).<\/p>\n<p>Le procedure di qualifica per gli adulti sono di competenza dei Cantoni. Ogni Cantone ha sviluppato una propria offerta per le professioni che ha scelto. Il sito\u00a0<a href=\"http:\/\/www.orientation.ch\/dyn\/1027.aspx\" target=\"_blank\" rel=\"noopener noreferrer\" data-extlink=\"\">orientamento.ch<\/a>\u00a0dispone di una funzione di ricerca per Cantone delle professioni per le quali \u00e8 possibile far validare l\u2019esperienza acquisita.<\/p>\n<p>Le seguenti professioni, le cui formazioni sono per il momento disponibili solo in tedesco o in francese, potrebbero interessarvi:<\/p>\n<ul>\n<li>\n<p><a href=\"http:\/\/www.berufsberatung.ch\/dyn\/1311.aspx?id=1467&amp;highlighted=CURE|SOCIO|SANITARIE\" target=\"_blank\" rel=\"noopener noreferrer\" data-extlink=\"\">Addetta\/o alle cure socio sanitarie CFP<\/a><\/p>\n<\/li>\n<li>\n<p><a href=\"http:\/\/www.berufsberatung.ch\/dyn\/1311.aspx?id=947&amp;highlighted=SOCIOSANITARIA\" target=\"_blank\" rel=\"noopener noreferrer\" data-extlink=\"\">Operatore \/ operatrice sociosanitaria AFC<\/a><\/p>\n<\/li>\n<li>\n<p><a href=\"http:\/\/www.berufsberatung.ch\/dyn\/1311.aspx?id=1559\" target=\"_blank\" rel=\"noopener noreferrer\" data-extlink=\"\">Operatore\/operatrice \u00a0socioassistenziale AFC<\/a><\/p>\n<\/li>\n<li>\n<p><a href=\"http:\/\/www.berufsberatung.ch\/dyn\/1199.aspx?id=6196\" target=\"_blank\" rel=\"noopener noreferrer\" data-extlink=\"\">Fachfrau-mann Betreung EFZ<\/a><\/p>\n<\/li>\n<li>\n<p><a href=\"http:\/\/www.berufsberatung.ch\/dyn\/1199.aspx?id=3270&amp;highlighted=FACHFRAU|GESUNDHEIT\" target=\"_blank\" rel=\"noopener noreferrer\" data-extlink=\"\">Fachfrau-mann Gesundheit EFZ<\/a><\/p>\n<\/li>\n<\/ul>\n<p>[\/et_pb_text][et_pb_text _builder_version=&#8221;4.23&#8243; _module_preset=&#8221;default&#8221; hover_enabled=&#8221;0&#8243; global_colors_info=&#8221;{}&#8221; sticky_enabled=&#8221;0&#8243;]<\/p>\n<h2>La procedura di validazione degli apprendimenti in cinque fasi<\/h2>\n<p>La validazione dell\u2019esperienza \u00e8 disciplinata dagli articoli 30 e 31 dell\u2019ordinanza sulla formazione professionale OFPr e comporta una procedura in cinque fasi.<\/p>\n<ol>\n<li><strong>Informazione e portafoglio \u2013<\/strong>\u00a0Dopo la prima fase di ricerca delle informazioni e di consulenza, in particolare presso l\u2019ufficio cantonale della formazione professionale, redigete il vostro dossier di validazione, con o senza l\u2019aiuto di professionisti. \u00c8 la fase del \u00abportafoglio \u2013 bilancio delle competenze\u00bb illustrato prima.<\/li>\n<li><strong>Valutazione da parte di esperti<\/strong>\u00a0\u2013 Il vostro dossier \u00e8 valutato da esperti, per esempio dal<a href=\"http:\/\/www.arra.ch\/\" target=\"_blank\" rel=\"noopener noreferrer\" data-extlink=\"\">l\u2019Association pour la reconnaissance des acquis ARRA<\/a>\u00a0(solo francese), che vi fornir\u00e0 un rapporto di conformit\u00e0 del vostro portafoglio-bilancio delle competenze. Questo documento formale attesta la qualit\u00e0 del portafoglio presentato, in termini di procedure, di coerenza interna, di metodologia.\u00a0 Ne verifica anche la completezza. \u00a0<\/li>\n<li><strong>Colloquio di valutazione<\/strong>\u00a0\u2013 Dopo queste due prime tappe, sarete convocati a un colloquio di valutazione in cui gli esperti confronteranno le vostre conoscenze con il profilo di qualificazione della professione desiderata. Riceverete poi un attestato delle qualificazioni che precisa in dettaglio quali sono le vostre competenze operative professionali. Potete fermarvi qui: disponete infatti di un \u00abriconoscimento istituzionale degli apprendimenti non formali\u00bb che vi possono facilitare la ricerca di un lavoro o la gestione della vostra carriera professionale.<\/li>\n<li><strong>Lacune da colmare<\/strong>\u00a0\u2013 Nel corso di questa valutazione, gli esperti possono evidenziare delle lacune nelle vostre conoscenze: se l\u2019obiettivo \u00e8 la validazione e l\u2019ottenimento di un titolo, avrete cinque anni per completare il vostro profilo professionale attraverso una o pi\u00f9 formazioni complementari che possono assumere forme diverse (corsi in una scuola professionale, attestati pratici specifici).<\/li>\n<li><strong>Ottenimento dell\u2019AFC<\/strong>\u00a0\u2013 Superata quest\u2019ultima fase, e a condizione di soddisfare tutti i requisiti per l\u2019ottenimento del titolo di fine formazione professionale, conseguirete il vostro AFC.<\/li>\n<\/ol>\n<p>[\/et_pb_text][et_pb_text _builder_version=&#8221;4.23&#8243; _module_preset=&#8221;default&#8221; hover_enabled=&#8221;0&#8243; global_colors_info=&#8221;{}&#8221; sticky_enabled=&#8221;0&#8243;]<\/p>\n<h3>Da consultare<\/h3>\n<p><a href=\"http:\/\/www.arra.ch\/\" target=\"_blank\" rel=\"noopener noreferrer\" data-extlink=\"\">Association pour la reconnaissance des acquis ARRA<\/a><\/p>\n<p><a href=\"http:\/\/www.orientation.ch\/dyn\/52344.aspx\" target=\"_blank\" rel=\"noopener noreferrer\" data-extlink=\"\">orientamento.ch &#8211; Qualifica professionale per adulti<\/a>\u00a0(vedi al punto 2 Validazione degli apprendimenti acquisiti)<\/p>\n<p>Titoli di fine formazione professionale per adulti, del CSFO (vedi sotto Validazione dell\u2019esperienza acquisita)\u00a0<a href=\"http:\/\/www.fpa.formationprof.ch\/dyn\/8744.aspx\" target=\"_blank\" rel=\"noopener noreferrer\" data-extlink=\"\">www.fpa.formazioneprof.ch<\/a><\/p>\n<p><a href=\"http:\/\/www.adressen.sdbb.ch\/index.php?&amp;lang=i\" target=\"_blank\" rel=\"noopener noreferrer\" data-extlink=\"\">Indirizzi degli uffici della formazione professionale e dell\u2019orientamento professionale<\/a><\/p>\n<p>[\/et_pb_text][\/et_pb_column][\/et_pb_row][\/et_pb_section][et_pb_section fb_built=&#8221;1&#8243; _builder_version=&#8221;4.22.2&#8243; _module_preset=&#8221;default&#8221; locked=&#8221;off&#8221; global_colors_info=&#8221;{}&#8221;][et_pb_row column_structure=&#8221;1_2,1_2&#8243; make_equal=&#8221;on&#8221; _builder_version=&#8221;4.22.2&#8243; _module_preset=&#8221;default&#8221; global_colors_info=&#8221;{}&#8221;][et_pb_column type=&#8221;1_2&#8243; _builder_version=&#8221;4.22.2&#8243; _module_preset=&#8221;default&#8221; global_colors_info=&#8221;{}&#8221;][dsm_card title=&#8221;Quali organizzazioni possono sostenermi?&#8221; image_as_background=&#8221;off&#8221; image_width=&#8221;65px&#8221; button_text=&#8221;Vai&#8221; button_url=&#8221;@ET-DC@eyJkeW5hbWljIjp0cnVlLCJjb250ZW50IjoicG9zdF9saW5rX3VybF9wYWdlIiwic2V0dGluZ3MiOnsicG9zdF9pZCI6IjE1NiJ9fQ==@&#8221; _builder_version=&#8221;4.23&#8243; _dynamic_attributes=&#8221;button_url&#8221; _module_preset=&#8221;22631c59-47f6-4609-b450-b49e635932c7&#8243; global_module=&#8221;1176&#8243; locked=&#8221;off&#8221; global_colors_info=&#8221;{%22gcid-d2d5bf86-5243-4ce7-98d7-8b0210f7807d%22:%91%22button_bg_color%22,%22button_bg_color%22,%22button_bg_color%22,%22button_bg_color%22%93,%22gcid-f4756ec7-6c25-4361-8e7f-b089b7e08c10%22:%91%22header_text_color%22,%22icon_color%22,%22button_bg_color__hover%22,%22header_text_color%22,%22icon_color%22,%22header_text_color%22,%22icon_color%22%93}&#8221;]<\/p>\n<section id=\"block-bean-block-type-diaporama-fr-0\" class=\"block block-bean col-lg-6 clearfix\">\n<article about=\"\/fr\/block\/block-type-diaporama-fr-0\" class=\"entity entity-bean bean-block-type-homepage view-mode-default \">\n<div class=\"row\">\n<div class=\"col-sm-12 \">\n<div class=\"field field-name-field-body field-type-text-long field-label-hidden\">\n<div class=\"field-items\">\n<div class=\"field-item even\">\n<p>Grazie al repertorio nazionale degli indirizzi regionali, trova rapidamente gli indirizzi utili per le prestazioni che stai cercando.<\/p>\n<\/div>\n<\/div>\n<\/div>\n<\/div>\n<\/div>\n<\/article>\n<\/section>\n<p>[\/dsm_card][\/et_pb_column][et_pb_column type=&#8221;1_2&#8243; _builder_version=&#8221;4.22.2&#8243; _module_preset=&#8221;default&#8221; global_colors_info=&#8221;{}&#8221;][dsm_card title=&#8221;L&apos;essenziale in breve&#8221; image_as_background=&#8221;off&#8221; image_width=&#8221;60px&#8221; button_text=&#8221;Vai&#8221; button_url=&#8221;@ET-DC@eyJkeW5hbWljIjp0cnVlLCJjb250ZW50IjoicG9zdF9saW5rX3VybF9wYWdlIiwic2V0dGluZ3MiOnsicG9zdF9pZCI6IjgzNSJ9fQ==@&#8221; _builder_version=&#8221;4.23&#8243; _dynamic_attributes=&#8221;button_url&#8221; _module_preset=&#8221;22631c59-47f6-4609-b450-b49e635932c7&#8243; button_bg_color=&#8221;gcid-d2d5bf86-5243-4ce7-98d7-8b0210f7807d&#8221; border_color_bottom=&#8221;gcid-f4756ec7-6c25-4361-8e7f-b089b7e08c10&#8243; global_module=&#8221;1174&#8243; locked=&#8221;off&#8221; global_colors_info=&#8221;{%22gcid-d2d5bf86-5243-4ce7-98d7-8b0210f7807d%22:%91%22button_bg_color%22,%22button_bg_color%22,%22button_bg_color%22,%22button_bg_color%22,%22button_bg_color%22,%22button_bg_color%22,%22button_bg_color%22,%22button_bg_color%22,%22button_bg_color%22,%22button_bg_color%22,%22button_bg_color%22,%22button_bg_color%22,%22button_bg_color%22,%22button_bg_color%22%93,%22gcid-f4756ec7-6c25-4361-8e7f-b089b7e08c10%22:%91%22header_text_color%22,%22border_color_bottom%22,%22icon_color%22,%22button_bg_color__hover%22,%22header_text_color%22,%22border_color_bottom%22,%22icon_color%22,%22button_bg_color__hover%22,%22header_text_color%22,%22border_color_bottom%22,%22icon_color%22,%22header_text_color%22,%22border_color_bottom%22,%22icon_color%22,%22header_text_color%22,%22icon_color%22,%22button_bg_color__hover%22,%22header_text_color%22,%22icon_color%22,%22header_text_color%22,%22icon_color%22,%22header_text_color%22,%22border_color_bottom%22,%22icon_color%22,%22button_bg_color__hover%22,%22header_text_color%22,%22border_color_bottom%22,%22icon_color%22,%22header_text_color%22,%22border_color_bottom%22,%22icon_color%22%93,%22gcid-9c204239-61ba-4b60-8792-0fda9b6cbe65%22:%91%22background_color%22,%22background_color%22,%22background_color%22,%22background_color%22,%22background_color%22,%22background_color%22,%22background_color%22,%22background_color%22,%22background_color%22,%22background_color%22,%22background_color%22,%22background_color%22,%22background_color%22,%22background_color%22%93}&#8221;]<\/p>\n<section id=\"block-bean-block-type-diaporama-fr-0\" class=\"block block-bean col-lg-6 clearfix\">\n<article about=\"\/fr\/block\/block-type-diaporama-fr-0\" class=\"entity entity-bean bean-block-type-homepage view-mode-default \">\n<div class=\"row\">\n<div class=\"col-sm-12 \">\n<div class=\"field field-name-field-body field-type-text-long field-label-hidden\">\n<div class=\"field-items\">\n<div class=\"field-item even\">\n<p><span>I 3 aspetti principali da conoscere fin dall&#8217;inizio quando si lavora e si diventa caregiver.<\/span><\/p>\n<\/div>\n<\/div>\n<\/div>\n<\/div>\n<\/div>\n<\/article>\n<\/section>\n<p>[\/dsm_card][\/et_pb_column][\/et_pb_row][\/et_pb_section]<\/p>\n","protected":false},"excerpt":{"rendered":"<p><div class=\"et_pb_module dsm_breadcrumbs dsm_breadcrumbs_0\">\n\t\t\t\t\n\t\t\t\t\n\t\t\t\t\n\t\t\t\t\n\t\t\t\t\n\t\t\t\t\n\t\t\t\t<div class=\"et_pb_module_inner\">\n\t\t\t\t\t<nav class=\"dsm_breadcrumbs_wrap\">\n\t\t\t\t<ul class=\"dsm_breadcrumbs\" itemscope itemtype=\"https:\/\/schema.org\/BreadcrumbList\">\t\t\t<li class=\"dsm_breadcrumbs_item dsm_home_item dsm_home_item_custom\" itemprop=\"itemListElement\" itemscope\n\t\t\titemtype=\"https:\/\/schema.org\/ListItem\">\n\t\t\t\t<a href=\"https:\/\/info-workcare.ch\/it\/\" itemprop=\"item\" target=\"\">\n\t\t\t\t\t<span class='dsm_home_text_wrapper'>\n\t\t\t\t\t\t\t\t\t\t\t\t\t<span class=\"et-pb-icon dsm_home_icon\">&#xf015;<\/span>\n\t\t\t\t\t\t\t\t\t\t\t\t\t<span class=\"dsm_home_text\" itemprop=\"name\">\n\t\t\t\t\t\t\t\tHome\t\t\t\t\t\t\t<\/span>\n\t\t\t\t\t<\/span>\n\t\t\t\t<\/a>\n\t\t\t\t<meta itemprop=\"position\" content=\"1\" \/>\n\t\t\t<\/li>\n\n\t\t<li class=\"dsm_breadcrumbs_separator\"> <span class=\"et-pb-icon dsm_separator_icon\">&#x45;<\/span><\/li><br \/>\n<b>Warning<\/b>:  Attempt to read property \"term_id\" on null in <b>\/home\/clients\/6a20a99fd8dba08e5419d7dffd9e1be6\/sites\/info-workcare.ch\/wp-content\/plugins\/supreme-modules-pro-for-divi\/includes\/modules\/Breadcrumbs\/Breadcrumbs.php<\/b> on line <b>705<\/b><br \/>\n<\/ul>\n\t\t\t<\/nav>\n\t\t\t\t<\/div>\n\t\t\t<\/div><div class=\"et_pb_with_border et_pb_module dsm_menu dsm_menu_0 et_pb_sticky_module  et_pb_text_align_left et_pb_bg_layout_light\">\n\t\t\t\t\n\t\t\t\t\n\t\t\t\t\n\t\t\t\t\n\t\t\t\t\n\t\t\t\t\n\t\t\t\t<div class=\"et_pb_module_inner\">\n\t\t\t\t\t<h3 class=\"dsm-menu-title et_pb_module_header\">Selezionare un argomento<\/h3><nav class=\"dsm-menu-container\" role=navigation itemscope itemtype=http:\/\/schema.org\/SiteNavigationElement><ul id=\"menu-menu-formations-fr\" class=\"dsm-menu dsm-menu-style-type-none dsm-menu-layout-vertical dsm-menu-submenu-collapse\"><li id=\"menu-item-938\" class=\"et_pb_menu_page_id-933 menu-item menu-item-type-post_type menu-item-object-page menu-item-938\"><a href=\"https:\/\/info-workcare.ch\/formation\/des-cours-pour-vous-perfectionner\/\" itemprop=\"url\"><span itemprop=\"name\">Perfezionamento<\/span><\/a><\/li>\n<li id=\"menu-item-944\" class=\"et_pb_menu_page_id-939 menu-item menu-item-type-post_type menu-item-object-page menu-item-944\"><a href=\"https:\/\/info-workcare.ch\/formation\/faire-votre-bilan-de-competences\/\" itemprop=\"url\"><span itemprop=\"name\">Fare un bilancio delle competenze<\/span><\/a><\/li>\n<li id=\"menu-item-950\" class=\"et_pb_menu_page_id-945 menu-item menu-item-type-post_type menu-item-object-page menu-item-950\"><a href=\"https:\/\/info-workcare.ch\/formation\/faire-valider-votre-experience\/\" itemprop=\"url\"><span itemprop=\"name\">Far validare la vostra esperienza<\/span><\/a><\/li>\n<li id=\"menu-item-956\" class=\"et_pb_menu_page_id-951 menu-item menu-item-type-post_type menu-item-object-page menu-item-956\"><a href=\"https:\/\/info-workcare.ch\/formation\/suivre-une-formation-certifiante\/\" itemprop=\"url\"><span itemprop=\"name\">Seguire una formazione attestata da un certificato<\/span><\/a><\/li>\n<\/ul><\/nav>\n\t\t\t\t<\/div>\n\t\t\t<\/div>Valorizzare l\u2019esperienza Avete accompagnato, sostenuto, aiutato e\/o curato un vostro caro per un lungo periodo? Avete sicuramente accumulato conoscenze e competenze, un\u2019esperienza ricca e preziosa che potrete ora sfruttare a vostro vantaggio. Tutto questo bagaglio, aggiunto alla formazione iniziale e alle competenze che avete acquisito durante la vostra attivit\u00e0 professionale, potr\u00e0 essere riconosciuto attraverso il processo che pu\u00f2 condurvi all\u2019ottenimento di un attestato federale di capacit\u00e0 (AFC). Le procedure di qualifica per gli adulti sono di competenza dei Cantoni. Ogni Cantone ha sviluppato una propria offerta per le professioni che ha scelto. Il sito\u00a0orientamento.ch\u00a0dispone di una funzione di ricerca per Cantone delle professioni per le quali \u00e8 possibile far validare l\u2019esperienza acquisita. Le seguenti professioni, le cui formazioni sono per il momento disponibili solo in tedesco o in francese, potrebbero interessarvi: Addetta\/o alle cure socio sanitarie CFP Operatore \/ operatrice sociosanitaria AFC Operatore\/operatrice \u00a0socioassistenziale AFC Fachfrau-mann Betreung EFZ Fachfrau-mann Gesundheit EFZ La procedura di validazione degli apprendimenti in cinque fasi La validazione dell\u2019esperienza \u00e8 disciplinata dagli articoli 30 e 31 dell\u2019ordinanza sulla formazione [&hellip;]<\/p>\n","protected":false},"author":1,"featured_media":0,"parent":2475,"menu_order":0,"comment_status":"closed","ping_status":"closed","template":"","meta":{"_et_pb_use_builder":"on","_et_pb_old_content":"","_et_gb_content_width":"","inline_featured_image":false,"footnotes":""},"class_list":["post-2498","page","type-page","status-publish","hentry"],"jetpack_sharing_enabled":true,"_links":{"self":[{"href":"https:\/\/info-workcare.ch\/it\/wp-json\/wp\/v2\/pages\/2498","targetHints":{"allow":["GET"]}}],"collection":[{"href":"https:\/\/info-workcare.ch\/it\/wp-json\/wp\/v2\/pages"}],"about":[{"href":"https:\/\/info-workcare.ch\/it\/wp-json\/wp\/v2\/types\/page"}],"author":[{"embeddable":true,"href":"https:\/\/info-workcare.ch\/it\/wp-json\/wp\/v2\/users\/1"}],"replies":[{"embeddable":true,"href":"https:\/\/info-workcare.ch\/it\/wp-json\/wp\/v2\/comments?post=2498"}],"version-history":[{"count":5,"href":"https:\/\/info-workcare.ch\/it\/wp-json\/wp\/v2\/pages\/2498\/revisions"}],"predecessor-version":[{"id":2858,"href":"https:\/\/info-workcare.ch\/it\/wp-json\/wp\/v2\/pages\/2498\/revisions\/2858"}],"up":[{"embeddable":true,"href":"https:\/\/info-workcare.ch\/it\/wp-json\/wp\/v2\/pages\/2475"}],"wp:attachment":[{"href":"https:\/\/info-workcare.ch\/it\/wp-json\/wp\/v2\/media?parent=2498"}],"curies":[{"name":"wp","href":"https:\/\/api.w.org\/{rel}","templated":true}]}}