{"id":2482,"date":"2023-11-02T16:47:14","date_gmt":"2023-11-02T15:47:14","guid":{"rendered":"https:\/\/info-workcare.ch\/formazione\/des-cours-pour-vous-perfectionner\/"},"modified":"2025-09-18T14:27:02","modified_gmt":"2025-09-18T12:27:02","slug":"perfezionamento","status":"publish","type":"page","link":"https:\/\/info-workcare.ch\/it\/formazione\/perfezionamento\/","title":{"rendered":"Perfezionamento"},"content":{"rendered":"<p>[et_pb_section fb_built=&#8221;1&#8243; _builder_version=&#8221;4.23&#8243; _module_preset=&#8221;default&#8221; background_color=&#8221;gcid-9c204239-61ba-4b60-8792-0fda9b6cbe65&#8243; use_background_color_gradient=&#8221;on&#8221; background_color_gradient_direction=&#8221;90deg&#8221; background_color_gradient_stops=&#8221;#e5edf4 0%|rgba(229,237,244,0) 35%&#8221; background_color_gradient_overlays_image=&#8221;on&#8221; background_image=&#8221;https:\/\/info-workcare.ch\/wp-content\/uploads\/2023\/11\/social-worker-taking-care-senior-woman-scaled-e1698944009478.jpg&#8221; background_size=&#8221;custom&#8221; background_image_width=&#8221;50%&#8221; background_position=&#8221;top_right&#8221; custom_padding=&#8221;3rem||3rem||true|false&#8221; background_last_edited=&#8221;on|desktop&#8221; background_enable_image_tablet=&#8221;off&#8221; global_module=&#8221;966&#8243; saved_tabs=&#8221;all&#8221; locked=&#8221;off&#8221; global_colors_info=&#8221;{%22gcid-9c204239-61ba-4b60-8792-0fda9b6cbe65%22:%91%22background_color%22%93}&#8221;][et_pb_row _builder_version=&#8221;4.22.2&#8243; _module_preset=&#8221;default&#8221; global_colors_info=&#8221;{}&#8221;][et_pb_column type=&#8221;4_4&#8243; _builder_version=&#8221;4.22.2&#8243; _module_preset=&#8221;default&#8221; global_colors_info=&#8221;{}&#8221;][et_pb_text _builder_version=&#8221;4.23&#8243; _dynamic_attributes=&#8221;content&#8221; _module_preset=&#8221;default&#8221; header_text_color=&#8221;gcid-f4756ec7-6c25-4361-8e7f-b089b7e08c10&#8243; header_2_text_color=&#8221;gcid-f4756ec7-6c25-4361-8e7f-b089b7e08c10&#8243; custom_margin=&#8221;||10px||false|false&#8221; custom_padding=&#8221;||||false|false&#8221; global_colors_info=&#8221;{%22gcid-f4756ec7-6c25-4361-8e7f-b089b7e08c10%22:%91%22header_text_color%22,%22header_2_text_color%22%93}&#8221;]@ET-DC@eyJkeW5hbWljIjp0cnVlLCJjb250ZW50IjoicG9zdF90aXRsZSIsInNldHRpbmdzIjp7ImJlZm9yZSI6IjxoMT4iLCJhZnRlciI6IjwvaDE+In19@[\/et_pb_text][et_pb_button button_url=&#8221;#vai&#8221; button_text=&#8221;Vai&#8221; _builder_version=&#8221;4.22.2&#8243; _module_preset=&#8221;eef9f03a-7744-4384-a412-ccf9198c1f25&#8243; global_colors_info=&#8221;{}&#8221;][\/et_pb_button][\/et_pb_column][\/et_pb_row][\/et_pb_section][et_pb_section fb_built=&#8221;1&#8243; _builder_version=&#8221;4.22.2&#8243; _module_preset=&#8221;default&#8221; background_color=&#8221;#FFFFFF&#8221; custom_padding=&#8221;0px||0px|||&#8221; global_module=&#8221;1850&#8243; locked=&#8221;off&#8221; global_colors_info=&#8221;{}&#8221;][et_pb_row _builder_version=&#8221;4.22.2&#8243; _module_preset=&#8221;default&#8221; custom_padding=&#8221;2rem||2rem||true|false&#8221; global_colors_info=&#8221;{}&#8221;][et_pb_column type=&#8221;4_4&#8243; _builder_version=&#8221;4.22.2&#8243; _module_preset=&#8221;default&#8221; global_colors_info=&#8221;{}&#8221;][dsm_breadcrumbs home_icon=&#8221;&#xf015;||fa||900&#8243; separator_icon=&#8221;&#x45;||divi||400&#8243; current_padding=&#8221;||||true|true&#8221; _builder_version=&#8221;4.23&#8243; _module_preset=&#8221;default&#8221; items_font=&#8221;|700|||||||&#8221; items_text_color=&#8221;gcid-f4756ec7-6c25-4361-8e7f-b089b7e08c10&#8243; home_icon_text_color=&#8221;gcid-f4756ec7-6c25-4361-8e7f-b089b7e08c10&#8243; separators_text_color=&#8221;gcid-f4756ec7-6c25-4361-8e7f-b089b7e08c10&#8243; current_text_color=&#8221;gcid-3c806b9a-aa2d-46da-be86-b310ce4f6f7d&#8221; global_colors_info=&#8221;{%22gcid-3c806b9a-aa2d-46da-be86-b310ce4f6f7d%22:%91%22current_text_color%22%93,%22gcid-f4756ec7-6c25-4361-8e7f-b089b7e08c10%22:%91%22home_icon_text_color%22,%22items_text_color%22,%22separators_text_color%22%93}&#8221;][\/dsm_breadcrumbs][\/et_pb_column][\/et_pb_row][\/et_pb_section][et_pb_section fb_built=&#8221;1&#8243; module_id=&#8221;vai&#8221; _builder_version=&#8221;4.23&#8243; _module_preset=&#8221;default&#8221; custom_padding=&#8221;0px||0px|||&#8221; global_colors_info=&#8221;{}&#8221;][et_pb_row column_structure=&#8221;1_3,2_3&#8243; _builder_version=&#8221;4.22.2&#8243; _module_preset=&#8221;default&#8221; global_colors_info=&#8221;{}&#8221;][et_pb_column type=&#8221;1_3&#8243; _builder_version=&#8221;4.22.2&#8243; _module_preset=&#8221;default&#8221; global_colors_info=&#8221;{}&#8221;][dsm_menu title=&#8221;Selezionare un argomento&#8221; menu_id=&#8221;12&#8243; submenu_collapse=&#8221;on&#8221; _builder_version=&#8221;4.23&#8243; _module_preset=&#8221;default&#8221; border_color_right=&#8221;gcid-9c204239-61ba-4b60-8792-0fda9b6cbe65&#8243; global_module=&#8221;2092&#8243; saved_tabs=&#8221;all&#8221; locked=&#8221;off&#8221; global_colors_info=&#8221;{%22gcid-f4756ec7-6c25-4361-8e7f-b089b7e08c10%22:%91%22menu_link_text_color%22,%22submenu_arrow_color%22%93,%22gcid-d2d5bf86-5243-4ce7-98d7-8b0210f7807d%22:%91%22active_link_color%22,%22menu_link_text_active_color%22%93,%22gcid-9c204239-61ba-4b60-8792-0fda9b6cbe65%22:%91%22border_color_right%22%93}&#8221;][\/dsm_menu][\/et_pb_column][et_pb_column type=&#8221;2_3&#8243; _builder_version=&#8221;4.22.2&#8243; _module_preset=&#8221;default&#8221; global_colors_info=&#8221;{}&#8221;][et_pb_text _builder_version=&#8221;4.27.0&#8243; _module_preset=&#8221;default&#8221; global_colors_info=&#8221;{}&#8221;]<\/p>\n<h2>Corsi specializzati per caregiver e familiari assisti<\/h2>\n<p>Diverse organizzazioni operanti a livello svizzero propongono dei corsi mirati per caregiver.<\/p>\n<p>Ci\u00f2 vale per le quattro principali associazioni del Paese, ossia l\u2019Associazione Alzheimer Svizzera, Caritas, la Croce Rossa e Pro Infirmis (vedi link qui di seguito). Ma anche altri organismi ne propongono. Consultare le <a href=\"https:\/\/info-workcare.ch\/it\/indirizzi-utili\/\">indirizzi utili<\/a>.<\/p>\n<p>Se i vostri familiari non sono pi\u00f9 in grado di leggere, saranno forse contenti di ascoltare la lettura di un libro fatta da voi o da un volontario. La\u00a0<a href=\"http:\/\/www.unitas.ch\/home\/index.php?lang=it&amp;mainID=1&amp;subMenu=0&amp;pagId=7&amp;mainPagID=8\" target=\"_blank\" rel=\"noopener noreferrer\" data-extlink=\"\">Biblioteca Braille e del libro parlato<\/a>\u00a0offre la possibilit\u00e0 di diventare donatore di voce volontario. Mette a disposizione gratuitamente ai non vedenti, ipovedenti o coloro che non sono in grado di leggere per un qualsiasi handicap oltre 3500 libri registrati dai suoi lettori volontari e di 600 a grandi caratteri.<\/p>\n<p>[\/et_pb_text][et_pb_text _builder_version=&#8221;4.23&#8243; _module_preset=&#8221;default&#8221; global_colors_info=&#8221;{}&#8221;]<\/p>\n<h2>Corsi specifici per persone attive professionalmente<\/h2>\n<p>I sindacati offrono delle possibilit\u00e0 di formazione continua interessanti per i caregiver che lavorano.<\/p>\n<p><a href=\"http:\/\/formation-arc.ch\/fr\/\" target=\"_blank\" rel=\"noopener noreferrer\" data-extlink=\"\">L\u2019institut de formation-ARC.Suisse<\/a>\u00a0di Travail.Suisse propone corsi soprattutto alle persone attive professionalmente. Il programma \u00e8 disponibile online.<\/p>\n<p>L\u2019istituto di formazione\u00a0<a href=\"http:\/\/www.movendo.ch\/fr\/home\/startseite.htm\" target=\"_blank\" rel=\"noopener noreferrer\" data-extlink=\"\">movendo<\/a>\u00a0\u00e8 l\u2019omologo dell\u2019Institut de formation-Arc.Suisse per gli iscritti all\u2019Unione Sindacale Svizzera.<\/p>\n<p>[\/et_pb_text][et_pb_text _builder_version=&#8221;4.27.0&#8243; _module_preset=&#8221;default&#8221; global_colors_info=&#8221;{}&#8221;]<\/p>\n<h3>Da consultare<\/h3>\n<p><a href=\"https:\/\/info-workcare.ch\/it\/indirizzi-utili\/\">Indirizzi utili<\/a><\/p>\n<p><a href=\"http:\/\/formation-arc.ch\/fr\/\" target=\"_blank\" rel=\"noopener noreferrer\" data-extlink=\"\">Institut de formation ARC.Suisse<\/a>\u2013 corsi di perfezionamento per gli iscritti ai sindacati aderenti a Travail.Suisse e per tutte le persone interessate.<\/p>\n<p><a href=\"http:\/\/www.movendo.ch\/fr\/home\/startseite.htm\" target=\"_blank\" rel=\"noopener noreferrer\" data-extlink=\"\">Istituto di formazione movendo<\/a>\u00a0&#8211; corsi di perfezionamento per gli iscritti ai sindacati aderenti all\u2019USS e per tutte le persone interessate.<\/p>\n<p><a href=\"http:\/\/www.sgg-ssg.ch\/cms\/pages\/it\/formazione-continua.php\" target=\"_blank\" rel=\"noopener noreferrer\" data-extlink=\"\">Societ\u00e0 svizzera di gerontologia SSG<\/a>\u00a0&#8211; corsi di formazione professionale continua gerontologica.<\/p>\n<p><strong>L\u2019Associazione Alzheimer Svizzera<\/strong>\u00a0organizza ogni anno un\u00a0<a href=\"http:\/\/www.alz.ch\/index.php\/corsi.html\" target=\"_blank\" rel=\"noopener noreferrer\" data-extlink=\"\">seminario di aggiornamento<\/a>\u00a0in tedesco e uno in francese. La documentazione relativa agli ultimi corsi \u00e8 disponibile online.<\/p>\n<p><a href=\"https:\/\/www.caritas.ch\/fr\/nos-actions\/en-suisse\/integration\/offres-de-formation\/\" target=\"_blank\" rel=\"noopener noreferrer\" data-extlink=\"\"><strong>Caritas <\/strong><\/a>offre diversi aggiornamenti, formazioni e corsi nell\u2019ambito delle sue numerose attivit\u00e0 nel campo della lotta contro la povert\u00e0 e dell\u2019integrazione. I corsi variano a seconda dell\u2019organizzazione regionale.<\/p>\n<p><strong>La Croce Rossa\u00a0<\/strong>propone corsi di diversa natura. Consultate il sito\u00a0\u00a0<a href=\"https:\/\/www.redcross-edu.ch\/it\/\" target=\"_blank\" rel=\"noopener noreferrer\" data-extlink=\"\">https:\/\/www.redcross-edu.ch\/it\/<\/a>\u00a0per trovare un corso nelle vostre vicinanze.<\/p>\n<ul>\n<li>Destinato ai caregiver, il corso\u00a0<a href=\"https:\/\/www.redcross.ch\/fr\/node\/5686\" target=\"_blank\" rel=\"noopener noreferrer\" data-extlink=\"\">Passage CRS<\/a>\u00a0\u00e8 una formazione in cure palliative per accompagnare nel miglior modo possibile i malati gravi o terminali.<\/li>\n<\/ul>\n<ul>\n<li>La Croce Rossa offre una\u00a0<a href=\"https:\/\/www.redcross.ch\/fr\/node\/5687\" target=\"_blank\" rel=\"noopener noreferrer\" data-extlink=\"\">formazione di collaboratrice sanitaria CRS<\/a>, una solida base per lavorare nel settore delle cure.<\/li>\n<\/ul>\n<p><a href=\"http:\/\/www.proinfirmis.ch\/fr\/pro-infirmis\/prestations-de-services\/centres-de-formation-continue.html\" target=\"_blank\" rel=\"noopener noreferrer\" data-extlink=\"\"><strong>Pro Infirmis<\/strong><\/a>\u00a0propone dei corsi per adulti con deficit intellettuale o difficolt\u00e0 di apprendimento. La formazione \u00e8 intesa ad aiutare i partecipanti ad acquisire pi\u00f9 competenze nell\u2019organizzazione della loro vita. L\u2019offerta varia a seconda dell\u2019organizzazione regionale.<\/p>\n<p>[\/et_pb_text][\/et_pb_column][\/et_pb_row][\/et_pb_section][et_pb_section fb_built=&#8221;1&#8243; _builder_version=&#8221;4.22.2&#8243; _module_preset=&#8221;default&#8221; locked=&#8221;off&#8221; global_colors_info=&#8221;{}&#8221;][et_pb_row column_structure=&#8221;1_2,1_2&#8243; make_equal=&#8221;on&#8221; _builder_version=&#8221;4.22.2&#8243; _module_preset=&#8221;default&#8221; global_colors_info=&#8221;{}&#8221;][et_pb_column type=&#8221;1_2&#8243; _builder_version=&#8221;4.22.2&#8243; _module_preset=&#8221;default&#8221; global_colors_info=&#8221;{}&#8221;][dsm_card title=&#8221;Quali organizzazioni possono sostenermi?&#8221; image_as_background=&#8221;off&#8221; image_width=&#8221;65px&#8221; button_text=&#8221;Vai&#8221; button_url=&#8221;@ET-DC@eyJkeW5hbWljIjp0cnVlLCJjb250ZW50IjoicG9zdF9saW5rX3VybF9wYWdlIiwic2V0dGluZ3MiOnsicG9zdF9pZCI6IjE1NiJ9fQ==@&#8221; _builder_version=&#8221;4.23&#8243; _dynamic_attributes=&#8221;button_url&#8221; _module_preset=&#8221;22631c59-47f6-4609-b450-b49e635932c7&#8243; global_module=&#8221;1176&#8243; locked=&#8221;off&#8221; global_colors_info=&#8221;{%22gcid-d2d5bf86-5243-4ce7-98d7-8b0210f7807d%22:%91%22button_bg_color%22,%22button_bg_color%22,%22button_bg_color%22,%22button_bg_color%22%93,%22gcid-f4756ec7-6c25-4361-8e7f-b089b7e08c10%22:%91%22header_text_color%22,%22icon_color%22,%22button_bg_color__hover%22,%22header_text_color%22,%22icon_color%22,%22header_text_color%22,%22icon_color%22%93}&#8221;]<\/p>\n<section id=\"block-bean-block-type-diaporama-fr-0\" class=\"block block-bean col-lg-6 clearfix\">\n<article about=\"\/fr\/block\/block-type-diaporama-fr-0\" class=\"entity entity-bean bean-block-type-homepage view-mode-default \">\n<div class=\"row\">\n<div class=\"col-sm-12 \">\n<div class=\"field field-name-field-body field-type-text-long field-label-hidden\">\n<div class=\"field-items\">\n<div class=\"field-item even\">\n<p>Grazie al repertorio nazionale degli indirizzi regionali, trova rapidamente gli indirizzi utili per le prestazioni che stai cercando.<\/p>\n<\/div>\n<\/div>\n<\/div>\n<\/div>\n<\/div>\n<\/article>\n<\/section>\n<p>[\/dsm_card][\/et_pb_column][et_pb_column type=&#8221;1_2&#8243; _builder_version=&#8221;4.22.2&#8243; _module_preset=&#8221;default&#8221; global_colors_info=&#8221;{}&#8221;][dsm_card title=&#8221;L&#8217;essenziale in breve&#8221; image_as_background=&#8221;off&#8221; image_width=&#8221;60px&#8221; button_text=&#8221;Vai&#8221; button_url=&#8221;@ET-DC@eyJkeW5hbWljIjp0cnVlLCJjb250ZW50IjoicG9zdF9saW5rX3VybF9wYWdlIiwic2V0dGluZ3MiOnsicG9zdF9pZCI6IjgzNSJ9fQ==@&#8221; admin_label=&#8221;row&#8221; _builder_version=&#8221;4.27.0&#8243; _dynamic_attributes=&#8221;button_url&#8221; _module_preset=&#8221;22631c59-47f6-4609-b450-b49e635932c7&#8243; background_size=&#8221;initial&#8221; background_position=&#8221;top_left&#8221; background_repeat=&#8221;repeat&#8221; custom_padding=&#8221;|||&#8221; hover_enabled=&#8221;0&#8243; border_color_bottom=&#8221;gcid-f4756ec7-6c25-4361-8e7f-b089b7e08c10&#8243; global_module=&#8221;1174&#8243; locked=&#8221;off&#8221; global_colors_info=&#8221;{%22gcid-d2d5bf86-5243-4ce7-98d7-8b0210f7807d%22:%91%22button_bg_color%22,%22button_bg_color%22,%22button_bg_color%22,%22button_bg_color%22,%22button_bg_color%22,%22button_bg_color%22,%22button_bg_color%22,%22button_bg_color%22,%22button_bg_color%22,%22button_bg_color%22,%22button_bg_color%22,%22button_bg_color%22,%22button_bg_color%22,%22button_bg_color%22%93,%22gcid-f4756ec7-6c25-4361-8e7f-b089b7e08c10%22:%91%22header_text_color%22,%22border_color_bottom%22,%22icon_color%22,%22button_bg_color__hover%22,%22header_text_color%22,%22border_color_bottom%22,%22icon_color%22,%22button_bg_color__hover%22,%22header_text_color%22,%22border_color_bottom%22,%22icon_color%22,%22header_text_color%22,%22border_color_bottom%22,%22icon_color%22,%22header_text_color%22,%22icon_color%22,%22button_bg_color__hover%22,%22header_text_color%22,%22icon_color%22,%22header_text_color%22,%22icon_color%22,%22header_text_color%22,%22border_color_bottom%22,%22icon_color%22,%22button_bg_color__hover%22,%22header_text_color%22,%22border_color_bottom%22,%22icon_color%22,%22header_text_color%22,%22border_color_bottom%22,%22icon_color%22%93,%22gcid-9c204239-61ba-4b60-8792-0fda9b6cbe65%22:%91%22background_color%22,%22background_color%22,%22background_color%22,%22background_color%22,%22background_color%22,%22background_color%22,%22background_color%22,%22background_color%22,%22background_color%22,%22background_color%22,%22background_color%22,%22background_color%22,%22background_color%22,%22background_color%22%93}&#8221; sticky_enabled=&#8221;0&#8243;][\/dsm_card][\/et_pb_column][\/et_pb_row][\/et_pb_section]<\/p>\n","protected":false},"excerpt":{"rendered":"<p><div class=\"et_pb_module dsm_breadcrumbs dsm_breadcrumbs_0\">\n\t\t\t\t\n\t\t\t\t\n\t\t\t\t\n\t\t\t\t\n\t\t\t\t\n\t\t\t\t\n\t\t\t\t<div class=\"et_pb_module_inner\">\n\t\t\t\t\t<nav class=\"dsm_breadcrumbs_wrap\">\n\t\t\t\t<ul class=\"dsm_breadcrumbs\" itemscope itemtype=\"https:\/\/schema.org\/BreadcrumbList\">\t\t\t<li class=\"dsm_breadcrumbs_item dsm_home_item dsm_home_item_custom\" itemprop=\"itemListElement\" itemscope\n\t\t\titemtype=\"https:\/\/schema.org\/ListItem\">\n\t\t\t\t<a href=\"https:\/\/info-workcare.ch\/it\/\" itemprop=\"item\" target=\"\">\n\t\t\t\t\t<span class='dsm_home_text_wrapper'>\n\t\t\t\t\t\t\t\t\t\t\t\t\t<span class=\"et-pb-icon dsm_home_icon\">&#xf015;<\/span>\n\t\t\t\t\t\t\t\t\t\t\t\t\t<span class=\"dsm_home_text\" itemprop=\"name\">\n\t\t\t\t\t\t\t\tHome\t\t\t\t\t\t\t<\/span>\n\t\t\t\t\t<\/span>\n\t\t\t\t<\/a>\n\t\t\t\t<meta itemprop=\"position\" content=\"1\" \/>\n\t\t\t<\/li>\n\n\t\t<li class=\"dsm_breadcrumbs_separator\"> <span class=\"et-pb-icon dsm_separator_icon\">&#x45;<\/span><\/li><br \/>\n<b>Warning<\/b>:  Attempt to read property \"term_id\" on null in <b>\/home\/clients\/6a20a99fd8dba08e5419d7dffd9e1be6\/sites\/info-workcare.ch\/wp-content\/plugins\/supreme-modules-pro-for-divi\/includes\/modules\/Breadcrumbs\/Breadcrumbs.php<\/b> on line <b>705<\/b><br \/>\n<\/ul>\n\t\t\t<\/nav>\n\t\t\t\t<\/div>\n\t\t\t<\/div><div class=\"et_pb_with_border et_pb_module dsm_menu dsm_menu_0 et_pb_sticky_module  et_pb_text_align_left et_pb_bg_layout_light\">\n\t\t\t\t\n\t\t\t\t\n\t\t\t\t\n\t\t\t\t\n\t\t\t\t\n\t\t\t\t\n\t\t\t\t<div class=\"et_pb_module_inner\">\n\t\t\t\t\t<h3 class=\"dsm-menu-title et_pb_module_header\">Selezionare un argomento<\/h3><nav class=\"dsm-menu-container\" role=navigation itemscope itemtype=http:\/\/schema.org\/SiteNavigationElement><ul id=\"menu-menu-formations-fr\" class=\"dsm-menu dsm-menu-style-type-none dsm-menu-layout-vertical dsm-menu-submenu-collapse\"><li id=\"menu-item-938\" class=\"et_pb_menu_page_id-933 menu-item menu-item-type-post_type menu-item-object-page menu-item-938\"><a href=\"https:\/\/info-workcare.ch\/formation\/des-cours-pour-vous-perfectionner\/\" itemprop=\"url\"><span itemprop=\"name\">Perfezionamento<\/span><\/a><\/li>\n<li id=\"menu-item-944\" class=\"et_pb_menu_page_id-939 menu-item menu-item-type-post_type menu-item-object-page menu-item-944\"><a href=\"https:\/\/info-workcare.ch\/formation\/faire-votre-bilan-de-competences\/\" itemprop=\"url\"><span itemprop=\"name\">Fare un bilancio delle competenze<\/span><\/a><\/li>\n<li id=\"menu-item-950\" class=\"et_pb_menu_page_id-945 menu-item menu-item-type-post_type menu-item-object-page menu-item-950\"><a href=\"https:\/\/info-workcare.ch\/formation\/faire-valider-votre-experience\/\" itemprop=\"url\"><span itemprop=\"name\">Far validare la vostra esperienza<\/span><\/a><\/li>\n<li id=\"menu-item-956\" class=\"et_pb_menu_page_id-951 menu-item menu-item-type-post_type menu-item-object-page menu-item-956\"><a href=\"https:\/\/info-workcare.ch\/formation\/suivre-une-formation-certifiante\/\" itemprop=\"url\"><span itemprop=\"name\">Seguire una formazione attestata da un certificato<\/span><\/a><\/li>\n<\/ul><\/nav>\n\t\t\t\t<\/div>\n\t\t\t<\/div>Corsi specializzati per caregiver e familiari assisti Diverse organizzazioni operanti a livello svizzero propongono dei corsi mirati per caregiver. Ci\u00f2 vale per le quattro principali associazioni del Paese, ossia l\u2019Associazione Alzheimer Svizzera, Caritas, la Croce Rossa e Pro Infirmis (vedi link qui di seguito). Ma anche altri organismi ne propongono. Consultare le indirizzi utili. Se i vostri familiari non sono pi\u00f9 in grado di leggere, saranno forse contenti di ascoltare la lettura di un libro fatta da voi o da un volontario. La\u00a0Biblioteca Braille e del libro parlato\u00a0offre la possibilit\u00e0 di diventare donatore di voce volontario. Mette a disposizione gratuitamente ai non vedenti, ipovedenti o coloro che non sono in grado di leggere per un qualsiasi handicap oltre 3500 libri registrati dai suoi lettori volontari e di 600 a grandi caratteri.Corsi specifici per persone attive professionalmente I sindacati offrono delle possibilit\u00e0 di formazione continua interessanti per i caregiver che lavorano. L\u2019institut de formation-ARC.Suisse\u00a0di Travail.Suisse propone corsi soprattutto alle persone attive professionalmente. Il programma \u00e8 disponibile online. L\u2019istituto di formazione\u00a0movendo\u00a0\u00e8 l\u2019omologo dell\u2019Institut de formation-Arc.Suisse per gli iscritti all\u2019Unione [&hellip;]<\/p>\n","protected":false},"author":1,"featured_media":0,"parent":2475,"menu_order":0,"comment_status":"closed","ping_status":"closed","template":"","meta":{"_et_pb_use_builder":"on","_et_pb_old_content":"","_et_gb_content_width":"","inline_featured_image":false,"footnotes":""},"class_list":["post-2482","page","type-page","status-publish","hentry"],"jetpack_sharing_enabled":true,"_links":{"self":[{"href":"https:\/\/info-workcare.ch\/it\/wp-json\/wp\/v2\/pages\/2482","targetHints":{"allow":["GET"]}}],"collection":[{"href":"https:\/\/info-workcare.ch\/it\/wp-json\/wp\/v2\/pages"}],"about":[{"href":"https:\/\/info-workcare.ch\/it\/wp-json\/wp\/v2\/types\/page"}],"author":[{"embeddable":true,"href":"https:\/\/info-workcare.ch\/it\/wp-json\/wp\/v2\/users\/1"}],"replies":[{"embeddable":true,"href":"https:\/\/info-workcare.ch\/it\/wp-json\/wp\/v2\/comments?post=2482"}],"version-history":[{"count":6,"href":"https:\/\/info-workcare.ch\/it\/wp-json\/wp\/v2\/pages\/2482\/revisions"}],"predecessor-version":[{"id":4078,"href":"https:\/\/info-workcare.ch\/it\/wp-json\/wp\/v2\/pages\/2482\/revisions\/4078"}],"up":[{"embeddable":true,"href":"https:\/\/info-workcare.ch\/it\/wp-json\/wp\/v2\/pages\/2475"}],"wp:attachment":[{"href":"https:\/\/info-workcare.ch\/it\/wp-json\/wp\/v2\/media?parent=2482"}],"curies":[{"name":"wp","href":"https:\/\/api.w.org\/{rel}","templated":true}]}}