{"id":2463,"date":"2023-11-02T16:13:58","date_gmt":"2023-11-02T15:13:58","guid":{"rendered":"https:\/\/info-workcare.ch\/informazioni-generali\/liens-utiles\/"},"modified":"2023-12-01T15:14:09","modified_gmt":"2023-12-01T14:14:09","slug":"links-utili","status":"publish","type":"page","link":"https:\/\/info-workcare.ch\/it\/informazioni-generali\/links-utili\/","title":{"rendered":"Links utili"},"content":{"rendered":"<p>[et_pb_section fb_built=&#8221;1&#8243; _builder_version=&#8221;4.23&#8243; _module_preset=&#8221;default&#8221; background_color=&#8221;gcid-9c204239-61ba-4b60-8792-0fda9b6cbe65&#8243; use_background_color_gradient=&#8221;on&#8221; background_color_gradient_direction=&#8221;90deg&#8221; background_color_gradient_stops=&#8221;#e5edf4 0%|rgba(229,237,244,0) 35%&#8221; background_color_gradient_overlays_image=&#8221;on&#8221; background_image=&#8221;https:\/\/info-workcare.ch\/wp-content\/uploads\/2023\/10\/young-smiling-guy-hugging-aged-man-sofa-scaled-e1698148875278.jpg&#8221; background_size=&#8221;custom&#8221; background_image_width=&#8221;50%&#8221; background_position=&#8221;center_right&#8221; custom_padding=&#8221;3rem||3rem||true|false&#8221; background_last_edited=&#8221;on|desktop&#8221; background_enable_image_tablet=&#8221;off&#8221; global_module=&#8221;841&#8243; saved_tabs=&#8221;all&#8221; locked=&#8221;off&#8221; global_colors_info=&#8221;{%22gcid-9c204239-61ba-4b60-8792-0fda9b6cbe65%22:%91%22background_color%22%93}&#8221;][et_pb_row _builder_version=&#8221;4.22.2&#8243; _module_preset=&#8221;default&#8221; global_colors_info=&#8221;{}&#8221;][et_pb_column type=&#8221;4_4&#8243; _builder_version=&#8221;4.22.2&#8243; _module_preset=&#8221;default&#8221; global_colors_info=&#8221;{}&#8221;][et_pb_text _builder_version=&#8221;4.23&#8243; _dynamic_attributes=&#8221;content&#8221; _module_preset=&#8221;default&#8221; header_text_color=&#8221;gcid-f4756ec7-6c25-4361-8e7f-b089b7e08c10&#8243; header_2_text_color=&#8221;gcid-f4756ec7-6c25-4361-8e7f-b089b7e08c10&#8243; custom_margin=&#8221;||10px||false|false&#8221; custom_padding=&#8221;||||false|false&#8221; global_colors_info=&#8221;{%22gcid-f4756ec7-6c25-4361-8e7f-b089b7e08c10%22:%91%22header_text_color%22,%22header_2_text_color%22%93}&#8221;]@ET-DC@eyJkeW5hbWljIjp0cnVlLCJjb250ZW50IjoicG9zdF90aXRsZSIsInNldHRpbmdzIjp7ImJlZm9yZSI6IjxoMT4iLCJhZnRlciI6IjwvaDE+In19@[\/et_pb_text][et_pb_button button_url=&#8221;#vai&#8221; button_text=&#8221;Vai&#8221; _builder_version=&#8221;4.22.2&#8243; _module_preset=&#8221;eef9f03a-7744-4384-a412-ccf9198c1f25&#8243; global_colors_info=&#8221;{}&#8221;][\/et_pb_button][\/et_pb_column][\/et_pb_row][\/et_pb_section][et_pb_section fb_built=&#8221;1&#8243; _builder_version=&#8221;4.22.2&#8243; _module_preset=&#8221;default&#8221; background_color=&#8221;#FFFFFF&#8221; custom_padding=&#8221;0px||0px|||&#8221; global_module=&#8221;1850&#8243; locked=&#8221;off&#8221; global_colors_info=&#8221;{}&#8221;][et_pb_row _builder_version=&#8221;4.22.2&#8243; _module_preset=&#8221;default&#8221; custom_padding=&#8221;2rem||2rem||true|false&#8221; global_colors_info=&#8221;{}&#8221;][et_pb_column type=&#8221;4_4&#8243; _builder_version=&#8221;4.22.2&#8243; _module_preset=&#8221;default&#8221; global_colors_info=&#8221;{}&#8221;][dsm_breadcrumbs home_icon=&#8221;&#xf015;||fa||900&#8243; separator_icon=&#8221;&#x45;||divi||400&#8243; current_padding=&#8221;||||true|true&#8221; _builder_version=&#8221;4.23&#8243; _module_preset=&#8221;default&#8221; items_font=&#8221;|700|||||||&#8221; items_text_color=&#8221;gcid-f4756ec7-6c25-4361-8e7f-b089b7e08c10&#8243; home_icon_text_color=&#8221;gcid-f4756ec7-6c25-4361-8e7f-b089b7e08c10&#8243; separators_text_color=&#8221;gcid-f4756ec7-6c25-4361-8e7f-b089b7e08c10&#8243; current_text_color=&#8221;gcid-3c806b9a-aa2d-46da-be86-b310ce4f6f7d&#8221; global_colors_info=&#8221;{%22gcid-3c806b9a-aa2d-46da-be86-b310ce4f6f7d%22:%91%22current_text_color%22%93,%22gcid-f4756ec7-6c25-4361-8e7f-b089b7e08c10%22:%91%22home_icon_text_color%22,%22items_text_color%22,%22separators_text_color%22%93}&#8221;][\/dsm_breadcrumbs][\/et_pb_column][\/et_pb_row][\/et_pb_section][et_pb_section fb_built=&#8221;1&#8243; module_id=&#8221;vai&#8221; _builder_version=&#8221;4.23&#8243; _module_preset=&#8221;default&#8221; custom_padding=&#8221;0px||0px|||&#8221; global_colors_info=&#8221;{}&#8221;][et_pb_row column_structure=&#8221;1_3,2_3&#8243; _builder_version=&#8221;4.22.2&#8243; _module_preset=&#8221;default&#8221; global_colors_info=&#8221;{}&#8221;][et_pb_column type=&#8221;1_3&#8243; _builder_version=&#8221;4.22.2&#8243; _module_preset=&#8221;default&#8221; global_colors_info=&#8221;{}&#8221;][dsm_menu title=&#8221;Selezionare un argomento&#8221; menu_id=&#8221;11&#8243; submenu_collapse=&#8221;on&#8221; menu_link_text_color=&#8221;gcid-f4756ec7-6c25-4361-8e7f-b089b7e08c10&#8243; active_link_color=&#8221;gcid-d2d5bf86-5243-4ce7-98d7-8b0210f7807d&#8221; menu_link_text_active_color=&#8221;gcid-d2d5bf86-5243-4ce7-98d7-8b0210f7807d&#8221; submenu_arrow_color=&#8221;gcid-f4756ec7-6c25-4361-8e7f-b089b7e08c10&#8243; _builder_version=&#8221;4.23&#8243; _module_preset=&#8221;default&#8221; border_color_right=&#8221;gcid-9c204239-61ba-4b60-8792-0fda9b6cbe65&#8243; global_module=&#8221;2076&#8243; saved_tabs=&#8221;all&#8221; locked=&#8221;off&#8221; global_colors_info=&#8221;{%22gcid-f4756ec7-6c25-4361-8e7f-b089b7e08c10%22:%91%22menu_link_text_color%22,%22submenu_arrow_color%22%93,%22gcid-d2d5bf86-5243-4ce7-98d7-8b0210f7807d%22:%91%22active_link_color%22,%22menu_link_text_active_color%22%93,%22gcid-9c204239-61ba-4b60-8792-0fda9b6cbe65%22:%91%22border_color_right%22%93}&#8221;][\/dsm_menu][\/et_pb_column][et_pb_column type=&#8221;2_3&#8243; _builder_version=&#8221;4.22.2&#8243; _module_preset=&#8221;default&#8221; global_colors_info=&#8221;{}&#8221;][et_pb_text _builder_version=&#8221;4.23&#8243; _module_preset=&#8221;default&#8221; hover_enabled=&#8221;0&#8243; global_colors_info=&#8221;{}&#8221; sticky_enabled=&#8221;0&#8243;]<\/p>\n<h2>Su<strong>\u00a0<a href=\"http:\/\/www.info-workcare.ch\/\">info-workcare.ch<\/a><\/strong>, troverete informazioni generali e non specifiche su una malattia o patologia.<\/h2>\n<p>Se cercate un\u2019organizzazione specializzata che potr\u00e0 fornirvi informazioni mirate, potete consultare sul menu gli\u00a0<a href=\"https:\/\/info-workcare.ch\/it\/indirizzi-utili\/\">Indirizzi utili<\/a>, mediante una ricerca per cantone e per tipologia di prestazione.<\/p>\n<p>L\u2019elenco seguente raggruppa i dati centrali delle pi\u00f9 importanti organizzazioni specializzate. L\u2019elenco non vuole essere esaustivo.<\/p>\n<p>[\/et_pb_text][et_pb_text _builder_version=&#8221;4.23&#8243; _module_preset=&#8221;default&#8221; global_colors_info=&#8221;{}&#8221;]<\/p>\n<h2>A<\/h2>\n<p><strong>Alzheimer Suisse<\/strong><br \/>Gurtengasse 3<br \/>3011 Bern<br \/>024 426 20 00<br \/><a href=\"mailto:info@alz.ch\">info@alz.ch<\/a><br \/><a href=\"http:\/\/www.alz.ch\" target=\"_blank\" rel=\"noopener\">www.alz.ch<\/a><\/p>\n<p><strong>Aphasie Suisse<\/strong><br \/>Spitalstrasse 4<br \/>6004 Lucerne<br \/>041 240 05 83<br \/><a href=\"mailto:info@aphasie.org\">info@aphasie.org<\/a><br \/><a href=\"http:\/\/www.aphasie.org\" target=\"_blank\" rel=\"noopener\">www.aphasie.org<\/a><\/p>\n<p><strong>Association suisse des services d&#8217;aide et de soins \u00e0 domicile<\/strong><br \/>Zentralsekretariat<br \/>Sulgenauweg 38<br \/>Postfach 1074<br \/>3000 Bern 23<br \/>031 381 22 81<br \/><a href=\"mailto:admin@spitex.ch\">admin@spitex.ch<\/a><br \/><a href=\"http:\/\/www.spitex.ch\" target=\"_blank\" rel=\"noopener\">www.spitex.ch<\/a><\/p>\n<h2>B<\/h2>\n<p>BENEVOL Schweiz<br \/>Krummgasse 13<br \/>8200 Schaffhausen<br \/>052 620 37 51<br \/><a href=\"mailto:info@benevol.ch\">info@benevol.ch<\/a><br \/><a href=\"http:\/\/www.benevol.ch\" target=\"_blank\" rel=\"noopener\">www.benevol.ch<\/a><\/p>\n<h2>C<\/h2>\n<p><strong>Caritas Suisse<\/strong><br \/>Adligenswilerstrasse 15<br \/>Postfach<br \/>6002 Luzern<br \/>041 419 22 22<br \/><a href=\"mailto:info@caritas.ch\">info@caritas.ch<\/a><br \/><a href=\"http:\/\/www.caritas.ch\" target=\"_blank\" rel=\"noopener\">www.caritas.ch<\/a><\/p>\n<p><strong>Association Cerebral Suisse<\/strong><br \/>Zuchwilerstrasse 43<br \/>Case postale 810<br \/>4501 Soleure<br \/>032 622 22 21<br \/><a href=\"mailto:info@vereinigung-cerebral.ch\">info@vereinigung-cerebral.ch<\/a><br \/><a href=\"http:\/\/www.vereinigung-cerebral.ch\" target=\"_blank\" rel=\"noopener\">www.vereinigung-cerebral.ch<\/a><\/p>\n<p><strong>Croix-Bleue romande<\/strong><br \/>Avenue Gare 31<br \/>1022 Chavannes-Renens<br \/>021 633 44 32<br \/><a href=\"mailto:info@croix-bleue.ch\">info@croix-bleue.ch<\/a><br \/><a href=\"http:\/\/www.croix-bleue.ch\" target=\"_blank\" rel=\"noopener\">www.croix-bleue.ch<\/a><\/p>\n<p><strong>Croix-Rouge suisse<\/strong><br \/>Case postale<br \/>3001 Berne<br \/>058 400 41 11<br \/><a href=\"http:\/\/www.redcross.ch\" target=\"_blank\" rel=\"noopener\">www.redcross.ch<\/a><\/p>\n<p><strong>Cura Viva<\/strong><br \/>Zieglerstrasse 53<br \/>Postfach 1003<br \/>3000 Bern 14<br \/>031 385 33 33<br \/><a href=\"mailto:info@curaviva.ch\">info@curaviva.ch<\/a><br \/><a href=\"http:\/\/www.curaviva.ch\" target=\"_blank\" rel=\"noopener\">www.curaviva.ch<\/a><\/p>\n<h2>D<\/h2>\n<p>Schweizer Verband &#8211; Dargebotene Hand<br \/>Gesch\u00e4ftsstelle<br \/>Beckenhofstrasse 16<br \/>8006 Z\u00fcrich<br \/>031 301 91 91<br \/><a href=\"mailto:verband@143.ch\">verband@143.ch<\/a><br \/><a href=\"http:\/\/www.143.ch\" target=\"_blank\" rel=\"noopener\">www.143.ch<\/a><\/p>\n<h2>G<\/h2>\n<p><strong>SGG-SSG Schweizerische Gesellschaft f\u00fcr Gerontologie &#8211; Soci\u00e9t\u00e9 suisse de g\u00e9rontologie<\/strong><br \/>Haus der Akademien<br \/>Laupenstrasse 7<br \/>3001 Bern<br \/>031 311 89 06<br \/><a href=\"mailto:info@sgg-ssg.ch\">info@sgg-ssg.ch<\/a><br \/><a href=\"http:\/\/www.sgg-ssg.ch\" target=\"_blank\" rel=\"noopener\">www.sgg-ssg.ch<\/a><\/p>\n<h2>I<\/h2>\n<p><strong>Insieme Suisse \/ Schweiz &#8211; F\u00e9d\u00e9ration suisse des associations de parents de personnes mentalement handicap\u00e9es \/ Vereinigung der Eleternvereine f\u00fcr Menschen mit einer geistigen Behinderung<br \/><\/strong>Aarbergergasse 33<br \/>Case postale \/ Postfach<br \/>3001 Berne<br \/>031 300 50 20<br \/><a href=\"mailto:sekratariat@insieme.ch\">sekratariat@insieme.ch<\/a><br \/><a href=\"http:\/\/www.insieme.ch\" target=\"_blank\" rel=\"noopener\">www.insieme.ch<\/a><\/p>\n<h2>L<\/h2>\n<p><strong>Ligue pulmonaire suisse \/ Lungenliga \/ Lega polmonare<\/strong><br \/>Chutzenstrasse 10<br \/>3007 Bern<br \/>031 378 20 50<br \/><a href=\"mailto:info@lung.ch\">info@lung.ch<\/a><br \/><a href=\"http:\/\/www.lungenliga.ch\" target=\"_blank\" rel=\"noopener\">www.lungenliga.ch<\/a> \/ <a href=\"http:\/\/www.liguepulmonaire.ch\" target=\"_blank\" rel=\"noopener\">www.liguepulmonaire.ch<\/a> \/ <a href=\"http:\/\/www.legapolmonare.ch\" target=\"_blank\" rel=\"noopener\">www.legapolmonare.ch<\/a><\/p>\n<p><strong>Ligue suisse contre le cancer \/ Krebsliga \/ Lega contro il cancro<\/strong><br \/>Effingerstrasse 40<br \/>Case postale<br \/>3001 Berne<br \/>031 389 91 00<br \/><a href=\"mailto:info@liguecancer.ch\">info@liguecancer.ch<\/a> \/ <a href=\"mailto:info@krebsliga.ch\">info@krebsliga.ch<\/a> \/ <a href=\"mailto:info@legacancro.ch\">info@legacancro.ch<\/a><br \/><a href=\"http:\/\/www.liguecancer.ch\" target=\"_blank\" rel=\"noopener\">www.liguecancer.ch<\/a> \/<a href=\"http:\/\/www.krebsliga.ch\" target=\"_blank\" rel=\"noopener\"> www.krebsliga.ch<\/a> \/ <a href=\"http:\/\/www.legacancro.ch\" target=\"_blank\" rel=\"noopener\">www.legacancro.ch<\/a><\/p>\n<h2>M<\/h2>\n<p><strong>Association suisse La Main Tendue<\/strong><br \/>Secr\u00e9tariat g\u00e9n\u00e9ral<br \/>Beckenhofstrasse 16<br \/>8006 Z\u00fcrich<br \/>031 301 91 91<br \/><a href=\"mailto:verband@143.ch\">verband@143.ch<\/a><br \/><a href=\"http:\/\/www.143.ch\" target=\"_blank\" rel=\"noopener\">www.143.ch<\/a><\/p>\n<h2>P<\/h2>\n<p><strong>Parkinson Schweiz \/ Suisse \/ Svizzera<\/strong><br \/>Gewerbstrasse 12a<br \/>Postfach 123<br \/>8132 Egg ZH<\/p>\n<p><strong>Parkinson Suisse<\/strong><br \/>Avenue de S\u00e9velin 28<br \/>1004 Lausanne<\/p>\n<p><strong>Parkinson Svizzera<\/strong><br \/>Casella postale<br \/>6501 Bellinzona<br \/>D: 043 277 20 77 \/ F: 21 729 99 20 \/ I: 091 755 12 00<br \/>D: <a href=\"mailto:info@parkinson.ch\">info@parkinson.ch<\/a> \/ F: <a href=\"mailto:info.romandie@parkinson.ch\">info.romandie@parkinson.ch<\/a>\u00a0\/ I: <a href=\"mailto:info.ticino@parkinson.ch\">info.ticino@parkinson.ch<\/a><\/p>\n<p><strong>plusplus r\u00e9seau consultation emploi + famille<\/strong><br \/><strong>plusplus netzwerk beratung beruf + familie<\/strong><br \/><strong>plusplus rete consultori in rete lavoro + famiglia<br \/><\/strong>032 325 38 20<br \/><a href=\"mailto:info@plusplus.ch\">info@plusplus.ch<\/a><\/p>\n<p><strong>Procap<\/strong><br \/>Frohburgstrasse 4<br \/>4600 Olten<br \/>062 206 88 88<br \/><a href=\"mailto:zentralsekretariat@procap.ch\">zentralsekretariat@procap.ch<\/a><br \/><a href=\"http:\/\/www.procap.ch\" target=\"_blank\" rel=\"noopener\">www.procap.ch<\/a><\/p>\n<p><strong>Proches Aidants Fribourg<\/strong><br \/>Rue des Epouses 2<br \/>1700 Fribourg<br \/>076 675 78 23 (fr)<br \/>079 708 79 30 (de)<br \/><a href=\"mailto:info@pa-f.ch\">info@pa-f.ch<\/a><br \/><a href=\"http:\/\/www.pa-f.ch\" target=\"_blank\" rel=\"noopener\">www.pa-f.ch<\/a><\/p>\n<p><strong>Proches Aidants Valais (association)<\/strong><br \/>Rue de la Porte-Neuve 20<br \/>1950 Sion<br \/>027 321 28 28<br \/><a href=\"mailto:info@proches-aidants-valais.ch\">info@proches-aidants-valais.ch<\/a><br \/><a href=\"http:\/\/www.proches-aidants-valais.ch\" target=\"_blank\" rel=\"noopener\">www.proches-aidants-valais.ch<\/a><\/p>\n<p><strong>profawo<\/strong><br \/>Christoffelgasse 7<br \/>3000 Bern 7<br \/>031 311 74 09<br \/><a href=\"mailto:bern@profawo.ch\">bern@profawo.ch<\/a><br \/><a href=\"http:\/\/www.profawo.ch\" target=\"_blank\" rel=\"noopener\">www.profawo.ch<\/a><\/p>\n<p><strong>Pro infirmis<\/strong><br \/>Feldeggstrasse 71<br \/>Postfach 1332<br \/>8032 Z\u00fcrich<br \/>058 775 20 00<br \/><a href=\"mailto:contact@proinfirmis.ch\">contact@proinfirmis.ch<\/a><br \/><a href=\"http:\/\/www.proinfirmis.ch\" target=\"_blank\" rel=\"noopener\">www.proinfirmis.ch<\/a><\/p>\n<p><strong>Pro Senectute<\/strong><br \/>Lavaterstrasse 60 <br \/>8027 Z\u00fcrich<br \/>044 283 89 89 <br \/><a href=\"mailto:info@pro-senectute.ch\">info@pro-senectute.ch<\/a><br \/><a href=\"http:\/\/www.pro-senectute.ch\" target=\"_blank\" rel=\"noopener\">www.pro-senectute.ch<\/a><\/p>\n<h2>S<\/h2>\n<p>SEP \/ MS \/ SM<br \/>Schweiz. MS-Gesellschaft &#8211; Z\u00fcrich<br \/>Josefstrasse 129<br \/>8005 Z\u00fcrich<br \/>043 444 43 43<br \/><a href=\"http:\/\/www.multiplesklerose.ch\" target=\"_blank\" rel=\"noopener\">www.multiplesklerose.ch<\/a><\/p>\n<p><strong>Societ\u00e0 svizzera sclerosi multipla &#8211; Lugano<\/strong><br \/>via S. Gottardo 50<br \/>6900 Lugano-Massagno<br \/>091 922 61 10<\/p>\n<p><strong>Soci\u00e9t\u00e9 suisse de la scl\u00e9rose en plaques &#8211; Lausanne<\/strong><br \/>Rue du Simplon 3<br \/>1006 Lausanne<br \/>021 614 80 80<\/p>\n<p><strong>Spitex Verband Schweiz<\/strong><br \/>Zentralsekretariat<br \/>Sulgenauweg 38<br \/>Postfach 1074<br \/>3000 Bern 23<br \/>031 381 22 81<br \/><a href=\"mailto:admin@spitex.ch\">admin@spitex.ch<\/a><br \/><a href=\"http:\/\/www.spitex.ch\" target=\"_blank\" rel=\"noopener\">www.spitex.ch<\/a><\/p>\n<h2>T<\/h2>\n<p><strong>Telefono Amico Ticino e Grigioni Italiano<\/strong><br \/>Casella postale 4118<br \/>6904 Lugano<br \/>091 970 22 72<br \/><a href=\"mailto:verband@143.ch\">verband@143.ch<\/a><br \/><a href=\"http:\/\/www.143.ch\" target=\"_blank\" rel=\"noopener\">www.143.ch<\/a><\/p>\n<p>[\/et_pb_text][\/et_pb_column][\/et_pb_row][\/et_pb_section]<\/p>\n","protected":false},"excerpt":{"rendered":"<p><div class=\"et_pb_module dsm_breadcrumbs dsm_breadcrumbs_0\">\n\t\t\t\t\n\t\t\t\t\n\t\t\t\t\n\t\t\t\t\n\t\t\t\t\n\t\t\t\t\n\t\t\t\t<div class=\"et_pb_module_inner\">\n\t\t\t\t\t<nav class=\"dsm_breadcrumbs_wrap\">\n\t\t\t\t<ul class=\"dsm_breadcrumbs\" itemscope itemtype=\"https:\/\/schema.org\/BreadcrumbList\">\t\t\t<li class=\"dsm_breadcrumbs_item dsm_home_item dsm_home_item_custom\" itemprop=\"itemListElement\" itemscope\n\t\t\titemtype=\"https:\/\/schema.org\/ListItem\">\n\t\t\t\t<a href=\"https:\/\/info-workcare.ch\/it\/\" itemprop=\"item\" target=\"\">\n\t\t\t\t\t<span class='dsm_home_text_wrapper'>\n\t\t\t\t\t\t\t\t\t\t\t\t\t<span class=\"et-pb-icon dsm_home_icon\">&#xf015;<\/span>\n\t\t\t\t\t\t\t\t\t\t\t\t\t<span class=\"dsm_home_text\" itemprop=\"name\">\n\t\t\t\t\t\t\t\tHome\t\t\t\t\t\t\t<\/span>\n\t\t\t\t\t<\/span>\n\t\t\t\t<\/a>\n\t\t\t\t<meta itemprop=\"position\" content=\"1\" \/>\n\t\t\t<\/li>\n\n\t\t<li class=\"dsm_breadcrumbs_separator\"> <span class=\"et-pb-icon dsm_separator_icon\">&#x45;<\/span><\/li><br \/>\n<b>Warning<\/b>:  Attempt to read property \"term_id\" on null in <b>\/home\/clients\/6a20a99fd8dba08e5419d7dffd9e1be6\/sites\/info-workcare.ch\/wp-content\/plugins\/supreme-modules-pro-for-divi\/includes\/modules\/Breadcrumbs\/Breadcrumbs.php<\/b> on line <b>705<\/b><br \/>\n<\/ul>\n\t\t\t<\/nav>\n\t\t\t\t<\/div>\n\t\t\t<\/div><div class=\"et_pb_with_border et_pb_module dsm_menu dsm_menu_0 et_pb_sticky_module  et_pb_text_align_left et_pb_bg_layout_light\">\n\t\t\t\t\n\t\t\t\t\n\t\t\t\t\n\t\t\t\t\n\t\t\t\t\n\t\t\t\t\n\t\t\t\t<div class=\"et_pb_module_inner\">\n\t\t\t\t\t<h3 class=\"dsm-menu-title et_pb_module_header\">Selezionare un argomento<\/h3><nav class=\"dsm-menu-container\" role=navigation itemscope itemtype=http:\/\/schema.org\/SiteNavigationElement><ul id=\"menu-menu-information-generales-fr\" class=\"dsm-menu dsm-menu-style-type-none dsm-menu-layout-vertical dsm-menu-submenu-collapse\"><li id=\"menu-item-833\" class=\"et_pb_menu_page_id-826 menu-item menu-item-type-post_type menu-item-object-page menu-item-833\"><a href=\"https:\/\/info-workcare.ch\/informations-generales\/info-workcare-en-bref\/\" itemprop=\"url\"><span itemprop=\"name\">info-workcare in breve<\/span><\/a><\/li>\n<li id=\"menu-item-843\" class=\"et_pb_menu_page_id-835 menu-item menu-item-type-post_type menu-item-object-page menu-item-843\"><a href=\"https:\/\/info-workcare.ch\/informations-generales\/lessentiel-a-savoir\/\" itemprop=\"url\"><span itemprop=\"name\">I punti salienti<\/span><\/a><\/li>\n<li id=\"menu-item-883\" class=\"et_pb_menu_page_id-873 menu-item menu-item-type-post_type menu-item-object-page menu-item-883\"><a href=\"https:\/\/info-workcare.ch\/informations-generales\/aspects-financiers\/\" itemprop=\"url\"><span itemprop=\"name\">Aspetti finanziari<\/span><\/a><\/li>\n<li id=\"menu-item-888\" class=\"et_pb_menu_page_id-884 menu-item menu-item-type-post_type menu-item-object-page menu-item-888\"><a href=\"https:\/\/info-workcare.ch\/informations-generales\/aspects-legaux-pour-vos-proches\/\" itemprop=\"url\"><span itemprop=\"name\">Aspetti legali per il vostro parente<\/span><\/a><\/li>\n<li id=\"menu-item-893\" class=\"et_pb_menu_page_id-889 menu-item menu-item-type-post_type menu-item-object-page menu-item-893\"><a href=\"https:\/\/info-workcare.ch\/informations-generales\/aspects-legaux-pour-vous-meme\/\" itemprop=\"url\"><span itemprop=\"name\">Aspetti legali per voi stessi<\/span><\/a><\/li>\n<li id=\"menu-item-899\" class=\"et_pb_menu_page_id-894 menu-item menu-item-type-post_type menu-item-object-page menu-item-899\"><a href=\"https:\/\/info-workcare.ch\/informations-generales\/documents-a-telecharger\/\" itemprop=\"url\"><span itemprop=\"name\">Documenti da scaricare<\/span><\/a><\/li>\n<li id=\"menu-item-904\" class=\"et_pb_menu_page_id-900 menu-item menu-item-type-post_type menu-item-object-page menu-item-904\"><a href=\"https:\/\/info-workcare.ch\/informations-generales\/etudes-et-statistiques\/\" itemprop=\"url\"><span itemprop=\"name\">Studi e statistiche<\/span><\/a><\/li>\n<li id=\"menu-item-910\" class=\"et_pb_menu_page_id-905 menu-item menu-item-type-post_type menu-item-object-page menu-item-910\"><a href=\"https:\/\/info-workcare.ch\/informations-generales\/liens-utiles\/\" itemprop=\"url\"><span itemprop=\"name\">Links utili<\/span><\/a><\/li>\n<li id=\"menu-item-916\" class=\"et_pb_menu_page_id-911 menu-item menu-item-type-post_type menu-item-object-page menu-item-916\"><a href=\"https:\/\/info-workcare.ch\/informations-generales\/vivre-un-deuil-au-travail\/\" itemprop=\"url\"><span itemprop=\"name\">Vivere il lutto sul posto di lavoro<\/span><\/a><\/li>\n<\/ul><\/nav>\n\t\t\t\t<\/div>\n\t\t\t<\/div>Su\u00a0info-workcare.ch, troverete informazioni generali e non specifiche su una malattia o patologia. Se cercate un\u2019organizzazione specializzata che potr\u00e0 fornirvi informazioni mirate, potete consultare sul menu gli\u00a0Indirizzi utili, mediante una ricerca per cantone e per tipologia di prestazione. L\u2019elenco seguente raggruppa i dati centrali delle pi\u00f9 importanti organizzazioni specializzate. L\u2019elenco non vuole essere esaustivo.A Alzheimer SuisseGurtengasse 33011 Bern024 426 20 00info@alz.chwww.alz.ch Aphasie SuisseSpitalstrasse 46004 Lucerne041 240 05 83info@aphasie.orgwww.aphasie.org Association suisse des services d&#8217;aide et de soins \u00e0 domicileZentralsekretariatSulgenauweg 38Postfach 10743000 Bern 23031 381 22 81admin@spitex.chwww.spitex.ch B BENEVOL SchweizKrummgasse 138200 Schaffhausen052 620 37 51info@benevol.chwww.benevol.ch C Caritas SuisseAdligenswilerstrasse 15Postfach6002 Luzern041 419 22 22info@caritas.chwww.caritas.ch Association Cerebral SuisseZuchwilerstrasse 43Case postale 8104501 Soleure032 622 22 21info@vereinigung-cerebral.chwww.vereinigung-cerebral.ch Croix-Bleue romandeAvenue Gare 311022 Chavannes-Renens021 633 44 32info@croix-bleue.chwww.croix-bleue.ch Croix-Rouge suisseCase postale3001 Berne058 400 41 11www.redcross.ch Cura VivaZieglerstrasse 53Postfach 10033000 Bern 14031 385 33 33info@curaviva.chwww.curaviva.ch D Schweizer Verband &#8211; Dargebotene HandGesch\u00e4ftsstelleBeckenhofstrasse 168006 Z\u00fcrich031 301 91 91verband@143.chwww.143.ch G SGG-SSG Schweizerische Gesellschaft f\u00fcr Gerontologie &#8211; Soci\u00e9t\u00e9 suisse de g\u00e9rontologieHaus der AkademienLaupenstrasse 73001 Bern031 311 89 06info@sgg-ssg.chwww.sgg-ssg.ch I Insieme Suisse \/ Schweiz &#8211; F\u00e9d\u00e9ration suisse des associations [&hellip;]<\/p>\n","protected":false},"author":1,"featured_media":0,"parent":2390,"menu_order":0,"comment_status":"closed","ping_status":"closed","template":"","meta":{"_et_pb_use_builder":"on","_et_pb_old_content":"","_et_gb_content_width":"","inline_featured_image":false,"footnotes":""},"class_list":["post-2463","page","type-page","status-publish","hentry"],"jetpack_sharing_enabled":true,"_links":{"self":[{"href":"https:\/\/info-workcare.ch\/it\/wp-json\/wp\/v2\/pages\/2463","targetHints":{"allow":["GET"]}}],"collection":[{"href":"https:\/\/info-workcare.ch\/it\/wp-json\/wp\/v2\/pages"}],"about":[{"href":"https:\/\/info-workcare.ch\/it\/wp-json\/wp\/v2\/types\/page"}],"author":[{"embeddable":true,"href":"https:\/\/info-workcare.ch\/it\/wp-json\/wp\/v2\/users\/1"}],"replies":[{"embeddable":true,"href":"https:\/\/info-workcare.ch\/it\/wp-json\/wp\/v2\/comments?post=2463"}],"version-history":[{"count":4,"href":"https:\/\/info-workcare.ch\/it\/wp-json\/wp\/v2\/pages\/2463\/revisions"}],"predecessor-version":[{"id":2817,"href":"https:\/\/info-workcare.ch\/it\/wp-json\/wp\/v2\/pages\/2463\/revisions\/2817"}],"up":[{"embeddable":true,"href":"https:\/\/info-workcare.ch\/it\/wp-json\/wp\/v2\/pages\/2390"}],"wp:attachment":[{"href":"https:\/\/info-workcare.ch\/it\/wp-json\/wp\/v2\/media?parent=2463"}],"curies":[{"name":"wp","href":"https:\/\/api.w.org\/{rel}","templated":true}]}}