{"id":2107,"date":"2023-11-07T17:39:57","date_gmt":"2023-11-07T16:39:57","guid":{"rendered":"https:\/\/info-workcare.ch\/impressum\/"},"modified":"2023-11-30T14:27:40","modified_gmt":"2023-11-30T13:27:40","slug":"impressum","status":"publish","type":"page","link":"https:\/\/info-workcare.ch\/de\/impressum\/","title":{"rendered":"Impressum"},"content":{"rendered":"<p>[et_pb_section fb_built=&#8220;1&#8243; _builder_version=&#8220;4.23&#8243; _module_preset=&#8220;default&#8220; global_colors_info=&#8220;{}&#8220; collapsed=&#8220;off&#8220;][et_pb_row _builder_version=&#8220;4.23&#8243; _module_preset=&#8220;default&#8220; global_colors_info=&#8220;{}&#8220; collapsed=&#8220;off&#8220;][et_pb_column type=&#8220;4_4&#8243; _builder_version=&#8220;4.23&#8243; _module_preset=&#8220;default&#8220; global_colors_info=&#8220;{}&#8220;][et_pb_text _builder_version=&#8220;4.23&#8243; _module_preset=&#8220;default&#8220; header_text_color=&#8220;gcid-f4756ec7-6c25-4361-8e7f-b089b7e08c10&#8243; global_colors_info=&#8220;{%22gcid-1849c732-ace3-4e55-8040-df2740acd46e%22:%91%22header_2_text_color%22,%22header_2_text_color%22%93,%22gcid-f4756ec7-6c25-4361-8e7f-b089b7e08c10%22:%91%22header_text_color%22%93}&#8220;]<\/p>\n<h1>Impressum<\/h1>\n<p><a href=\"http:\/\/www.info-workcare.ch\/\">info-workcare.ch<\/a>\u00a0ist ein Projekt von\u00a0<a class=\"ext\" href=\"http:\/\/www.travailsuisse.ch\/\" target=\"_blank\" rel=\"noopener noreferrer\" data-extlink=\"\">Travail.Suisse<\/a>, der unabh\u00e4ngige Dachverband von Arbeitnehmenden.<\/p>\n<p><img loading=\"lazy\" decoding=\"async\" src=\"https:\/\/info-workcare.ch\/sites\/default\/files\/images\/travail.suisse_logo.jpg.jpg\" alt=\"Logo Travail Suisse\" width=\"245\" height=\"48\" \/><\/p>\n<p>Das Projekt hat die Unterst\u00fctzung vom Eidg. B\u00fcro f\u00fcr die Gleichstellung von Frau und Mann im Rahmen der Finanzhilfen nach dem Gleichstellungsgesetz erhalten.<\/p>\n<p>Travail.Suisse konnte von der Expertise von folgenden Personen und Institutionen profitieren :<\/p>\n<ul>\n<li><a class=\"ext\" href=\"http:\/\/www.alz.ch\/index.php\/home.html\" target=\"_blank\" rel=\"noopener noreferrer\" data-extlink=\"\">Schweizerische Alzheimer Vereinigung<\/a>\u00a0&#8211; Birgitta Martensson, Nicole Gadient et Ingrid Cretegny<\/li>\n<li><a class=\"ext\" href=\"http:\/\/www.avaconseils.ch\/\" target=\"_blank\" rel=\"noopener noreferrer\" data-extlink=\"\">avaconseils.ch<\/a>\u00a0&#8211; Anne-Marie van Rampaey<\/li>\n<li><a class=\"ext\" href=\"https:\/\/www.kalaidos-fh.ch\/de-CH\/Forschung\/Fachbereich-Gesundheit\" target=\"_blank\" rel=\"noopener noreferrer\" data-extlink=\"\">Careum Forschung<\/a>\u00a0&#8211; Karin van Holten<\/li>\n<li><a class=\"ext\" href=\"http:\/\/www.caritas.ch\/de\/hilfe-finden\/alter-und-betreuung\/zuhause-betreut\/\" target=\"_blank\" rel=\"noopener noreferrer\" data-extlink=\"\">Caritas Suisse, projet &#8222;Zu Hause betreut&#8220;<\/a>\u00a0&#8211;\u00a0 Ioana Cozarescu Kind<\/li>\n<li><a class=\"ext\" href=\"https:\/\/www.redcross.ch\/de\" target=\"_blank\" rel=\"noopener noreferrer\" data-extlink=\"\">Schweizerisches Rotes Kreuz<\/a>, Projekt &#8222;<a href=\"http:\/\/www.pflege-entlastung.ch\/\" target=\"_blank\" rel=\"noopener noreferrer\" data-extlink=\"\">Pflege Entlastung<\/a>&#8220; &#8211; Christine R\u00fcfenacht<\/li>\n<li>Jo\u00eblle Curchod<\/li>\n<li><a class=\"ext\" href=\"http:\/\/www.mannschafft.ch\/\" target=\"_blank\" rel=\"noopener noreferrer\" data-extlink=\"\">mannschafft<\/a>\u00a0&#8211; Michel Craman<\/li>\n<li><a class=\"ext\" href=\"http:\/\/www.maenner.ch\/\" target=\"_blank\" rel=\"noopener noreferrer\" data-extlink=\"\">m\u00e4nner.ch<\/a>\u00a0&#8211; Andreas Borter<\/li>\n<li><a class=\"ext\" href=\"http:\/\/www.go-for-jobsharing.ch\/fr\/qui-sommes-nous\/association-pto.html\" target=\"_blank\" rel=\"noopener noreferrer\" data-extlink=\"\">Part Time Optimisation<\/a>, Projekt &#8222;<a class=\"ext\" href=\"http:\/\/www.go-for-jobsharing.ch\/\" target=\"_blank\" rel=\"noopener noreferrer\" data-extlink=\"\">Go for Jobsharing<\/a>&#8220; &#8211; Irenka Krone<\/li>\n<li>Universit\u00e9 de Lausanne\u00a0<a class=\"ext\" href=\"http:\/\/www.unil.ch\/\" target=\"_blank\" rel=\"noopener noreferrer\" data-extlink=\"\">UNIL<\/a>\u00a0&#8211;\u00a0<a class=\"ext\" href=\"https:\/\/applicationspub.unil.ch\/interpub\/noauth\/php\/Un\/UnPers.php?PerNum=71568&amp;LanCode=37\" target=\"_blank\" rel=\"noopener noreferrer\" data-extlink=\"\">Prof. Nicky Le Feuvre<\/a><\/li>\n<\/ul>\n<p>Die Begleitgruppe konnte das Projekt bei Gewerkschaften und Arbeitnehmendenvereinen von Travail.Suisse gut verankern :<\/p>\n<ul>\n<li><a class=\"ext\" href=\"http:\/\/www.und-online.ch\/fr\/\" target=\"_blank\" rel=\"noopener noreferrer\" data-extlink=\"\">OCST<\/a>, Diana Camenzind<\/li>\n<li><a class=\"ext\" href=\"http:\/\/www.syna.ch\/\" target=\"_blank\" rel=\"noopener noreferrer\" data-extlink=\"\">syna<\/a>, Sabine Hunger und Lise Nobbs<\/li>\n<li><a class=\"ext\" href=\"http:\/\/www.transfair.ch\/\" target=\"_blank\" rel=\"noopener noreferrer\" data-extlink=\"\">transfair<\/a>, Matthias Humbel<\/li>\n<\/ul>\n<p>mit der wertvollen Mitarbeit von :<\/p>\n<ul>\n<li><a href=\"http:\/\/www.sbk.ch\/\" target=\"_blank\" rel=\"noopener noreferrer\" data-extlink=\"\">Schweizer Berufsverband der Pflegefachfrauen und Pflegefachm\u00e4nner\u00a0SBK<\/a>, Roswitha Koch et Pierre-Andr\u00e9 Wagner<\/li>\n<li><a class=\"ext\" href=\"http:\/\/www.und-online.ch\/\" target=\"_blank\" rel=\"noopener noreferrer\" data-extlink=\"\">Bureau UND<\/a>, Equilibre entre famille et emploi pour les hommes et les femmes, Elisabeth H\u00e4ni<\/li>\n<\/ul>\n<p>Travail.Suisse dankt allen diesen Institutionen und Personen f\u00fcr Ihre Mitarbeit, Ihren wertvollen Unterst\u00fctzung und Ratschl\u00e4gen bei der Konzeption dieser Homepage und bei der Redaktion des Inhaltes.<\/p>\n<p>Design &amp; Programmierung der Internetseite:<\/p>\n<p><a class=\"ext\" href=\"https:\/\/inventaire.ch\/\" target=\"_blank\" rel=\"noopener noreferrer\" data-extlink=\"\">INVENTAIRE<\/a>\u00a0communication visuelle s\u00e0rl<\/p>\n<p>[\/et_pb_text][\/et_pb_column][\/et_pb_row][\/et_pb_section]<\/p>\n","protected":false},"excerpt":{"rendered":"<p>Impressum info-workcare.ch\u00a0ist ein Projekt von\u00a0Travail.Suisse, der unabh\u00e4ngige Dachverband von Arbeitnehmenden. Das Projekt hat die Unterst\u00fctzung vom Eidg. B\u00fcro f\u00fcr die Gleichstellung von Frau und Mann im Rahmen der Finanzhilfen nach dem Gleichstellungsgesetz erhalten. Travail.Suisse konnte von der Expertise von folgenden Personen und Institutionen profitieren : Schweizerische Alzheimer Vereinigung\u00a0&#8211; Birgitta Martensson, Nicole Gadient et Ingrid Cretegny avaconseils.ch\u00a0&#8211; Anne-Marie van Rampaey Careum Forschung\u00a0&#8211; Karin van Holten Caritas Suisse, projet &#8222;Zu Hause betreut&#8220;\u00a0&#8211;\u00a0 Ioana Cozarescu Kind Schweizerisches Rotes Kreuz, Projekt &#8222;Pflege Entlastung&#8220; &#8211; Christine R\u00fcfenacht Jo\u00eblle Curchod mannschafft\u00a0&#8211; Michel Craman m\u00e4nner.ch\u00a0&#8211; Andreas Borter Part Time Optimisation, Projekt &#8222;Go for Jobsharing&#8220; &#8211; Irenka Krone Universit\u00e9 de Lausanne\u00a0UNIL\u00a0&#8211;\u00a0Prof. Nicky Le Feuvre Die Begleitgruppe konnte das Projekt bei Gewerkschaften und Arbeitnehmendenvereinen von Travail.Suisse gut verankern : OCST, Diana Camenzind syna, Sabine Hunger und Lise Nobbs transfair, Matthias Humbel mit der wertvollen Mitarbeit von : Schweizer Berufsverband der Pflegefachfrauen und Pflegefachm\u00e4nner\u00a0SBK, Roswitha Koch et Pierre-Andr\u00e9 Wagner Bureau UND, Equilibre entre famille et emploi pour les hommes et les femmes, Elisabeth H\u00e4ni Travail.Suisse dankt allen diesen Institutionen und Personen f\u00fcr Ihre Mitarbeit, Ihren wertvollen Unterst\u00fctzung und Ratschl\u00e4gen bei der Konzeption dieser Homepage und bei der Redaktion des Inhaltes. Design &amp; Programmierung der Internetseite: INVENTAIRE\u00a0communication visuelle s\u00e0rl<\/p>\n","protected":false},"author":1,"featured_media":0,"parent":0,"menu_order":0,"comment_status":"closed","ping_status":"closed","template":"","meta":{"_et_pb_use_builder":"on","_et_pb_old_content":"","_et_gb_content_width":"","inline_featured_image":false,"footnotes":""},"class_list":["post-2107","page","type-page","status-publish","hentry"],"jetpack_sharing_enabled":true,"_links":{"self":[{"href":"https:\/\/info-workcare.ch\/de\/wp-json\/wp\/v2\/pages\/2107","targetHints":{"allow":["GET"]}}],"collection":[{"href":"https:\/\/info-workcare.ch\/de\/wp-json\/wp\/v2\/pages"}],"about":[{"href":"https:\/\/info-workcare.ch\/de\/wp-json\/wp\/v2\/types\/page"}],"author":[{"embeddable":true,"href":"https:\/\/info-workcare.ch\/de\/wp-json\/wp\/v2\/users\/1"}],"replies":[{"embeddable":true,"href":"https:\/\/info-workcare.ch\/de\/wp-json\/wp\/v2\/comments?post=2107"}],"version-history":[{"count":2,"href":"https:\/\/info-workcare.ch\/de\/wp-json\/wp\/v2\/pages\/2107\/revisions"}],"predecessor-version":[{"id":2117,"href":"https:\/\/info-workcare.ch\/de\/wp-json\/wp\/v2\/pages\/2107\/revisions\/2117"}],"wp:attachment":[{"href":"https:\/\/info-workcare.ch\/de\/wp-json\/wp\/v2\/media?parent=2107"}],"curies":[{"name":"wp","href":"https:\/\/api.w.org\/{rel}","templated":true}]}}