{"id":2090,"date":"2023-11-08T14:18:53","date_gmt":"2023-11-08T13:18:53","guid":{"rendered":"https:\/\/info-workcare.ch\/temoignages-videos\/"},"modified":"2025-10-17T11:21:29","modified_gmt":"2025-10-17T09:21:29","slug":"testimonials-videos","status":"publish","type":"page","link":"https:\/\/info-workcare.ch\/de\/testimonials-videos\/","title":{"rendered":"Testimonials-Videos"},"content":{"rendered":"<p>[et_pb_section fb_built=&#8220;1&#8243; _builder_version=&#8220;4.23&#8243; _module_preset=&#8220;default&#8220; background_color=&#8220;gcid-9c204239-61ba-4b60-8792-0fda9b6cbe65&#8243; use_background_color_gradient=&#8220;on&#8220; background_color_gradient_direction=&#8220;90deg&#8220; background_color_gradient_stops=&#8220;#e5edf4 0%|rgba(229,237,244,0) 35%&#8220; background_color_gradient_overlays_image=&#8220;on&#8220; background_image=&#8220;https:\/\/info-workcare.ch\/wp-content\/uploads\/2023\/11\/person-helping-their-elder-neighbour-scaled-e1698944517460.jpg&#8220; background_size=&#8220;custom&#8220; background_image_width=&#8220;50%&#8220; background_position=&#8220;center_right&#8220; custom_padding=&#8220;3rem||3rem||true|false&#8220; background_last_edited=&#8220;on|desktop&#8220; background_enable_image_tablet=&#8220;off&#8220; saved_tabs=&#8220;all&#8220; locked=&#8220;off&#8220; global_colors_info=&#8220;{%22gcid-9c204239-61ba-4b60-8792-0fda9b6cbe65%22:%91%22background_color%22%93}&#8220;][et_pb_row _builder_version=&#8220;4.22.2&#8243; _module_preset=&#8220;default&#8220; global_colors_info=&#8220;{}&#8220;][et_pb_column type=&#8220;4_4&#8243; _builder_version=&#8220;4.22.2&#8243; _module_preset=&#8220;default&#8220; global_colors_info=&#8220;{}&#8220;][et_pb_text _builder_version=&#8220;4.23&#8243; _dynamic_attributes=&#8220;content&#8220; _module_preset=&#8220;default&#8220; header_text_color=&#8220;gcid-f4756ec7-6c25-4361-8e7f-b089b7e08c10&#8243; header_2_text_color=&#8220;gcid-f4756ec7-6c25-4361-8e7f-b089b7e08c10&#8243; custom_margin=&#8220;||10px||false|false&#8220; custom_padding=&#8220;||||false|false&#8220; global_colors_info=&#8220;{%22gcid-f4756ec7-6c25-4361-8e7f-b089b7e08c10%22:%91%22header_text_color%22,%22header_2_text_color%22%93}&#8220;]@ET-DC@eyJkeW5hbWljIjp0cnVlLCJjb250ZW50IjoicG9zdF90aXRsZSIsInNldHRpbmdzIjp7ImJlZm9yZSI6IjxoMT4iLCJhZnRlciI6IjwvaDE+In19@[\/et_pb_text][et_pb_button button_url=&#8220;#mehr&#8220; button_text=&#8220;Mehr dazu&#8220; _builder_version=&#8220;4.27.0&#8243; _module_preset=&#8220;eef9f03a-7744-4384-a412-ccf9198c1f25&#8243; global_colors_info=&#8220;{}&#8220;][\/et_pb_button][\/et_pb_column][\/et_pb_row][\/et_pb_section][et_pb_section fb_built=&#8220;1&#8243; _builder_version=&#8220;4.22.2&#8243; _module_preset=&#8220;default&#8220; background_color=&#8220;#FFFFFF&#8220; custom_padding=&#8220;0px||0px|||&#8220; global_colors_info=&#8220;{}&#8220;][et_pb_row _builder_version=&#8220;4.22.2&#8243; _module_preset=&#8220;default&#8220; custom_padding=&#8220;2rem||2rem||true|false&#8220; global_colors_info=&#8220;{}&#8220;][et_pb_column type=&#8220;4_4&#8243; _builder_version=&#8220;4.22.2&#8243; _module_preset=&#8220;default&#8220; global_colors_info=&#8220;{}&#8220;][dsm_breadcrumbs home_text=&#8220;Accueil&#8220; home_icon=&#8220;&#xf015;||fa||900&#8243; separator_icon=&#8220;&#x45;||divi||400&#8243; current_padding=&#8220;||||true|true&#8220; _builder_version=&#8220;4.22.2&#8243; _module_preset=&#8220;default&#8220; items_font=&#8220;|700|||||||&#8220; items_text_color=&#8220;gcid-f4756ec7-6c25-4361-8e7f-b089b7e08c10&#8243; home_icon_text_color=&#8220;gcid-f4756ec7-6c25-4361-8e7f-b089b7e08c10&#8243; separators_text_color=&#8220;gcid-f4756ec7-6c25-4361-8e7f-b089b7e08c10&#8243; current_text_color=&#8220;gcid-3c806b9a-aa2d-46da-be86-b310ce4f6f7d&#8220; global_colors_info=&#8220;{%22gcid-3c806b9a-aa2d-46da-be86-b310ce4f6f7d%22:%91%22current_text_color%22%93,%22gcid-f4756ec7-6c25-4361-8e7f-b089b7e08c10%22:%91%22home_icon_text_color%22,%22items_text_color%22,%22separators_text_color%22%93}&#8220;][\/dsm_breadcrumbs][\/et_pb_column][\/et_pb_row][\/et_pb_section][et_pb_section fb_built=&#8220;1&#8243; module_id=&#8220;mehr&#8220; _builder_version=&#8220;4.23&#8243; _module_preset=&#8220;default&#8220; custom_padding=&#8220;0px||0px|||&#8220; global_colors_info=&#8220;{}&#8220;][et_pb_row column_structure=&#8220;2_3,1_3&#8243; _builder_version=&#8220;4.23&#8243; _module_preset=&#8220;default&#8220; global_colors_info=&#8220;{}&#8220;][et_pb_column type=&#8220;2_3&#8243; _builder_version=&#8220;4.22.2&#8243; _module_preset=&#8220;default&#8220; global_colors_info=&#8220;{}&#8220;][et_pb_text _builder_version=&#8220;4.23&#8243; _module_preset=&#8220;default&#8220; global_colors_info=&#8220;{}&#8220;]<\/p>\n<h2>Sie sind nicht allein, diese besondere Situation einer pflegenden und\/oder betreuenden &#8211; aber auch berufst\u00e4tigen &#8211; Person zu erleben.<\/h2>\n<p>Vielleicht\u00a0<span id=\"result_box\" lang=\"de\" xml:lang=\"de\">die eine oder andere\u00a0dieser Zeugenaussagen\u00a0scheinen\u00a0Ihnen vertraut.<\/span><\/p>\n<p><span lang=\"de\" xml:lang=\"de\">Die Ratschl\u00e4ge von ihren Vorg\u00e4ngerInnen k\u00f6nnen vielleicht behilflich sein.<\/span><\/p>\n<p>[\/et_pb_text][et_pb_text _builder_version=&#8220;4.23&#8243; _module_preset=&#8220;default&#8220; global_colors_info=&#8220;{}&#8220;]<\/p>\n<h3>Benedikt Fischer : Tips<\/h3>\n<p>[\/et_pb_text][et_pb_video src=&#8220;https:\/\/info-workcare.ch\/wp-content\/uploads\/2025\/10\/Benedikt-Fischer_-conseils-francais.mp4&#8243; _builder_version=&#8220;4.27.0&#8243; _module_preset=&#8220;default&#8220; title_text=&#8220;Benedikt Fischer_ conseils (franc\u0327ais)&#8220; hover_enabled=&#8220;0&#8243; sticky_enabled=&#8220;0&#8243; locked=&#8220;off&#8220;][\/et_pb_video][et_pb_text _builder_version=&#8220;4.23&#8243; _module_preset=&#8220;default&#8220; locked=&#8220;off&#8220; global_colors_info=&#8220;{}&#8220;]<\/p>\n<h3>Benedikt Fischer : Herausforderungen<\/h3>\n<p>[\/et_pb_text][et_pb_video src=&#8220;https:\/\/info-workcare.ch\/wp-content\/uploads\/2025\/10\/Benedikt-Fischer_-defis-francais.mp4&#8243; _builder_version=&#8220;4.27.0&#8243; _module_preset=&#8220;default&#8220; hover_enabled=&#8220;0&#8243; locked=&#8220;off&#8220; global_colors_info=&#8220;{}&#8220; title_text=&#8220;Benedikt Fischer_ de\u0301fis (franc\u0327ais)&#8220; sticky_enabled=&#8220;0&#8243;][\/et_pb_video][et_pb_text _builder_version=&#8220;4.23&#8243; _module_preset=&#8220;default&#8220; locked=&#8220;off&#8220; global_colors_info=&#8220;{}&#8220;]<\/p>\n<h3>Eva Scheidegger : Herausforderungen im Alltag<\/h3>\n<p>[\/et_pb_text][et_pb_video src=&#8220;https:\/\/info-workcare.ch\/wp-content\/uploads\/2025\/10\/Eva-Scheidegger_-defis-quotidiens-francais.mp4&#8243; _builder_version=&#8220;4.27.0&#8243; _module_preset=&#8220;default&#8220; hover_enabled=&#8220;0&#8243; locked=&#8220;off&#8220; global_colors_info=&#8220;{}&#8220; title_text=&#8220;Eva Scheidegger_ de\u0301fis quotidiens (franc\u0327ais)&#8220; sticky_enabled=&#8220;0&#8243;][\/et_pb_video][et_pb_text _builder_version=&#8220;4.23&#8243; _module_preset=&#8220;default&#8220; locked=&#8220;off&#8220; global_colors_info=&#8220;{}&#8220;]<\/p>\n<h3>Evelyn Huber &amp; Roger Vogt: Flexibilit\u00e4t<\/h3>\n<p>[\/et_pb_text][et_pb_video src=&#8220;https:\/\/info-workcare.ch\/wp-content\/uploads\/2025\/10\/Evelyn-Huber-Roger-Vogt_-flexibilite-francais.mp4&#8243; _builder_version=&#8220;4.27.0&#8243; _module_preset=&#8220;default&#8220; hover_enabled=&#8220;0&#8243; locked=&#8220;off&#8220; global_colors_info=&#8220;{}&#8220; title_text=&#8220;Evelyn Huber &#038; Roger Vogt_ flexibilite\u0301 (franc\u0327ais)&#8220; sticky_enabled=&#8220;0&#8243;][\/et_pb_video][et_pb_text _builder_version=&#8220;4.23&#8243; _module_preset=&#8220;default&#8220; locked=&#8220;off&#8220; global_colors_info=&#8220;{}&#8220;]<\/p>\n<h3>Charles Grossrieder: Aspects importants<\/h3>\n<p>(Im Moment nur auf Franz\u00f6sisch)<\/p>\n<p>[\/et_pb_text][et_pb_video src=&#8220;https:\/\/info-workcare.ch\/wp-content\/uploads\/2025\/10\/Charles-Grossrieder_-Aspects-importants.mp4&#8243; _builder_version=&#8220;4.27.0&#8243; _module_preset=&#8220;default&#8220; hover_enabled=&#8220;0&#8243; locked=&#8220;off&#8220; global_colors_info=&#8220;{}&#8220; title_text=&#8220;Charles Grossrieder_ Aspects importants&#8220; sticky_enabled=&#8220;0&#8243;][\/et_pb_video][et_pb_text _builder_version=&#8220;4.23&#8243; _module_preset=&#8220;default&#8220; locked=&#8220;off&#8220; global_colors_info=&#8220;{}&#8220;]<\/p>\n<h3>Charles Grossrieder: Organisation<\/h3>\n<p>(Im Moment nur auf Franz\u00f6sisch)<\/p>\n<p>[\/et_pb_text][et_pb_video src=&#8220;https:\/\/info-workcare.ch\/wp-content\/uploads\/2025\/10\/Charles-Grossrieder_-Organisation.mp4&#8243; _builder_version=&#8220;4.27.0&#8243; _module_preset=&#8220;default&#8220; hover_enabled=&#8220;0&#8243; locked=&#8220;off&#8220; global_colors_info=&#8220;{}&#8220; title_text=&#8220;Charles Grossrieder_ Organisation&#8220; sticky_enabled=&#8220;0&#8243;][\/et_pb_video][et_pb_text _builder_version=&#8220;4.23&#8243; _module_preset=&#8220;default&#8220; locked=&#8220;off&#8220; global_colors_info=&#8220;{}&#8220;]<\/p>\n<h3>Christian Anglada: Mesures<\/h3>\n<p>(Im Moment nur auf Franz\u00f6sisch)<\/p>\n<p>[\/et_pb_text][et_pb_video src=&#8220;https:\/\/info-workcare.ch\/wp-content\/uploads\/2025\/10\/Christian-Anglada_-Mesures.mp4&#8243; _builder_version=&#8220;4.27.0&#8243; _module_preset=&#8220;default&#8220; hover_enabled=&#8220;0&#8243; locked=&#8220;off&#8220; global_colors_info=&#8220;{}&#8220; title_text=&#8220;Christian Anglada_ Mesures&#8220; sticky_enabled=&#8220;0&#8243;][\/et_pb_video][et_pb_text _builder_version=&#8220;4.23&#8243; _module_preset=&#8220;default&#8220; locked=&#8220;off&#8220; global_colors_info=&#8220;{}&#8220;]<\/p>\n<h3>Christian Anglada: Situations d\u00e9licates<\/h3>\n<p>(Im Moment nur auf Franz\u00f6sisch)<\/p>\n<p>[\/et_pb_text][et_pb_video src=&#8220;https:\/\/info-workcare.ch\/wp-content\/uploads\/2025\/10\/Christian-Anglada_-Situations-delicates-.mp4&#8243; _builder_version=&#8220;4.27.0&#8243; _module_preset=&#8220;default&#8220; hover_enabled=&#8220;0&#8243; locked=&#8220;off&#8220; global_colors_info=&#8220;{}&#8220; title_text=&#8220;Christian Anglada_ Situations de\u0301licates&#8220; sticky_enabled=&#8220;0&#8243;][\/et_pb_video][et_pb_text _builder_version=&#8220;4.23&#8243; _module_preset=&#8220;default&#8220; locked=&#8220;off&#8220; global_colors_info=&#8220;{}&#8220;]<\/p>\n<h3>Christian Anglada: R\u00e9actions<\/h3>\n<p>(Im Moment nur auf Franz\u00f6sisch)<\/p>\n<p>[\/et_pb_text][et_pb_video src=&#8220;https:\/\/info-workcare.ch\/wp-content\/uploads\/2025\/10\/Christian-Anglada_-Reactions.mp4&#8243; _builder_version=&#8220;4.27.0&#8243; _module_preset=&#8220;default&#8220; hover_enabled=&#8220;0&#8243; locked=&#8220;off&#8220; global_colors_info=&#8220;{}&#8220; title_text=&#8220;Christian Anglada_ Re\u0301actions&#8220; sticky_enabled=&#8220;0&#8243;][\/et_pb_video][et_pb_text _builder_version=&#8220;4.23&#8243; _module_preset=&#8220;default&#8220; locked=&#8220;off&#8220; global_colors_info=&#8220;{}&#8220;]<\/p>\n<h3>Christian Anglada: Formes de soutien<\/h3>\n<p>(Im Moment nur auf Franz\u00f6sisch)<\/p>\n<p>[\/et_pb_text][et_pb_video src=&#8220;https:\/\/info-workcare.ch\/wp-content\/uploads\/2025\/10\/Christian-Anglada_-Formes-de-soutien-.mp4&#8243; _builder_version=&#8220;4.27.0&#8243; _module_preset=&#8220;default&#8220; hover_enabled=&#8220;0&#8243; locked=&#8220;off&#8220; global_colors_info=&#8220;{}&#8220; title_text=&#8220;Christian Anglada_ Formes de soutien&#8220; sticky_enabled=&#8220;0&#8243;][\/et_pb_video][et_pb_text _builder_version=&#8220;4.23&#8243; _module_preset=&#8220;default&#8220; locked=&#8220;off&#8220; global_colors_info=&#8220;{}&#8220;]<\/p>\n<h3>Nicoletta Mena: Engagement<\/h3>\n<p>(Im Moment nur auf Franz\u00f6sisch)<\/p>\n<p>[\/et_pb_text][et_pb_video src=&#8220;https:\/\/info-workcare.ch\/wp-content\/uploads\/2025\/10\/Nicoletta-Mena_-Engagement.mp4&#8243; _builder_version=&#8220;4.27.0&#8243; _module_preset=&#8220;default&#8220; hover_enabled=&#8220;0&#8243; locked=&#8220;off&#8220; global_colors_info=&#8220;{}&#8220; title_text=&#8220;Nicoletta Mena_ Engagement&#8220; sticky_enabled=&#8220;0&#8243;][\/et_pb_video][et_pb_text _builder_version=&#8220;4.23&#8243; _module_preset=&#8220;default&#8220; locked=&#8220;off&#8220; global_colors_info=&#8220;{}&#8220;]<\/p>\n<h3>Nicoletta Mena: Engagement professionnel<\/h3>\n<p>(Im Moment nur auf Franz\u00f6sisch)<\/p>\n<p>[\/et_pb_text][et_pb_video src=&#8220;https:\/\/info-workcare.ch\/wp-content\/uploads\/2025\/10\/Nicoletta-Mena_-Engagement-professionnel-.mp4&#8243; _builder_version=&#8220;4.27.0&#8243; _module_preset=&#8220;default&#8220; hover_enabled=&#8220;0&#8243; locked=&#8220;off&#8220; global_colors_info=&#8220;{}&#8220; title_text=&#8220;Nicoletta Mena_ Engagement professionnel&#8220; sticky_enabled=&#8220;0&#8243;][\/et_pb_video][et_pb_text _builder_version=&#8220;4.23&#8243; _module_preset=&#8220;default&#8220; locked=&#8220;off&#8220; global_colors_info=&#8220;{}&#8220;]<\/p>\n<h3>Nicoletta Mena: Ressources<\/h3>\n<p>(Im Moment nur auf Franz\u00f6sisch)<\/p>\n<p>[\/et_pb_text][et_pb_video src=&#8220;https:\/\/info-workcare.ch\/wp-content\/uploads\/2025\/10\/Nicoletta-Mena_-Ressources.mp4&#8243; _builder_version=&#8220;4.27.0&#8243; _module_preset=&#8220;default&#8220; hover_enabled=&#8220;0&#8243; locked=&#8220;off&#8220; global_colors_info=&#8220;{}&#8220; title_text=&#8220;Nicoletta Mena_ Ressources&#8220; sticky_enabled=&#8220;0&#8243;][\/et_pb_video][et_pb_text _builder_version=&#8220;4.23&#8243; _module_preset=&#8220;default&#8220; locked=&#8220;off&#8220; global_colors_info=&#8220;{}&#8220;]<\/p>\n<h3>Nicoletta Mena: Difficult\u00e9s<\/h3>\n<p>(Im Moment nur auf Franz\u00f6sisch)<\/p>\n<p>[\/et_pb_text][et_pb_video src=&#8220;https:\/\/info-workcare.ch\/wp-content\/uploads\/2025\/10\/Nicoletta-Mena_-Difficultes.mp4&#8243; _builder_version=&#8220;4.27.0&#8243; _module_preset=&#8220;default&#8220; hover_enabled=&#8220;0&#8243; locked=&#8220;off&#8220; global_colors_info=&#8220;{}&#8220; title_text=&#8220;Nicoletta Mena_ Difficulte\u0301s&#8220; sticky_enabled=&#8220;0&#8243;][\/et_pb_video][et_pb_text _builder_version=&#8220;4.23&#8243; _module_preset=&#8220;default&#8220; locked=&#8220;off&#8220; global_colors_info=&#8220;{}&#8220;]<\/p>\n<h3>Nicoletta Mena: Recommandations<\/h3>\n<p>(Im Moment nur auf Franz\u00f6sisch)<\/p>\n<p>[\/et_pb_text][et_pb_video src=&#8220;https:\/\/info-workcare.ch\/wp-content\/uploads\/2025\/10\/Nicoletta-Mena_-Recommandations-.mp4&#8243; _builder_version=&#8220;4.27.0&#8243; _module_preset=&#8220;default&#8220; hover_enabled=&#8220;0&#8243; locked=&#8220;off&#8220; global_colors_info=&#8220;{}&#8220; title_text=&#8220;Nicoletta Mena_ Recommandations&#8220; sticky_enabled=&#8220;0&#8243;][\/et_pb_video][et_pb_text _builder_version=&#8220;4.23&#8243; _module_preset=&#8220;default&#8220; locked=&#8220;off&#8220; global_colors_info=&#8220;{}&#8220;]<\/p>\n<p>Wir danken allen Personen, die sich bereit erkl\u00e4rt haben, \u00fcber ihre Erfahrungen zu sprechen.<\/p>\n<p>Das ist nicht einfach, weil das Erlebte manchmal schmerzhaft ist.<\/p>\n<p>Aber vielleicht k\u00f6nnen diese Erfahrungsberichte anderen Personen helfen.<\/p>\n<p>Die Videos wurden von Careum Forschung, dem<em>\u00a0<\/em>Forschungsinstitut der Kalaidos Fachhochschule Gesundheit in Z\u00fcrich realisiert.<\/p>\n<p>Die franz\u00f6sischen Untertitel wurden von Travail.Suisse erstellt.<\/p>\n<p>[\/et_pb_text][\/et_pb_column][et_pb_column type=&#8220;1_3&#8243; _builder_version=&#8220;4.22.2&#8243; _module_preset=&#8220;default&#8220; global_colors_info=&#8220;{}&#8220;][dsm_card title=&#8220;Dringend: Ich brauche Tipps !&#8220; badge_text=&#8220;Badget Text&#8220; button_text=&#8220;Mehr dazu&#8220; button_url=&#8220;@ET-DC@eyJkeW5hbWljIjp0cnVlLCJjb250ZW50IjoicG9zdF9saW5rX3VybF9wYWdlIiwic2V0dGluZ3MiOnsicG9zdF9pZCI6IjY4In19@&#8220; _builder_version=&#8220;4.26.0&#8243; _dynamic_attributes=&#8220;button_url&#8220; _module_preset=&#8220;22631c59-47f6-4609-b450-b49e635932c7&#8243; global_module=&#8220;1217&#8243; global_colors_info=&#8220;{%22gcid-d2d5bf86-5243-4ce7-98d7-8b0210f7807d%22:%91%22button_bg_color%22,%22button_bg_color%22,%22button_bg_color%22%93,%22gcid-f4756ec7-6c25-4361-8e7f-b089b7e08c10%22:%91%22header_text_color%22,%22header_text_color%22,%22header_text_color%22%93,%22gcid-9c204239-61ba-4b60-8792-0fda9b6cbe65%22:%91%22background_color%22,%22background_color%22,%22background_color%22%93}&#8220;]<\/p>\n<p>Wie organisieren Sie Ihre Arbeit und Ihre Anwesenheit bei Ihren Eltern? Wie gehen Sie mit Ihren unmittelbaren und konkreten Sorgen um? Finden Sie Tipps f\u00fcr verschiedene Notsituationen.<\/p>\n<p>[\/dsm_card][dsm_card title=&#8220;Ich habe viele Fragen&#8220; image_as_background=&#8220;off&#8220; image_width=&#8220;65px&#8220; hover_icon=&#8220;&#x50;||divi||400&#8243; button_text=&#8220;Mehr dazu&#8220; button_url=&#8220;@ET-DC@eyJkeW5hbWljIjp0cnVlLCJjb250ZW50IjoicG9zdF9saW5rX3VybF9wYWdlIiwic2V0dGluZ3MiOnsicG9zdF9pZCI6Ijk1NyJ9fQ==@&#8220; _builder_version=&#8220;4.26.0&#8243; _dynamic_attributes=&#8220;button_url&#8220; _module_preset=&#8220;22631c59-47f6-4609-b450-b49e635932c7&#8243; global_module=&#8220;1189&#8243; saved_tabs=&#8220;all&#8220; locked=&#8220;off&#8220; global_colors_info=&#8220;{%22gcid-d2d5bf86-5243-4ce7-98d7-8b0210f7807d%22:%91%22button_bg_color%22,%22button_bg_color%22,%22button_bg_color%22,%22button_bg_color%22,%22button_bg_color%22%93,%22gcid-f4756ec7-6c25-4361-8e7f-b089b7e08c10%22:%91%22header_text_color%22,%22border_color_bottom%22,%22icon_color%22,%22button_bg_color__hover%22,%22header_text_color%22,%22icon_color%22,%22button_bg_color__hover%22,%22header_text_color%22,%22icon_color%22,%22header_text_color%22,%22icon_color%22%93,%22gcid-9c204239-61ba-4b60-8792-0fda9b6cbe65%22:%91%22background_color%22%93}&#8220;]<\/p>\n<section id=\"block-bean-block-type-diaporama-fr-0\" class=\"block block-bean col-lg-6 clearfix\">\n<article class=\"entity entity-bean bean-block-type-homepage view-mode-default \">\n<div class=\"row\">\n<div class=\"col-sm-12 \">\n<div class=\"field field-name-field-body field-type-text-long field-label-hidden\">\n<div class=\"field-items\">\n<div class=\"field-item even\">\n<p>Wir haben die h\u00e4ufigsten Fragen zusammengestellt. Sie werden dort sicherlich erste Antworten finden.<\/p>\n<\/div>\n<\/div>\n<\/div>\n<\/div>\n<\/div>\n<\/article>\n<\/section>\n<p>[\/dsm_card][\/et_pb_column][\/et_pb_row][et_pb_row column_structure=&#8220;1_2,1_2&#8243; use_custom_gutter=&#8220;on&#8220; gutter_width=&#8220;2&#8243; make_equal=&#8220;on&#8220; _builder_version=&#8220;4.23&#8243; _module_preset=&#8220;default&#8220; global_colors_info=&#8220;{}&#8220;][et_pb_column type=&#8220;1_2&#8243; _builder_version=&#8220;4.23&#8243; _module_preset=&#8220;default&#8220; global_colors_info=&#8220;{}&#8220;][dsm_card title=&#8220;\u00dcber info-workcare&#8220; image_as_background=&#8220;off&#8220; image_width=&#8220;60px&#8220; button_text=&#8220;Mehr dazu&#8220; button_url=&#8220;@ET-DC@eyJkeW5hbWljIjp0cnVlLCJjb250ZW50IjoicG9zdF9saW5rX3VybF9wYWdlIiwic2V0dGluZ3MiOnsicG9zdF9pZCI6IjgyNiJ9fQ==@&#8220; _builder_version=&#8220;4.27.0&#8243; _dynamic_attributes=&#8220;button_url&#8220; _module_preset=&#8220;22631c59-47f6-4609-b450-b49e635932c7&#8243; global_module=&#8220;1173&#8243; locked=&#8220;off&#8220; global_colors_info=&#8220;{%22gcid-d2d5bf86-5243-4ce7-98d7-8b0210f7807d%22:%91%22button_bg_color%22,%22button_bg_color%22,%22button_bg_color%22,%22button_bg_color%22,%22button_bg_color%22,%22button_bg_color%22,%22button_bg_color%22,%22button_bg_color%22,%22button_bg_color%22,%22button_bg_color%22%93,%22gcid-f4756ec7-6c25-4361-8e7f-b089b7e08c10%22:%91%22header_text_color%22,%22border_color_bottom%22,%22icon_color%22,%22button_bg_color__hover%22,%22header_text_color%22,%22border_color_bottom%22,%22icon_color%22,%22button_bg_color__hover%22,%22header_text_color%22,%22border_color_bottom%22,%22icon_color%22,%22header_text_color%22,%22border_color_bottom%22,%22icon_color%22,%22header_text_color%22,%22icon_color%22,%22button_bg_color__hover%22,%22header_text_color%22,%22icon_color%22,%22header_text_color%22,%22icon_color%22%93,%22gcid-9c204239-61ba-4b60-8792-0fda9b6cbe65%22:%91%22background_color%22,%22background_color%22,%22background_color%22,%22background_color%22,%22background_color%22,%22background_color%22,%22background_color%22,%22background_color%22,%22background_color%22,%22background_color%22%93}&#8220;]<\/p>\n<section id=\"block-bean-block-type-diaporama-fr-0\" class=\"block block-bean col-lg-6 clearfix\">\n<article class=\"entity entity-bean bean-block-type-homepage view-mode-default \">\n<div class=\"row\">\n<div class=\"col-sm-12 \">\n<div class=\"field field-name-field-body field-type-text-long field-label-hidden\">\n<div class=\"field-items\">\n<div class=\"field-item even\">\n<p>Entdecken Sie, was \u00abCare-Arbeit\u00bb bedeutet, sowie die von info-workcare.ch angestrebten Ziele.<\/p>\n<\/div>\n<\/div>\n<\/div>\n<\/div>\n<\/div>\n<\/article>\n<\/section>\n<p>[\/dsm_card][\/et_pb_column][et_pb_column type=&#8220;1_2&#8243; _builder_version=&#8220;4.23&#8243; _module_preset=&#8220;default&#8220; global_colors_info=&#8220;{}&#8220;][dsm_card title=&#8220;Dringend: Ich brauche Tipps !&#8220; badge_text=&#8220;Badget Text&#8220; button_text=&#8220;Mehr dazu&#8220; button_url=&#8220;@ET-DC@eyJkeW5hbWljIjp0cnVlLCJjb250ZW50IjoicG9zdF9saW5rX3VybF9wYWdlIiwic2V0dGluZ3MiOnsicG9zdF9pZCI6IjY4In19@&#8220; _builder_version=&#8220;4.26.0&#8243; _dynamic_attributes=&#8220;button_url&#8220; _module_preset=&#8220;22631c59-47f6-4609-b450-b49e635932c7&#8243; global_module=&#8220;1217&#8243; global_colors_info=&#8220;{%22gcid-d2d5bf86-5243-4ce7-98d7-8b0210f7807d%22:%91%22button_bg_color%22,%22button_bg_color%22,%22button_bg_color%22%93,%22gcid-f4756ec7-6c25-4361-8e7f-b089b7e08c10%22:%91%22header_text_color%22,%22header_text_color%22,%22header_text_color%22%93,%22gcid-9c204239-61ba-4b60-8792-0fda9b6cbe65%22:%91%22background_color%22,%22background_color%22,%22background_color%22%93}&#8220;]<\/p>\n<p>Wie organisieren Sie Ihre Arbeit und Ihre Anwesenheit bei Ihren Eltern? Wie gehen Sie mit Ihren unmittelbaren und konkreten Sorgen um? Finden Sie Tipps f\u00fcr verschiedene Notsituationen.<\/p>\n<p>[\/dsm_card][\/et_pb_column][\/et_pb_row][\/et_pb_section]<\/p>\n","protected":false},"excerpt":{"rendered":"<p><div class=\"et_pb_module dsm_breadcrumbs dsm_breadcrumbs_0\">\n\t\t\t\t\n\t\t\t\t\n\t\t\t\t\n\t\t\t\t\n\t\t\t\t\n\t\t\t\t\n\t\t\t\t<div class=\"et_pb_module_inner\">\n\t\t\t\t\t<nav class=\"dsm_breadcrumbs_wrap\">\n\t\t\t\t<ul class=\"dsm_breadcrumbs\" itemscope itemtype=\"https:\/\/schema.org\/BreadcrumbList\">\t\t\t<li class=\"dsm_breadcrumbs_item dsm_home_item dsm_home_item_custom\" itemprop=\"itemListElement\" itemscope\n\t\t\titemtype=\"https:\/\/schema.org\/ListItem\">\n\t\t\t\t<a href=\"https:\/\/info-workcare.ch\/de\/\" itemprop=\"item\" target=\"\">\n\t\t\t\t\t<span class='dsm_home_text_wrapper'>\n\t\t\t\t\t\t\t\t\t\t\t\t\t<span class=\"et-pb-icon dsm_home_icon\">&#xf015;<\/span>\n\t\t\t\t\t\t\t\t\t\t\t\t\t<span class=\"dsm_home_text\" itemprop=\"name\">\n\t\t\t\t\t\t\t\tAccueil\t\t\t\t\t\t\t<\/span>\n\t\t\t\t\t<\/span>\n\t\t\t\t<\/a>\n\t\t\t\t<meta itemprop=\"position\" content=\"1\" \/>\n\t\t\t<\/li>\n\n\t\t<li class=\"dsm_breadcrumbs_separator\"> <span class=\"et-pb-icon dsm_separator_icon\">&#x45;<\/span><\/li><br \/>\n<b>Warning<\/b>:  Attempt to read property \"term_id\" on null in <b>\/home\/clients\/6a20a99fd8dba08e5419d7dffd9e1be6\/sites\/info-workcare.ch\/wp-content\/plugins\/supreme-modules-pro-for-divi\/includes\/modules\/Breadcrumbs\/Breadcrumbs.php<\/b> on line <b>705<\/b><br \/>\n<\/ul>\n\t\t\t<\/nav>\n\t\t\t\t<\/div>\n\t\t\t<\/div>Sie sind nicht allein, diese besondere Situation einer pflegenden und\/oder betreuenden &#8211; aber auch berufst\u00e4tigen &#8211; Person zu erleben. Vielleicht\u00a0die eine oder andere\u00a0dieser Zeugenaussagen\u00a0scheinen\u00a0Ihnen vertraut. Die Ratschl\u00e4ge von ihren Vorg\u00e4ngerInnen k\u00f6nnen vielleicht behilflich sein.Benedikt Fischer : TipsBenedikt Fischer : HerausforderungenEva Scheidegger : Herausforderungen im AlltagEvelyn Huber &amp; Roger Vogt: Flexibilit\u00e4tCharles Grossrieder: Aspects importants (Im Moment nur auf Franz\u00f6sisch)Charles Grossrieder: Organisation (Im Moment nur auf Franz\u00f6sisch)Christian Anglada: Mesures (Im Moment nur auf Franz\u00f6sisch)Christian Anglada: Situations d\u00e9licates (Im Moment nur auf Franz\u00f6sisch)Christian Anglada: R\u00e9actions (Im Moment nur auf Franz\u00f6sisch)Christian Anglada: Formes de soutien (Im Moment nur auf Franz\u00f6sisch)Nicoletta Mena: Engagement (Im Moment nur auf Franz\u00f6sisch)Nicoletta Mena: Engagement professionnel (Im Moment nur auf Franz\u00f6sisch)Nicoletta Mena: Ressources (Im Moment nur auf Franz\u00f6sisch)Nicoletta Mena: Difficult\u00e9s (Im Moment nur auf Franz\u00f6sisch)Nicoletta Mena: Recommandations (Im Moment nur auf Franz\u00f6sisch)Wir danken allen Personen, die sich bereit erkl\u00e4rt haben, \u00fcber ihre Erfahrungen zu sprechen. Das ist nicht einfach, weil das Erlebte manchmal schmerzhaft ist. Aber vielleicht k\u00f6nnen diese Erfahrungsberichte anderen Personen helfen. Die Videos wurden von Careum Forschung, dem\u00a0Forschungsinstitut der Kalaidos Fachhochschule Gesundheit in Z\u00fcrich realisiert. Die franz\u00f6sischen Untertitel wurden von Travail.Suisse erstellt.<div class=\"et_pb_module dsm_card dsm_card_0 et_pb_bg_layout_light  dsm_card_layout_stacked\">\n\t\t\t\t\n\t\t\t\t\n\t\t\t\t\n\t\t\t\t\n\t\t\t\t\n\t\t\t\t\n\t\t\t\t<div class=\"et_pb_module_inner\">\n\t\t\t\t\t\n\t\t\t\n\t\t\t\n\t\t\t<div class=\"et_pb_module dsm_card_wrapper et_pb_text_align_left\">\n\t\t\t\t\t\n\t\t\t\t\t<h4 class=\"dsm_card_title et_pb_module_header\">&#8220;Dringend:<\/h4>\n\t\t\t\t\t\n\t\t\t\t\t\n\t\t\t\t\t\n\t\t\t\t<\/div>\n\t\t\t\n\t\t\t\t<\/div>\n\t\t\t<\/div><\/p>\n","protected":false},"author":1,"featured_media":0,"parent":0,"menu_order":0,"comment_status":"closed","ping_status":"closed","template":"","meta":{"_et_pb_use_builder":"on","_et_pb_old_content":"","_et_gb_content_width":"","inline_featured_image":false,"footnotes":""},"class_list":["post-2090","page","type-page","status-publish","hentry"],"jetpack_sharing_enabled":true,"_links":{"self":[{"href":"https:\/\/info-workcare.ch\/de\/wp-json\/wp\/v2\/pages\/2090","targetHints":{"allow":["GET"]}}],"collection":[{"href":"https:\/\/info-workcare.ch\/de\/wp-json\/wp\/v2\/pages"}],"about":[{"href":"https:\/\/info-workcare.ch\/de\/wp-json\/wp\/v2\/types\/page"}],"author":[{"embeddable":true,"href":"https:\/\/info-workcare.ch\/de\/wp-json\/wp\/v2\/users\/1"}],"replies":[{"embeddable":true,"href":"https:\/\/info-workcare.ch\/de\/wp-json\/wp\/v2\/comments?post=2090"}],"version-history":[{"count":4,"href":"https:\/\/info-workcare.ch\/de\/wp-json\/wp\/v2\/pages\/2090\/revisions"}],"predecessor-version":[{"id":4233,"href":"https:\/\/info-workcare.ch\/de\/wp-json\/wp\/v2\/pages\/2090\/revisions\/4233"}],"wp:attachment":[{"href":"https:\/\/info-workcare.ch\/de\/wp-json\/wp\/v2\/media?parent=2090"}],"curies":[{"name":"wp","href":"https:\/\/api.w.org\/{rel}","templated":true}]}}