{"id":2073,"date":"2023-11-06T16:52:26","date_gmt":"2023-11-06T15:52:26","guid":{"rendered":"https:\/\/info-workcare.ch\/informations-juridiques\/"},"modified":"2023-12-01T14:04:11","modified_gmt":"2023-12-01T13:04:11","slug":"rechtliche-informationen","status":"publish","type":"page","link":"https:\/\/info-workcare.ch\/de\/rechtliche-informationen\/","title":{"rendered":"Rechtliche Informationen"},"content":{"rendered":"<p>[et_pb_section fb_built=&#8220;1&#8243; _builder_version=&#8220;4.23&#8243; _module_preset=&#8220;default&#8220; global_colors_info=&#8220;{}&#8220;][et_pb_row _builder_version=&#8220;4.23&#8243; _module_preset=&#8220;default&#8220; global_colors_info=&#8220;{}&#8220;][et_pb_column type=&#8220;4_4&#8243; _builder_version=&#8220;4.23&#8243; _module_preset=&#8220;default&#8220; global_colors_info=&#8220;{}&#8220;][et_pb_text _builder_version=&#8220;4.23&#8243; _module_preset=&#8220;default&#8220; header_text_color=&#8220;gcid-f4756ec7-6c25-4361-8e7f-b089b7e08c10&#8243; hover_enabled=&#8220;0&#8243; global_colors_info=&#8220;{%22gcid-1849c732-ace3-4e55-8040-df2740acd46e%22:%91%22header_2_text_color%22,%22header_2_text_color%22%93,%22gcid-f4756ec7-6c25-4361-8e7f-b089b7e08c10%22:%91%22header_text_color%22%93}&#8220; sticky_enabled=&#8220;0&#8243;]<\/p>\n<h1>Rechtliches<\/h1>\n<div class=\"region region-content\">\n<section id=\"block-system-main\" class=\"block block-system clearfix\">\n<div class=\"ds-1col node node-page view-mode-full clearfix\">\n<div class=\"field field-name-body field-type-text-with-summary field-label-hidden\">\n<div class=\"field-items\">\n<div class=\"field-item even\">\n<h2><strong>Nutzungsbedingungen<\/strong><\/h2>\n<h3>Datenschutz<\/h3>\n<p>Die bei der Benutzung der Website anfallenden pers\u00f6nlichen Daten werden ausschliesslich zu der von Ihnen gew\u00fcnschten Dienstleistungen erhoben und bearbeitet und nicht an Dritte weitergegeben. Der Zugang zu dieser Website erfolgt unverschl\u00fcsselt. Bei Verwendung der Kontaktformulare und anderen Eingabefeldern auf dieser Website erfolgt die \u00dcbermittlung verschl\u00fcsselt. Anfragen, welche wir per E-Mail oder Kontaktformular erhalten, beantworten wir \u00fcblicherweise auch per E-Mail. Sollten Sie dies nicht w\u00fcnschen, bitten wir Sie, dies im Rahmen der Anfrage anzumerken.<\/p>\n<h3>Cookies<\/h3>\n<p>Travail.Suisse setzt zur Erh\u00f6hung der Sicherheit und Funktionalit\u00e4t sogenannte Session-Cookies ein. Die Cookies werden vom Travail.Suisse-Rechner an den Browser gesandt. Dort verbleiben Sie nur im Zwischenspeicher und werden nicht dauerhaft auf die Festplatte geschrieben (im Gegensatz zu den \u201cdauerhaften oder persistenten Cookies\u201d). Sie speichern keine personenbezogenen Daten. Ihre G\u00fcltigkeit erlischt automatisch mit dem Beenden der Session.<\/p>\n<h3>Haftungsausschluss<\/h3>\n<p>Die Inhalte dieser Website stellen ein unverbindliches Informationsangebot dar. Obwohl die Informationen regelm\u00e4ssig auf Richtigkeit und Aktualit\u00e4t hin gepr\u00fcft werden, lehnen wir jede Haftung f\u00fcr unerw\u00fcnschte Folgen aus dem Gebrauch dieser Informationen ab. Unsere Website beinhaltet Hyperlinks zu Angeboten von Dritten. Sie benutzen diese Hyperlinks auf eigenes Risiko. F\u00fcr die Inhalte dieser Sites \u00fcbernehmen wir keine Verantwortung. Von unserer Haftung ausgeschlossen ist die Garantie f\u00fcr die st\u00e4ndige Verf\u00fcgbarkeit unseres Online-Angebotes sowie Sch\u00e4den (z.B. Verbindungsunterbruch, Viren), die aus der Benutzung unserer Website entstehen k\u00f6nnten.<\/p>\n<p>Die unter\u00a0<a href=\"https:\/\/info-workcare.ch\/de\/nuetzliche-adressen\/\">N\u00fctzliche Adressen<\/a>\u00a0aufgef\u00fchrten Adressen beruhen auf einer eigenen Recherche und stammen nicht von \u00a0geliehenen, kopierten oder gekauften Datenbanken. Die Angaben sind bereits durch Dritte publiziert worden und damit \u00f6ffentlich zug\u00e4nglich. Travail.Suisse ist nicht f\u00fcr die Richtigkeit und die Aktualit\u00e4t der \u00fcbernommenen, \u00f6ffentlich zug\u00e4nglichen Informationen verantwortlich. Sollten Verb\u00e4nde, Dienststellen und Beh\u00f6rden bei von ihnen angebotenen Dienstleistungen einen Fehler entdecken, sind sie gebeten, diesen mit Hilfe des daf\u00fcr unter\u00a0<a href=\"https:\/\/info-workcare.ch\/de\/kontakt\/\">Kontakt<\/a>\u00a0zur Verf\u00fcgung stehenden Formulars an Travail.Suisse zu melden. Die Korrekturen werden \u00fcberpr\u00fcft und \u2013 sofern sie sich als richtig erweisen &#8211; regelm\u00e4ssig \u00fcbernommen.<\/p>\n<h3>Copyright<\/h3>\n<p>Diese Website ist urheberrechtlich gesch\u00fctzt. Das Herunterladen und Ausdrucken von Inhalten ist gestattet. Ohne die vorherige schriftliche Zustimmung von Travail.Suisse ist jede weitere nicht gesetzlich erlaubte Vervielf\u00e4ltigung, Ver\u00e4nderung und Weiterverwendung, auch des Quellcodes, untersagt.<\/p>\n<\/div>\n<\/div>\n<\/div>\n<\/div>\n<\/section>\n<\/div>\n<p>[\/et_pb_text][\/et_pb_column][\/et_pb_row][\/et_pb_section]<\/p>\n","protected":false},"excerpt":{"rendered":"<p>Rechtliches Nutzungsbedingungen Datenschutz Die bei der Benutzung der Website anfallenden pers\u00f6nlichen Daten werden ausschliesslich zu der von Ihnen gew\u00fcnschten Dienstleistungen erhoben und bearbeitet und nicht an Dritte weitergegeben. Der Zugang zu dieser Website erfolgt unverschl\u00fcsselt. Bei Verwendung der Kontaktformulare und anderen Eingabefeldern auf dieser Website erfolgt die \u00dcbermittlung verschl\u00fcsselt. Anfragen, welche wir per E-Mail oder Kontaktformular erhalten, beantworten wir \u00fcblicherweise auch per E-Mail. Sollten Sie dies nicht w\u00fcnschen, bitten wir Sie, dies im Rahmen der Anfrage anzumerken. Cookies Travail.Suisse setzt zur Erh\u00f6hung der Sicherheit und Funktionalit\u00e4t sogenannte Session-Cookies ein. Die Cookies werden vom Travail.Suisse-Rechner an den Browser gesandt. Dort verbleiben Sie nur im Zwischenspeicher und werden nicht dauerhaft auf die Festplatte geschrieben (im Gegensatz zu den \u201cdauerhaften oder persistenten Cookies\u201d). Sie speichern keine personenbezogenen Daten. Ihre G\u00fcltigkeit erlischt automatisch mit dem Beenden der Session. Haftungsausschluss Die Inhalte dieser Website stellen ein unverbindliches Informationsangebot dar. Obwohl die Informationen regelm\u00e4ssig auf Richtigkeit und Aktualit\u00e4t hin gepr\u00fcft werden, lehnen wir jede Haftung f\u00fcr unerw\u00fcnschte Folgen aus dem Gebrauch dieser Informationen ab. Unsere Website beinhaltet Hyperlinks zu Angeboten von Dritten. Sie benutzen diese Hyperlinks auf eigenes Risiko. F\u00fcr die Inhalte dieser Sites \u00fcbernehmen wir keine Verantwortung. Von unserer Haftung ausgeschlossen ist die Garantie f\u00fcr [&hellip;]<\/p>\n","protected":false},"author":1,"featured_media":0,"parent":0,"menu_order":0,"comment_status":"closed","ping_status":"closed","template":"","meta":{"_et_pb_use_builder":"on","_et_pb_old_content":"","_et_gb_content_width":"","inline_featured_image":false,"footnotes":""},"class_list":["post-2073","page","type-page","status-publish","hentry"],"jetpack_sharing_enabled":true,"_links":{"self":[{"href":"https:\/\/info-workcare.ch\/de\/wp-json\/wp\/v2\/pages\/2073","targetHints":{"allow":["GET"]}}],"collection":[{"href":"https:\/\/info-workcare.ch\/de\/wp-json\/wp\/v2\/pages"}],"about":[{"href":"https:\/\/info-workcare.ch\/de\/wp-json\/wp\/v2\/types\/page"}],"author":[{"embeddable":true,"href":"https:\/\/info-workcare.ch\/de\/wp-json\/wp\/v2\/users\/1"}],"replies":[{"embeddable":true,"href":"https:\/\/info-workcare.ch\/de\/wp-json\/wp\/v2\/comments?post=2073"}],"version-history":[{"count":4,"href":"https:\/\/info-workcare.ch\/de\/wp-json\/wp\/v2\/pages\/2073\/revisions"}],"predecessor-version":[{"id":2727,"href":"https:\/\/info-workcare.ch\/de\/wp-json\/wp\/v2\/pages\/2073\/revisions\/2727"}],"wp:attachment":[{"href":"https:\/\/info-workcare.ch\/de\/wp-json\/wp\/v2\/media?parent=2073"}],"curies":[{"name":"wp","href":"https:\/\/api.w.org\/{rel}","templated":true}]}}