{"id":2037,"date":"2023-11-06T16:38:23","date_gmt":"2023-11-06T15:38:23","guid":{"rendered":"https:\/\/info-workcare.ch\/kontakt\/transmettre-plusieurs-nouvelles-adresses\/"},"modified":"2023-12-01T13:58:12","modified_gmt":"2023-12-01T12:58:12","slug":"mehrere-neue-adressen-melden","status":"publish","type":"page","link":"https:\/\/info-workcare.ch\/de\/kontakt\/mehrere-neue-adressen-melden\/","title":{"rendered":"Mehrere neue Adressen melden"},"content":{"rendered":"<p>[et_pb_section fb_built=&#8220;1&#8243; _builder_version=&#8220;4.23&#8243; _module_preset=&#8220;default&#8220; background_color=&#8220;gcid-9c204239-61ba-4b60-8792-0fda9b6cbe65&#8243; use_background_color_gradient=&#8220;on&#8220; background_color_gradient_direction=&#8220;90deg&#8220; background_color_gradient_stops=&#8220;#e5edf4 0%|rgba(229,237,244,0) 35%&#8220; background_color_gradient_overlays_image=&#8220;on&#8220; background_image=&#8220;https:\/\/info-workcare.ch\/wp-content\/uploads\/2023\/11\/grand-parent-learning-use-digital-divice-scaled-e1699284565542.jpg&#8220; background_size=&#8220;custom&#8220; background_image_width=&#8220;50%&#8220; background_position=&#8220;center_right&#8220; custom_padding=&#8220;3rem||3rem||true|false&#8220; background_last_edited=&#8220;on|desktop&#8220; background_enable_image_tablet=&#8220;off&#8220; global_module=&#8220;1035&#8243; saved_tabs=&#8220;all&#8220; locked=&#8220;off&#8220; global_colors_info=&#8220;{%22gcid-9c204239-61ba-4b60-8792-0fda9b6cbe65%22:%91%22background_color%22%93}&#8220;][et_pb_row _builder_version=&#8220;4.22.2&#8243; _module_preset=&#8220;default&#8220; global_colors_info=&#8220;{}&#8220;][et_pb_column type=&#8220;4_4&#8243; _builder_version=&#8220;4.22.2&#8243; _module_preset=&#8220;default&#8220; global_colors_info=&#8220;{}&#8220;][et_pb_text _builder_version=&#8220;4.23&#8243; _dynamic_attributes=&#8220;content&#8220; _module_preset=&#8220;default&#8220; header_text_color=&#8220;gcid-f4756ec7-6c25-4361-8e7f-b089b7e08c10&#8243; header_2_text_color=&#8220;gcid-f4756ec7-6c25-4361-8e7f-b089b7e08c10&#8243; custom_margin=&#8220;||10px||false|false&#8220; custom_padding=&#8220;||||false|false&#8220; global_colors_info=&#8220;{%22gcid-f4756ec7-6c25-4361-8e7f-b089b7e08c10%22:%91%22header_text_color%22,%22header_2_text_color%22%93}&#8220;]@ET-DC@eyJkeW5hbWljIjp0cnVlLCJjb250ZW50IjoicG9zdF90aXRsZSIsInNldHRpbmdzIjp7ImJlZm9yZSI6IjxoMT4iLCJhZnRlciI6IjwvaDE+In19@[\/et_pb_text][et_pb_button button_url=&#8220;#mehr&#8220; button_text=&#8220;Mehr \u00fcber&#8220; _builder_version=&#8220;4.22.2&#8243; _module_preset=&#8220;eef9f03a-7744-4384-a412-ccf9198c1f25&#8243; global_colors_info=&#8220;{}&#8220;][\/et_pb_button][\/et_pb_column][\/et_pb_row][\/et_pb_section][et_pb_section fb_built=&#8220;1&#8243; _builder_version=&#8220;4.22.2&#8243; _module_preset=&#8220;default&#8220; background_color=&#8220;#FFFFFF&#8220; custom_padding=&#8220;0px||0px|||&#8220; global_module=&#8220;1850&#8243; locked=&#8220;off&#8220; global_colors_info=&#8220;{}&#8220;][et_pb_row _builder_version=&#8220;4.22.2&#8243; _module_preset=&#8220;default&#8220; custom_padding=&#8220;2rem||2rem||true|false&#8220; global_colors_info=&#8220;{}&#8220;][et_pb_column type=&#8220;4_4&#8243; _builder_version=&#8220;4.22.2&#8243; _module_preset=&#8220;default&#8220; global_colors_info=&#8220;{}&#8220;][dsm_breadcrumbs home_text=&#8220;Startseite&#8220; home_icon=&#8220;&#xf015;||fa||900&#8243; separator_icon=&#8220;&#x45;||divi||400&#8243; current_padding=&#8220;||||true|true&#8220; _builder_version=&#8220;4.23&#8243; _module_preset=&#8220;default&#8220; items_font=&#8220;|700|||||||&#8220; items_text_color=&#8220;gcid-f4756ec7-6c25-4361-8e7f-b089b7e08c10&#8243; home_icon_text_color=&#8220;gcid-f4756ec7-6c25-4361-8e7f-b089b7e08c10&#8243; separators_text_color=&#8220;gcid-f4756ec7-6c25-4361-8e7f-b089b7e08c10&#8243; current_text_color=&#8220;gcid-3c806b9a-aa2d-46da-be86-b310ce4f6f7d&#8220; global_colors_info=&#8220;{%22gcid-3c806b9a-aa2d-46da-be86-b310ce4f6f7d%22:%91%22current_text_color%22%93,%22gcid-f4756ec7-6c25-4361-8e7f-b089b7e08c10%22:%91%22home_icon_text_color%22,%22items_text_color%22,%22separators_text_color%22%93}&#8220;][\/dsm_breadcrumbs][\/et_pb_column][\/et_pb_row][\/et_pb_section][et_pb_section fb_built=&#8220;1&#8243; module_id=&#8220;en-savoir-plus&#8220; _builder_version=&#8220;4.23&#8243; _module_preset=&#8220;default&#8220; custom_padding=&#8220;0px||0px|||&#8220; global_colors_info=&#8220;{}&#8220;][et_pb_row column_structure=&#8220;1_3,2_3&#8243; _builder_version=&#8220;4.23&#8243; _module_preset=&#8220;default&#8220; global_colors_info=&#8220;{}&#8220;][et_pb_column type=&#8220;1_3&#8243; _builder_version=&#8220;4.22.2&#8243; _module_preset=&#8220;default&#8220; global_colors_info=&#8220;{}&#8220;][dsm_menu menu_id=&#8220;13&#8243; _builder_version=&#8220;4.23&#8243; _module_preset=&#8220;default&#8220; global_colors_info=&#8220;{}&#8220;][\/dsm_menu][\/et_pb_column][et_pb_column type=&#8220;2_3&#8243; _builder_version=&#8220;4.22.2&#8243; _module_preset=&#8220;default&#8220; global_colors_info=&#8220;{}&#8220;][et_pb_text _builder_version=&#8220;4.23&#8243; _module_preset=&#8220;default&#8220; hover_enabled=&#8220;0&#8243; global_colors_info=&#8220;{}&#8220; sticky_enabled=&#8220;0&#8243;]<\/p>\n<h2>Sie arbeiten f\u00fcr eine Organisation, die pflegenden Angeh\u00f6rigen Dienstleistungen anbietet, welche noch nicht auf info-workcare.ch aufgef\u00fchrt\u00a0sind? Sie k\u00f6nnen ihre Adressen en bloc an info-workcare.ch senden, ohne das Formular \u00ab\u00a0Ich m\u00f6chte eine wichtige fehlende Adresse melden\u00a0\u00bb zu ben\u00fctzen.<\/h2>\n<p>Schicken Sie dazu ein Mail an info(at)travailsuisse.ch mit dem Hinweis \u00ab\u00a0Adressdateien f\u00fcr info-workcare.ch\u00a0\u00bb. Wir werden Ihnen eine vorformatierte Exceldatei zukommen lassen, in der Sie die erforderlichen Informationen einf\u00fcgen k\u00f6nnen.<\/p>\n<p>Dieses Vorgehen ist nur f\u00fcr jene Dienstleistungen bestimmt, die noch nicht im Adressverzeichnis aufgef\u00fchrt sind. Wenn Sie Korrekturen bei schon aufgef\u00fchrten Dienstleistungen anbringen wollen, bitten wir Sie, das Formular \u201e<a href=\"https:\/\/info-workcare.ch\/de\/kontakt\/ich-moechte-auf-einen-fehler-hinweisen\/\">Ich m\u00f6chte auf einen Fehler hinweisen<\/a>\u201c zu ben\u00fctzen.<\/p>\n<p><strong>Achtung: Eine lokale Dienstleistung = eine Linie in der Datei<\/strong><br \/>Bitte beachten Sie, dass jede Dienstleistung f\u00fcr jeden Kanton, in dem sie angeboten wird, separat aufgef\u00fchrt werden muss. Wenn die gleiche Dienstleistung in mehreren Kantonen angeboten wird, m\u00fcssen Sie f\u00fcr jeden Kanton eine Linie ausf\u00fcllen.<\/p>\n<p>[\/et_pb_text][\/et_pb_column][\/et_pb_row][\/et_pb_section]<\/p>\n","protected":false},"excerpt":{"rendered":"<p><div class=\"et_pb_module dsm_breadcrumbs dsm_breadcrumbs_0\">\n\t\t\t\t\n\t\t\t\t\n\t\t\t\t\n\t\t\t\t\n\t\t\t\t\n\t\t\t\t\n\t\t\t\t<div class=\"et_pb_module_inner\">\n\t\t\t\t\t<nav class=\"dsm_breadcrumbs_wrap\">\n\t\t\t\t<ul class=\"dsm_breadcrumbs\" itemscope itemtype=\"https:\/\/schema.org\/BreadcrumbList\">\t\t\t<li class=\"dsm_breadcrumbs_item dsm_home_item dsm_home_item_custom\" itemprop=\"itemListElement\" itemscope\n\t\t\titemtype=\"https:\/\/schema.org\/ListItem\">\n\t\t\t\t<a href=\"https:\/\/info-workcare.ch\/de\/\" itemprop=\"item\" target=\"\">\n\t\t\t\t\t<span class='dsm_home_text_wrapper'>\n\t\t\t\t\t\t\t\t\t\t\t\t\t<span class=\"et-pb-icon dsm_home_icon\">&#xf015;<\/span>\n\t\t\t\t\t\t\t\t\t\t\t\t\t<span class=\"dsm_home_text\" itemprop=\"name\">\n\t\t\t\t\t\t\t\tStartseite\t\t\t\t\t\t\t<\/span>\n\t\t\t\t\t<\/span>\n\t\t\t\t<\/a>\n\t\t\t\t<meta itemprop=\"position\" content=\"1\" \/>\n\t\t\t<\/li>\n\n\t\t<li class=\"dsm_breadcrumbs_separator\"> <span class=\"et-pb-icon dsm_separator_icon\">&#x45;<\/span><\/li><br \/>\n<b>Warning<\/b>:  Attempt to read property \"term_id\" on null in <b>\/home\/clients\/6a20a99fd8dba08e5419d7dffd9e1be6\/sites\/info-workcare.ch\/wp-content\/plugins\/supreme-modules-pro-for-divi\/includes\/modules\/Breadcrumbs\/Breadcrumbs.php<\/b> on line <b>705<\/b><br \/>\n<\/ul>\n\t\t\t<\/nav>\n\t\t\t\t<\/div>\n\t\t\t<\/div><div class=\"et_pb_with_border et_pb_module dsm_menu dsm_menu_0 et_pb_sticky_module  et_pb_text_align_left et_pb_bg_layout_light\">\n\t\t\t\t\n\t\t\t\t\n\t\t\t\t\n\t\t\t\t\n\t\t\t\t\n\t\t\t\t\n\t\t\t\t<div class=\"et_pb_module_inner\">\n\t\t\t\t\t<nav class=\"dsm-menu-container\" role=navigation itemscope itemtype=http:\/\/schema.org\/SiteNavigationElement><ul id=\"menu-menu-contact-fr\" class=\"dsm-menu dsm-menu-style-type-none dsm-menu-layout-vertical\"><li id=\"menu-item-1017\" class=\"et_pb_menu_page_id-1013 menu-item menu-item-type-post_type menu-item-object-page menu-item-1017\"><a href=\"https:\/\/info-workcare.ch\/contact\/je-veux-signaler-une-adresse-importante-manquante\/\" itemprop=\"url\"><span itemprop=\"name\">Ich m\u00f6chte eine wichtige fehlende Adresse melden<\/span><\/a><\/li>\n<li id=\"menu-item-1024\" class=\"et_pb_menu_page_id-1019 menu-item menu-item-type-post_type menu-item-object-page menu-item-1024\"><a href=\"https:\/\/info-workcare.ch\/contact\/je-dois-signaler-une-erreur\/\" itemprop=\"url\"><span itemprop=\"name\">Ich m\u00f6chte auf einen Fehler hinweisen<\/span><\/a><\/li>\n<li id=\"menu-item-1030\" class=\"et_pb_menu_page_id-1026 menu-item menu-item-type-post_type menu-item-object-page menu-item-1030\"><a href=\"https:\/\/info-workcare.ch\/contact\/je-souhaite-quun-nouveau-theme-soit-traite\/\" itemprop=\"url\"><span itemprop=\"name\">Ich finde, dass ein zus\u00e4tzliches Thema auf info-workcare.ch behandelt werden muss<\/span><\/a><\/li>\n<li id=\"menu-item-1044\" class=\"et_pb_menu_page_id-1040 menu-item menu-item-type-post_type menu-item-object-page menu-item-1044\"><a href=\"https:\/\/info-workcare.ch\/contact\/appel-aux-utilisateurs\/\" itemprop=\"url\"><span itemprop=\"name\">Aufruf an die Nutzerinnen und Nutzer<\/span><\/a><\/li>\n<\/ul><\/nav>\n\t\t\t\t<\/div>\n\t\t\t<\/div>Sie arbeiten f\u00fcr eine Organisation, die pflegenden Angeh\u00f6rigen Dienstleistungen anbietet, welche noch nicht auf info-workcare.ch aufgef\u00fchrt\u00a0sind? Sie k\u00f6nnen ihre Adressen en bloc an info-workcare.ch senden, ohne das Formular \u00ab\u00a0Ich m\u00f6chte eine wichtige fehlende Adresse melden\u00a0\u00bb zu ben\u00fctzen. Schicken Sie dazu ein Mail an info(at)travailsuisse.ch mit dem Hinweis \u00ab\u00a0Adressdateien f\u00fcr info-workcare.ch\u00a0\u00bb. Wir werden Ihnen eine vorformatierte Exceldatei zukommen lassen, in der Sie die erforderlichen Informationen einf\u00fcgen k\u00f6nnen. Dieses Vorgehen ist nur f\u00fcr jene Dienstleistungen bestimmt, die noch nicht im Adressverzeichnis aufgef\u00fchrt sind. Wenn Sie Korrekturen bei schon aufgef\u00fchrten Dienstleistungen anbringen wollen, bitten wir Sie, das Formular \u201eIch m\u00f6chte auf einen Fehler hinweisen\u201c zu ben\u00fctzen. Achtung: Eine lokale Dienstleistung = eine Linie in der DateiBitte beachten Sie, dass jede Dienstleistung f\u00fcr jeden Kanton, in dem sie angeboten wird, separat aufgef\u00fchrt werden muss. Wenn die gleiche Dienstleistung in mehreren Kantonen angeboten wird, m\u00fcssen Sie f\u00fcr jeden Kanton eine Linie ausf\u00fcllen.<\/p>\n","protected":false},"author":1,"featured_media":0,"parent":2005,"menu_order":0,"comment_status":"closed","ping_status":"closed","template":"","meta":{"_et_pb_use_builder":"on","_et_pb_old_content":"","_et_gb_content_width":"","inline_featured_image":false,"footnotes":""},"class_list":["post-2037","page","type-page","status-publish","hentry"],"jetpack_sharing_enabled":true,"_links":{"self":[{"href":"https:\/\/info-workcare.ch\/de\/wp-json\/wp\/v2\/pages\/2037","targetHints":{"allow":["GET"]}}],"collection":[{"href":"https:\/\/info-workcare.ch\/de\/wp-json\/wp\/v2\/pages"}],"about":[{"href":"https:\/\/info-workcare.ch\/de\/wp-json\/wp\/v2\/types\/page"}],"author":[{"embeddable":true,"href":"https:\/\/info-workcare.ch\/de\/wp-json\/wp\/v2\/users\/1"}],"replies":[{"embeddable":true,"href":"https:\/\/info-workcare.ch\/de\/wp-json\/wp\/v2\/comments?post=2037"}],"version-history":[{"count":3,"href":"https:\/\/info-workcare.ch\/de\/wp-json\/wp\/v2\/pages\/2037\/revisions"}],"predecessor-version":[{"id":2725,"href":"https:\/\/info-workcare.ch\/de\/wp-json\/wp\/v2\/pages\/2037\/revisions\/2725"}],"up":[{"embeddable":true,"href":"https:\/\/info-workcare.ch\/de\/wp-json\/wp\/v2\/pages\/2005"}],"wp:attachment":[{"href":"https:\/\/info-workcare.ch\/de\/wp-json\/wp\/v2\/media?parent=2037"}],"curies":[{"name":"wp","href":"https:\/\/api.w.org\/{rel}","templated":true}]}}