{"id":1968,"date":"2023-11-02T16:59:40","date_gmt":"2023-11-02T15:59:40","guid":{"rendered":"https:\/\/info-workcare.ch\/ausbildung\/suivre-une-formation-certifiante\/"},"modified":"2023-11-30T14:33:45","modified_gmt":"2023-11-30T13:33:45","slug":"eine-ausbildung-mit-anerkanntem-abschluss-absolvieren","status":"publish","type":"page","link":"https:\/\/info-workcare.ch\/de\/ausbildung\/eine-ausbildung-mit-anerkanntem-abschluss-absolvieren\/","title":{"rendered":"Eine Ausbildung mit anerkanntem Abschluss absolvieren"},"content":{"rendered":"<p>[et_pb_section fb_built=&#8220;1&#8243; _builder_version=&#8220;4.23&#8243; _module_preset=&#8220;default&#8220; background_color=&#8220;gcid-9c204239-61ba-4b60-8792-0fda9b6cbe65&#8243; use_background_color_gradient=&#8220;on&#8220; background_color_gradient_direction=&#8220;90deg&#8220; background_color_gradient_stops=&#8220;#e5edf4 0%|rgba(229,237,244,0) 35%&#8220; background_color_gradient_overlays_image=&#8220;on&#8220; background_image=&#8220;https:\/\/info-workcare.ch\/wp-content\/uploads\/2023\/11\/social-worker-taking-care-senior-woman-scaled-e1698944009478.jpg&#8220; background_size=&#8220;custom&#8220; background_image_width=&#8220;50%&#8220; background_position=&#8220;top_right&#8220; custom_padding=&#8220;3rem||3rem||true|false&#8220; background_last_edited=&#8220;on|desktop&#8220; background_enable_image_tablet=&#8220;off&#8220; global_module=&#8220;966&#8243; saved_tabs=&#8220;all&#8220; locked=&#8220;off&#8220; global_colors_info=&#8220;{%22gcid-9c204239-61ba-4b60-8792-0fda9b6cbe65%22:%91%22background_color%22%93}&#8220;][et_pb_row _builder_version=&#8220;4.22.2&#8243; _module_preset=&#8220;default&#8220; global_colors_info=&#8220;{}&#8220;][et_pb_column type=&#8220;4_4&#8243; _builder_version=&#8220;4.22.2&#8243; _module_preset=&#8220;default&#8220; global_colors_info=&#8220;{}&#8220;][et_pb_text _builder_version=&#8220;4.23&#8243; _dynamic_attributes=&#8220;content&#8220; _module_preset=&#8220;default&#8220; header_text_color=&#8220;gcid-f4756ec7-6c25-4361-8e7f-b089b7e08c10&#8243; header_2_text_color=&#8220;gcid-f4756ec7-6c25-4361-8e7f-b089b7e08c10&#8243; custom_margin=&#8220;||10px||false|false&#8220; custom_padding=&#8220;||||false|false&#8220; global_colors_info=&#8220;{%22gcid-f4756ec7-6c25-4361-8e7f-b089b7e08c10%22:%91%22header_text_color%22,%22header_2_text_color%22%93}&#8220;]@ET-DC@eyJkeW5hbWljIjp0cnVlLCJjb250ZW50IjoicG9zdF90aXRsZSIsInNldHRpbmdzIjp7ImJlZm9yZSI6IjxoMT4iLCJhZnRlciI6IjwvaDE+In19@[\/et_pb_text][et_pb_button button_url=&#8220;#mehr&#8220; button_text=&#8220;Mehr \u00fcber&#8220; _builder_version=&#8220;4.22.2&#8243; _module_preset=&#8220;eef9f03a-7744-4384-a412-ccf9198c1f25&#8243; global_colors_info=&#8220;{}&#8220;][\/et_pb_button][\/et_pb_column][\/et_pb_row][\/et_pb_section][et_pb_section fb_built=&#8220;1&#8243; _builder_version=&#8220;4.22.2&#8243; _module_preset=&#8220;default&#8220; background_color=&#8220;#FFFFFF&#8220; custom_padding=&#8220;0px||0px|||&#8220; global_module=&#8220;1850&#8243; locked=&#8220;off&#8220; global_colors_info=&#8220;{}&#8220;][et_pb_row _builder_version=&#8220;4.22.2&#8243; _module_preset=&#8220;default&#8220; custom_padding=&#8220;2rem||2rem||true|false&#8220; global_colors_info=&#8220;{}&#8220;][et_pb_column type=&#8220;4_4&#8243; _builder_version=&#8220;4.22.2&#8243; _module_preset=&#8220;default&#8220; global_colors_info=&#8220;{}&#8220;][dsm_breadcrumbs home_text=&#8220;Startseite&#8220; home_icon=&#8220;&#xf015;||fa||900&#8243; separator_icon=&#8220;&#x45;||divi||400&#8243; current_padding=&#8220;||||true|true&#8220; _builder_version=&#8220;4.23&#8243; _module_preset=&#8220;default&#8220; items_font=&#8220;|700|||||||&#8220; items_text_color=&#8220;gcid-f4756ec7-6c25-4361-8e7f-b089b7e08c10&#8243; home_icon_text_color=&#8220;gcid-f4756ec7-6c25-4361-8e7f-b089b7e08c10&#8243; separators_text_color=&#8220;gcid-f4756ec7-6c25-4361-8e7f-b089b7e08c10&#8243; current_text_color=&#8220;gcid-3c806b9a-aa2d-46da-be86-b310ce4f6f7d&#8220; global_colors_info=&#8220;{%22gcid-3c806b9a-aa2d-46da-be86-b310ce4f6f7d%22:%91%22current_text_color%22%93,%22gcid-f4756ec7-6c25-4361-8e7f-b089b7e08c10%22:%91%22home_icon_text_color%22,%22items_text_color%22,%22separators_text_color%22%93}&#8220;][\/dsm_breadcrumbs][\/et_pb_column][\/et_pb_row][\/et_pb_section][et_pb_section fb_built=&#8220;1&#8243; module_id=&#8220;mehr&#8220; _builder_version=&#8220;4.23&#8243; _module_preset=&#8220;default&#8220; custom_padding=&#8220;0px||0px|||&#8220; global_colors_info=&#8220;{}&#8220;][et_pb_row column_structure=&#8220;1_3,2_3&#8243; _builder_version=&#8220;4.22.2&#8243; _module_preset=&#8220;default&#8220; global_colors_info=&#8220;{}&#8220;][et_pb_column type=&#8220;1_3&#8243; _builder_version=&#8220;4.22.2&#8243; _module_preset=&#8220;default&#8220; global_colors_info=&#8220;{}&#8220;][dsm_menu title=&#8220;W\u00e4hlen Sie ein Thema aus&#8220; menu_id=&#8220;12&#8243; submenu_collapse=&#8220;on&#8220; menu_link_text_color=&#8220;gcid-f4756ec7-6c25-4361-8e7f-b089b7e08c10&#8243; active_link_color=&#8220;gcid-d2d5bf86-5243-4ce7-98d7-8b0210f7807d&#8220; menu_link_text_active_color=&#8220;gcid-d2d5bf86-5243-4ce7-98d7-8b0210f7807d&#8220; submenu_arrow_color=&#8220;gcid-f4756ec7-6c25-4361-8e7f-b089b7e08c10&#8243; _builder_version=&#8220;4.23&#8243; _module_preset=&#8220;default&#8220; border_color_right=&#8220;gcid-9c204239-61ba-4b60-8792-0fda9b6cbe65&#8243; locked=&#8220;off&#8220; global_colors_info=&#8220;{%22gcid-f4756ec7-6c25-4361-8e7f-b089b7e08c10%22:%91%22menu_link_text_color%22,%22submenu_arrow_color%22%93,%22gcid-d2d5bf86-5243-4ce7-98d7-8b0210f7807d%22:%91%22active_link_color%22,%22menu_link_text_active_color%22%93,%22gcid-9c204239-61ba-4b60-8792-0fda9b6cbe65%22:%91%22border_color_right%22%93}&#8220; global_module=&#8220;2103&#8243;][\/dsm_menu][\/et_pb_column][et_pb_column type=&#8220;2_3&#8243; _builder_version=&#8220;4.22.2&#8243; _module_preset=&#8220;default&#8220; global_colors_info=&#8220;{}&#8220;][et_pb_text _builder_version=&#8220;4.23&#8243; _module_preset=&#8220;default&#8220; global_colors_info=&#8220;{}&#8220;]<\/p>\n<h2>Hat Ihre mehrj\u00e4hrige T\u00e4tigkeit als betreuende angeh\u00f6rige Person Ihnen neue Perspektiven f\u00fcr Ihre pers\u00f6nliche Entwicklung er\u00f6ffnet?<\/h2>\n<p>Sie k\u00f6nnen sich in verschiedenen Berufen in den Bereichen Gesundheit und Soziales weiterbilden.<\/p>\n<p>Gest\u00fctzt auf Ihre Erfahrung als betreuende angeh\u00f6rige Person k\u00f6nnen Sie eine Ausbildung machen, um einen eidgen\u00f6ssischen oder einen eidgen\u00f6ssisch anerkannten Titel zu erlangen.<\/p>\n<p>[\/et_pb_text][et_pb_text _builder_version=&#8220;4.23&#8243; _module_preset=&#8220;default&#8220; global_colors_info=&#8220;{}&#8220;]<\/p>\n<h3>Wichtige Informationen<\/h3>\n<p>Mehr dazu finden Sie auf der Website\u00a0<a href=\"https:\/\/www.gesundheitsberufe.ch\/\" target=\"_blank\" rel=\"noopener noreferrer\" data-extlink=\"\">www.gesundheitsberufe.ch,<\/a>\u00a0die von der Nationalen Dachorganisation der Arbeitswelt Gesundheit (OdASant\u00e9) f\u00fcr die verschiedenen Gesundheitsberufe entwickelt wurde.<\/p>\n<p>Im Bereich Gesundheit und Soziales informiert die Waadtl\u00e4nder Website des\u00a0<a href=\"http:\/\/cips.ch\/index.php\" target=\"_blank\" rel=\"noopener noreferrer\" data-extlink=\"\">Centre d\u2019information des professions sant\u00e9-social CIPS<\/a>\u00a0\u00fcber die verschiedenen Berufe, die auf diverse Arten zug\u00e4nglich sind, je nach erreichtem Bildungsniveau (EFZ-Lehre, einj\u00e4hrige terti\u00e4re Ausbildung, terti\u00e4rer Bildungsweg an einer H\u00f6heren Fachschule (HF), Ausbildung an einer Fachhochschule (FH)). Im Gesundheitsbereich gibt es 24\u00a0Berufe und im sozialen Bereich 9.<\/p>\n<p>In der Deutschschweiz hat die Dachorganisation der Arbeitswelt Gesundheit OdA Gesundheit Bern (<a href=\"http:\/\/www.gesundheitsberufe-bern.ch\/de\/berufe\/index.html\" target=\"_blank\" rel=\"noopener noreferrer\" data-extlink=\"\">gesundheitsberufe-bern.ch<\/a>) im Auftrag der Gesundheits- und F\u00fcrsorgedirektion des Kantons Bern eine zweisprachige Website (Deutsch\/Franz\u00f6sisch) mit den im Gesundheitsbereich verf\u00fcgbaren Ausbildungsg\u00e4ngen entwickelt.<\/p>\n<p>[\/et_pb_text][\/et_pb_column][\/et_pb_row][\/et_pb_section][et_pb_section fb_built=&#8220;1&#8243; _builder_version=&#8220;4.22.2&#8243; _module_preset=&#8220;default&#8220; locked=&#8220;off&#8220; global_colors_info=&#8220;{}&#8220;][et_pb_row column_structure=&#8220;1_2,1_2&#8243; make_equal=&#8220;on&#8220; _builder_version=&#8220;4.22.2&#8243; _module_preset=&#8220;default&#8220; global_colors_info=&#8220;{}&#8220;][et_pb_column type=&#8220;1_2&#8243; _builder_version=&#8220;4.22.2&#8243; _module_preset=&#8220;default&#8220; global_colors_info=&#8220;{}&#8220;][dsm_card title=&#8220;Welche Organisationen k\u00f6nnen mich unterst\u00fctzen?&#8220; image_as_background=&#8220;off&#8220; image_width=&#8220;65px&#8220; button_text=&#8220;Mehr \u00fcber&#8220; button_url=&#8220;@ET-DC@eyJkeW5hbWljIjp0cnVlLCJjb250ZW50IjoicG9zdF9saW5rX3VybF9wYWdlIiwic2V0dGluZ3MiOnsicG9zdF9pZCI6IjE1NiJ9fQ==@&#8220; _builder_version=&#8220;4.23&#8243; _dynamic_attributes=&#8220;button_url&#8220; _module_preset=&#8220;22631c59-47f6-4609-b450-b49e635932c7&#8243; global_module=&#8220;1176&#8243; locked=&#8220;off&#8220; global_colors_info=&#8220;{%22gcid-d2d5bf86-5243-4ce7-98d7-8b0210f7807d%22:%91%22button_bg_color%22,%22button_bg_color%22,%22button_bg_color%22,%22button_bg_color%22%93,%22gcid-f4756ec7-6c25-4361-8e7f-b089b7e08c10%22:%91%22header_text_color%22,%22icon_color%22,%22button_bg_color__hover%22,%22header_text_color%22,%22icon_color%22,%22header_text_color%22,%22icon_color%22%93}&#8220;]<\/p>\n<section id=\"block-bean-block-type-diaporama-fr-0\" class=\"block block-bean col-lg-6 clearfix\">\n<article about=\"\/fr\/block\/block-type-diaporama-fr-0\" class=\"entity entity-bean bean-block-type-homepage view-mode-default \">\n<div class=\"row\">\n<div class=\"col-sm-12 \">\n<div class=\"field field-name-field-body field-type-text-long field-label-hidden\">\n<div class=\"field-items\">\n<div class=\"field-item even\">\n<p>Dank dem schweizweiten Verzeichnis regionaler Adressen finden Sie rasch n\u00fctzliche Adressen f\u00fcr die Dienstleistungen, die Sie suchen.<\/p>\n<\/div>\n<\/div>\n<\/div>\n<\/div>\n<\/div>\n<\/article>\n<\/section>\n<p>[\/dsm_card][\/et_pb_column][et_pb_column type=&#8220;1_2&#8243; _builder_version=&#8220;4.22.2&#8243; _module_preset=&#8220;default&#8220; global_colors_info=&#8220;{}&#8220;][dsm_card title=&#8220;Ich will meine Erfahrung nutzen&#8220; image_as_background=&#8220;off&#8220; image_width=&#8220;65px&#8220; button_text=&#8220;Mehr \u00fcber&#8220; button_url=&#8220;@ET-DC@eyJkeW5hbWljIjp0cnVlLCJjb250ZW50IjoicG9zdF9saW5rX3VybF9wYWdlIiwic2V0dGluZ3MiOnsicG9zdF9pZCI6IjkyMCJ9fQ==@&#8220; _builder_version=&#8220;4.23&#8243; _dynamic_attributes=&#8220;button_url&#8220; _module_preset=&#8220;22631c59-47f6-4609-b450-b49e635932c7&#8243; border_width_bottom=&#8220;3px&#8220; border_color_bottom=&#8220;#264d6c&#8220; global_module=&#8220;1194&#8243; locked=&#8220;off&#8220; global_colors_info=&#8220;{%22gcid-d2d5bf86-5243-4ce7-98d7-8b0210f7807d%22:%91%22button_bg_color%22,%22button_bg_color%22,%22button_bg_color%22,%22button_bg_color%22,%22button_bg_color%22%93,%22gcid-f4756ec7-6c25-4361-8e7f-b089b7e08c10%22:%91%22header_text_color%22,%22border_color_bottom%22,%22icon_color%22,%22button_bg_color__hover%22,%22icon_color%22,%22button_bg_color__hover%22,%22icon_color%22,%22icon_color%22%93,%22gcid-9c204239-61ba-4b60-8792-0fda9b6cbe65%22:%91%22background_color%22,%22background_color%22,%22background_color%22,%22background_color%22,%22background_color%22%93}&#8220;]<\/p>\n<section id=\"block-bean-block-type-diaporama-fr-0\" class=\"block block-bean col-lg-6 clearfix\">\n<article about=\"\/fr\/block\/block-type-diaporama-fr-0\" class=\"entity entity-bean bean-block-type-homepage view-mode-default \">\n<div class=\"row\">\n<div class=\"col-sm-12 \">\n<div class=\"field field-name-field-body field-type-text-long field-label-hidden\">\n<div class=\"field-items\">\n<div class=\"field-item even\">\n<p><span>Seien Sie sich Ihrer Vorz\u00fcge und Ihrer Erfahrung bewusst. Als betreuende angeh\u00f6rige Person k\u00f6nnen Sie diese Situation nutzen. Entdecken Sie, wie.<\/span><\/p>\n<\/div>\n<\/div>\n<\/div>\n<\/div>\n<\/div>\n<\/article>\n<\/section>\n<p>[\/dsm_card][\/et_pb_column][\/et_pb_row][\/et_pb_section]<\/p>\n","protected":false},"excerpt":{"rendered":"<p><div class=\"et_pb_module dsm_breadcrumbs dsm_breadcrumbs_0\">\n\t\t\t\t\n\t\t\t\t\n\t\t\t\t\n\t\t\t\t\n\t\t\t\t\n\t\t\t\t\n\t\t\t\t<div class=\"et_pb_module_inner\">\n\t\t\t\t\t<nav class=\"dsm_breadcrumbs_wrap\">\n\t\t\t\t<ul class=\"dsm_breadcrumbs\" itemscope itemtype=\"https:\/\/schema.org\/BreadcrumbList\">\t\t\t<li class=\"dsm_breadcrumbs_item dsm_home_item dsm_home_item_custom\" itemprop=\"itemListElement\" itemscope\n\t\t\titemtype=\"https:\/\/schema.org\/ListItem\">\n\t\t\t\t<a href=\"https:\/\/info-workcare.ch\/de\/\" itemprop=\"item\" target=\"\">\n\t\t\t\t\t<span class='dsm_home_text_wrapper'>\n\t\t\t\t\t\t\t\t\t\t\t\t\t<span class=\"et-pb-icon dsm_home_icon\">&#xf015;<\/span>\n\t\t\t\t\t\t\t\t\t\t\t\t\t<span class=\"dsm_home_text\" itemprop=\"name\">\n\t\t\t\t\t\t\t\tStartseite\t\t\t\t\t\t\t<\/span>\n\t\t\t\t\t<\/span>\n\t\t\t\t<\/a>\n\t\t\t\t<meta itemprop=\"position\" content=\"1\" \/>\n\t\t\t<\/li>\n\n\t\t<li class=\"dsm_breadcrumbs_separator\"> <span class=\"et-pb-icon dsm_separator_icon\">&#x45;<\/span><\/li><br \/>\n<b>Warning<\/b>:  Attempt to read property \"term_id\" on null in <b>\/home\/clients\/6a20a99fd8dba08e5419d7dffd9e1be6\/sites\/info-workcare.ch\/wp-content\/plugins\/supreme-modules-pro-for-divi\/includes\/modules\/Breadcrumbs\/Breadcrumbs.php<\/b> on line <b>705<\/b><br \/>\n<\/ul>\n\t\t\t<\/nav>\n\t\t\t\t<\/div>\n\t\t\t<\/div><div class=\"et_pb_with_border et_pb_module dsm_menu dsm_menu_0 et_pb_sticky_module  et_pb_text_align_left et_pb_bg_layout_light\">\n\t\t\t\t\n\t\t\t\t\n\t\t\t\t\n\t\t\t\t\n\t\t\t\t\n\t\t\t\t\n\t\t\t\t<div class=\"et_pb_module_inner\">\n\t\t\t\t\t<h3 class=\"dsm-menu-title et_pb_module_header\">W\u00e4hlen Sie ein Thema aus<\/h3><nav class=\"dsm-menu-container\" role=navigation itemscope itemtype=http:\/\/schema.org\/SiteNavigationElement><ul id=\"menu-menu-formations-fr\" class=\"dsm-menu dsm-menu-style-type-none dsm-menu-layout-vertical dsm-menu-submenu-collapse\"><li id=\"menu-item-938\" class=\"et_pb_menu_page_id-933 menu-item menu-item-type-post_type menu-item-object-page menu-item-938\"><a href=\"https:\/\/info-workcare.ch\/formation\/des-cours-pour-vous-perfectionner\/\" itemprop=\"url\"><span itemprop=\"name\">Kurse f\u00fcr Ihre Weiterbildung<\/span><\/a><\/li>\n<li id=\"menu-item-944\" class=\"et_pb_menu_page_id-939 menu-item menu-item-type-post_type menu-item-object-page menu-item-944\"><a href=\"https:\/\/info-workcare.ch\/formation\/faire-votre-bilan-de-competences\/\" itemprop=\"url\"><span itemprop=\"name\">Portfolio und Kompetenzenbilanz<\/span><\/a><\/li>\n<li id=\"menu-item-950\" class=\"et_pb_menu_page_id-945 menu-item menu-item-type-post_type menu-item-object-page menu-item-950\"><a href=\"https:\/\/info-workcare.ch\/formation\/faire-valider-votre-experience\/\" itemprop=\"url\"><span itemprop=\"name\">Ihre Erfahrung validieren lassen<\/span><\/a><\/li>\n<li id=\"menu-item-956\" class=\"et_pb_menu_page_id-951 menu-item menu-item-type-post_type menu-item-object-page menu-item-956\"><a href=\"https:\/\/info-workcare.ch\/formation\/suivre-une-formation-certifiante\/\" itemprop=\"url\"><span itemprop=\"name\">Eine Ausbildung mit anerkanntem Abschluss absolvieren<\/span><\/a><\/li>\n<\/ul><\/nav>\n\t\t\t\t<\/div>\n\t\t\t<\/div>Hat Ihre mehrj\u00e4hrige T\u00e4tigkeit als betreuende angeh\u00f6rige Person Ihnen neue Perspektiven f\u00fcr Ihre pers\u00f6nliche Entwicklung er\u00f6ffnet? Sie k\u00f6nnen sich in verschiedenen Berufen in den Bereichen Gesundheit und Soziales weiterbilden. Gest\u00fctzt auf Ihre Erfahrung als betreuende angeh\u00f6rige Person k\u00f6nnen Sie eine Ausbildung machen, um einen eidgen\u00f6ssischen oder einen eidgen\u00f6ssisch anerkannten Titel zu erlangen.Wichtige Informationen Mehr dazu finden Sie auf der Website\u00a0www.gesundheitsberufe.ch,\u00a0die von der Nationalen Dachorganisation der Arbeitswelt Gesundheit (OdASant\u00e9) f\u00fcr die verschiedenen Gesundheitsberufe entwickelt wurde. Im Bereich Gesundheit und Soziales informiert die Waadtl\u00e4nder Website des\u00a0Centre d\u2019information des professions sant\u00e9-social CIPS\u00a0\u00fcber die verschiedenen Berufe, die auf diverse Arten zug\u00e4nglich sind, je nach erreichtem Bildungsniveau (EFZ-Lehre, einj\u00e4hrige terti\u00e4re Ausbildung, terti\u00e4rer Bildungsweg an einer H\u00f6heren Fachschule (HF), Ausbildung an einer Fachhochschule (FH)). Im Gesundheitsbereich gibt es 24\u00a0Berufe und im sozialen Bereich 9. In der Deutschschweiz hat die Dachorganisation der Arbeitswelt Gesundheit OdA Gesundheit Bern (gesundheitsberufe-bern.ch) im Auftrag der Gesundheits- und F\u00fcrsorgedirektion des Kantons Bern eine zweisprachige Website (Deutsch\/Franz\u00f6sisch) mit den im Gesundheitsbereich verf\u00fcgbaren Ausbildungsg\u00e4ngen entwickelt.<div class=\"et_pb_module dsm_card dsm_card_0 et_pb_bg_layout_light  dsm_card_layout_stacked\">\n\t\t\t\t\n\t\t\t\t\n\t\t\t\t\n\t\t\t\t\n\t\t\t\t\n\t\t\t\t\n\t\t\t\t<div class=\"et_pb_module_inner\">\n\t\t\t\t\t\n\t\t\t\n\t\t\t\n\t\t\t<div class=\"et_pb_module dsm_card_wrapper et_pb_text_align_left\">\n\t\t\t\t\t\n\t\t\t\t\t<h4 class=\"dsm_card_title et_pb_module_header\">&#8220;Welche<\/h4>\n\t\t\t\t\t\n\t\t\t\t\t\n\t\t\t\t\t<div class=\"et_pb_button_wrapper\"><a class=\"et_pb_button et_pb_more_button \" href=\"http:\/\/&#8220;&#8220;\">&#8220;Mehr<\/a><\/div>\n\t\t\t\t<\/div>\n\t\t\t\n\t\t\t\t<\/div>\n\t\t\t<\/div><\/p>\n","protected":false},"author":1,"featured_media":0,"parent":1933,"menu_order":0,"comment_status":"closed","ping_status":"closed","template":"","meta":{"_et_pb_use_builder":"on","_et_pb_old_content":"","_et_gb_content_width":"","inline_featured_image":false,"footnotes":""},"class_list":["post-1968","page","type-page","status-publish","hentry"],"jetpack_sharing_enabled":true,"_links":{"self":[{"href":"https:\/\/info-workcare.ch\/de\/wp-json\/wp\/v2\/pages\/1968","targetHints":{"allow":["GET"]}}],"collection":[{"href":"https:\/\/info-workcare.ch\/de\/wp-json\/wp\/v2\/pages"}],"about":[{"href":"https:\/\/info-workcare.ch\/de\/wp-json\/wp\/v2\/types\/page"}],"author":[{"embeddable":true,"href":"https:\/\/info-workcare.ch\/de\/wp-json\/wp\/v2\/users\/1"}],"replies":[{"embeddable":true,"href":"https:\/\/info-workcare.ch\/de\/wp-json\/wp\/v2\/comments?post=1968"}],"version-history":[{"count":3,"href":"https:\/\/info-workcare.ch\/de\/wp-json\/wp\/v2\/pages\/1968\/revisions"}],"predecessor-version":[{"id":2127,"href":"https:\/\/info-workcare.ch\/de\/wp-json\/wp\/v2\/pages\/1968\/revisions\/2127"}],"up":[{"embeddable":true,"href":"https:\/\/info-workcare.ch\/de\/wp-json\/wp\/v2\/pages\/1933"}],"wp:attachment":[{"href":"https:\/\/info-workcare.ch\/de\/wp-json\/wp\/v2\/media?parent=1968"}],"curies":[{"name":"wp","href":"https:\/\/api.w.org\/{rel}","templated":true}]}}