{"id":1961,"date":"2023-11-02T16:57:21","date_gmt":"2023-11-02T15:57:21","guid":{"rendered":"https:\/\/info-workcare.ch\/ausbildung\/faire-valider-votre-experience\/"},"modified":"2023-12-01T13:45:20","modified_gmt":"2023-12-01T12:45:20","slug":"ihre-erfahrung-validieren-lassen","status":"publish","type":"page","link":"https:\/\/info-workcare.ch\/de\/ausbildung\/ihre-erfahrung-validieren-lassen\/","title":{"rendered":"Ihre Erfahrung validieren lassen"},"content":{"rendered":"<p>[et_pb_section fb_built=&#8220;1&#8243; _builder_version=&#8220;4.23&#8243; _module_preset=&#8220;default&#8220; background_color=&#8220;gcid-9c204239-61ba-4b60-8792-0fda9b6cbe65&#8243; use_background_color_gradient=&#8220;on&#8220; background_color_gradient_direction=&#8220;90deg&#8220; background_color_gradient_stops=&#8220;#e5edf4 0%|rgba(229,237,244,0) 35%&#8220; background_color_gradient_overlays_image=&#8220;on&#8220; background_image=&#8220;https:\/\/info-workcare.ch\/wp-content\/uploads\/2023\/11\/social-worker-taking-care-senior-woman-scaled-e1698944009478.jpg&#8220; background_size=&#8220;custom&#8220; background_image_width=&#8220;50%&#8220; background_position=&#8220;top_right&#8220; custom_padding=&#8220;3rem||3rem||true|false&#8220; background_last_edited=&#8220;on|desktop&#8220; background_enable_image_tablet=&#8220;off&#8220; global_module=&#8220;966&#8243; saved_tabs=&#8220;all&#8220; locked=&#8220;off&#8220; global_colors_info=&#8220;{%22gcid-9c204239-61ba-4b60-8792-0fda9b6cbe65%22:%91%22background_color%22%93}&#8220;][et_pb_row _builder_version=&#8220;4.22.2&#8243; _module_preset=&#8220;default&#8220; global_colors_info=&#8220;{}&#8220;][et_pb_column type=&#8220;4_4&#8243; _builder_version=&#8220;4.22.2&#8243; _module_preset=&#8220;default&#8220; global_colors_info=&#8220;{}&#8220;][et_pb_text _builder_version=&#8220;4.23&#8243; _dynamic_attributes=&#8220;content&#8220; _module_preset=&#8220;default&#8220; header_text_color=&#8220;gcid-f4756ec7-6c25-4361-8e7f-b089b7e08c10&#8243; header_2_text_color=&#8220;gcid-f4756ec7-6c25-4361-8e7f-b089b7e08c10&#8243; custom_margin=&#8220;||10px||false|false&#8220; custom_padding=&#8220;||||false|false&#8220; global_colors_info=&#8220;{%22gcid-f4756ec7-6c25-4361-8e7f-b089b7e08c10%22:%91%22header_text_color%22,%22header_2_text_color%22%93}&#8220;]@ET-DC@eyJkeW5hbWljIjp0cnVlLCJjb250ZW50IjoicG9zdF90aXRsZSIsInNldHRpbmdzIjp7ImJlZm9yZSI6IjxoMT4iLCJhZnRlciI6IjwvaDE+In19@[\/et_pb_text][et_pb_button button_url=&#8220;#mehr&#8220; button_text=&#8220;Mehr \u00fcber&#8220; _builder_version=&#8220;4.22.2&#8243; _module_preset=&#8220;eef9f03a-7744-4384-a412-ccf9198c1f25&#8243; global_colors_info=&#8220;{}&#8220;][\/et_pb_button][\/et_pb_column][\/et_pb_row][\/et_pb_section][et_pb_section fb_built=&#8220;1&#8243; _builder_version=&#8220;4.22.2&#8243; _module_preset=&#8220;default&#8220; background_color=&#8220;#FFFFFF&#8220; custom_padding=&#8220;0px||0px|||&#8220; global_module=&#8220;1850&#8243; locked=&#8220;off&#8220; global_colors_info=&#8220;{}&#8220;][et_pb_row _builder_version=&#8220;4.22.2&#8243; _module_preset=&#8220;default&#8220; custom_padding=&#8220;2rem||2rem||true|false&#8220; global_colors_info=&#8220;{}&#8220;][et_pb_column type=&#8220;4_4&#8243; _builder_version=&#8220;4.22.2&#8243; _module_preset=&#8220;default&#8220; global_colors_info=&#8220;{}&#8220;][dsm_breadcrumbs home_text=&#8220;Startseite&#8220; home_icon=&#8220;&#xf015;||fa||900&#8243; separator_icon=&#8220;&#x45;||divi||400&#8243; current_padding=&#8220;||||true|true&#8220; _builder_version=&#8220;4.23&#8243; _module_preset=&#8220;default&#8220; items_font=&#8220;|700|||||||&#8220; items_text_color=&#8220;gcid-f4756ec7-6c25-4361-8e7f-b089b7e08c10&#8243; home_icon_text_color=&#8220;gcid-f4756ec7-6c25-4361-8e7f-b089b7e08c10&#8243; separators_text_color=&#8220;gcid-f4756ec7-6c25-4361-8e7f-b089b7e08c10&#8243; current_text_color=&#8220;gcid-3c806b9a-aa2d-46da-be86-b310ce4f6f7d&#8220; global_colors_info=&#8220;{%22gcid-3c806b9a-aa2d-46da-be86-b310ce4f6f7d%22:%91%22current_text_color%22%93,%22gcid-f4756ec7-6c25-4361-8e7f-b089b7e08c10%22:%91%22home_icon_text_color%22,%22items_text_color%22,%22separators_text_color%22%93}&#8220;][\/dsm_breadcrumbs][\/et_pb_column][\/et_pb_row][\/et_pb_section][et_pb_section fb_built=&#8220;1&#8243; module_id=&#8220;mehr&#8220; _builder_version=&#8220;4.23&#8243; _module_preset=&#8220;default&#8220; custom_padding=&#8220;0px||0px|||&#8220; global_colors_info=&#8220;{}&#8220;][et_pb_row column_structure=&#8220;1_3,2_3&#8243; _builder_version=&#8220;4.22.2&#8243; _module_preset=&#8220;default&#8220; global_colors_info=&#8220;{}&#8220;][et_pb_column type=&#8220;1_3&#8243; _builder_version=&#8220;4.22.2&#8243; _module_preset=&#8220;default&#8220; global_colors_info=&#8220;{}&#8220;][dsm_menu title=&#8220;W\u00e4hlen Sie ein Thema aus&#8220; menu_id=&#8220;12&#8243; submenu_collapse=&#8220;on&#8220; menu_link_text_color=&#8220;gcid-f4756ec7-6c25-4361-8e7f-b089b7e08c10&#8243; active_link_color=&#8220;gcid-d2d5bf86-5243-4ce7-98d7-8b0210f7807d&#8220; menu_link_text_active_color=&#8220;gcid-d2d5bf86-5243-4ce7-98d7-8b0210f7807d&#8220; submenu_arrow_color=&#8220;gcid-f4756ec7-6c25-4361-8e7f-b089b7e08c10&#8243; _builder_version=&#8220;4.23&#8243; _module_preset=&#8220;default&#8220; border_color_right=&#8220;gcid-9c204239-61ba-4b60-8792-0fda9b6cbe65&#8243; global_module=&#8220;2103&#8243; saved_tabs=&#8220;all&#8220; locked=&#8220;off&#8220; global_colors_info=&#8220;{%22gcid-f4756ec7-6c25-4361-8e7f-b089b7e08c10%22:%91%22menu_link_text_color%22,%22submenu_arrow_color%22%93,%22gcid-d2d5bf86-5243-4ce7-98d7-8b0210f7807d%22:%91%22active_link_color%22,%22menu_link_text_active_color%22%93,%22gcid-9c204239-61ba-4b60-8792-0fda9b6cbe65%22:%91%22border_color_right%22%93}&#8220;][\/dsm_menu][\/et_pb_column][et_pb_column type=&#8220;2_3&#8243; _builder_version=&#8220;4.22.2&#8243; _module_preset=&#8220;default&#8220; global_colors_info=&#8220;{}&#8220;][et_pb_text _builder_version=&#8220;4.23&#8243; _module_preset=&#8220;default&#8220; global_colors_info=&#8220;{}&#8220;]<\/p>\n<h2>Der Erfahrung Wert verleihen<\/h2>\n<p>Haben Sie Ihre angeh\u00f6rige Person lange betreut, unterst\u00fctzt und\/oder gepflegt? Dann haben Sie sicherlich Wissen und Kompetenzen erworben, d.\u00a0h. grosse und wertvolle Erfahrungen gesammelt, die Sie nun zu Ihren Gunsten nutzen k\u00f6nnen. Zusammen mit Ihrer urspr\u00fcnglichen Ausbildung und den Kompetenzen, die Sie sich w\u00e4hrend Ihres Berufslebens angeeignet haben, k\u00f6nnen Sie Ihre Bildungsleistungen anerkennen lassen, und zwar in einem Prozess, der Sie schliesslich bis zum Eidgen\u00f6ssischen F\u00e4higkeitszeugnis (EFZ) f\u00fchren kann.<\/p>\n<p>Die Qualifikationsverfahren f\u00fcr Erwachsene obliegen den Kantonen. Jeder Kanton hat sein eigenes Angebot f\u00fcr die von ihm ausgew\u00e4hlten Berufe entwickelt. Auf der Website\u00a0<a href=\"http:\/\/www.orientation.ch\/dyn\/51009.aspx\" target=\"_blank\" rel=\"noopener noreferrer\" data-extlink=\"\">berufsbildung.ch<\/a>\u00a0k\u00f6nnen Sie die Berufe, f\u00fcr die eine Validierung der Erfahrung m\u00f6glich ist, nach Kanton suchen.<\/p>\n<p>Folgende Berufe k\u00f6nnten Sie interessieren:<\/p>\n<ul>\n<li>Assistent\/-in Gesundheit und Soziales EBA<\/li>\n<li>Fachmann\/-frau Betreuung EFZ<\/li>\n<li>Fachmann\/-frau Gesundheit EFZ<\/li>\n<\/ul>\n<p>[\/et_pb_text][et_pb_text _builder_version=&#8220;4.23&#8243; _module_preset=&#8220;default&#8220; global_colors_info=&#8220;{}&#8220;]<\/p>\n<h3><strong>Das Validierungsverfahren in f\u00fcnf Phasen<\/strong><\/h3>\n<p>Die Validierung von Bildungsleistungen untersteht Artikel\u00a030 und 31 der Verordnung \u00fcber die Berufsbildung (BBV). Sie umfasst f\u00fcnf Phasen.<\/p>\n<ol>\n<li><strong>Information und Portfolio:<\/strong>\u00a0Nach der ersten Phase \u00abInformation und Beratung\u00bb, die insbesondere beim kantonalen Amt f\u00fcr Berufsbildung erfolgt, erarbeiten Sie Ihr pers\u00f6nliches Validierungsdossier der beruflichen Handlungskompetenzen und werden dabei (falls gew\u00fcnscht) von Fachleuten begleitet. Es handelt sich hierbei um die Phase \u00abKompetenzenbilanz-Portfolio\u00bb, die weiter oben beschrieben wurde.<\/li>\n<li><strong>Beurteilung durch Expertinnen und Experten:<\/strong>\u00a0Fachexpertinnen und -experten, z.\u00a0B. die\u00a0<a href=\"http:\/\/www.arra.ch\/\" target=\"_blank\" rel=\"noopener noreferrer\" data-extlink=\"\">Association pour la reconnaissance des acquis<span class=\"ext\"><span class=\"element-invisible\"><\/span><\/span><\/a>, beurteilen Ihr Dossier und erstellen f\u00fcr Sie einen Konformit\u00e4tsbericht f\u00fcr Ihr Kompetenzenbilanz-Portfolio. Dieses offizielle Dokument bescheinigt die Qualit\u00e4t des vorgelegten Dossiers punkto Vorgehen, Koherenz und Methoden. Das Vorhandensein aller erforderlichen Elemente wird \u00fcberpr\u00fcft.<\/li>\n<li><strong>Beurteilungsgespr\u00e4ch:<\/strong>\u00a0Sie werden zu einem Beurteilungsgespr\u00e4ch eingeladen. Dabei wird Ihr Dossier mit dem Qualifikationsprofil des angestrebten Berufes verglichen. Sie erhalten danach eine Qualifikationsbest\u00e4tigung, die detailliert aufzeigt, welche beruflichen Handlungskompetenzen anerkannt werden. Damit haben Sie, was Sie brauchen \u2013 n\u00e4mlich eine \u00abinstitutionelle Anerkennung der nicht formell erworbenen Kompetenzen\u00bb, die Ihnen die Suche nach einer entsprechenden Stelle erleichtern oder Ihre berufliche Laufbahn vorantreiben kann.<\/li>\n<li><strong>Zu schliessende L\u00fccken:<\/strong>\u00a0Sind in der Beurteilung durch die Expertinnen und Experten L\u00fccken aufgef\u00fchrt worden und m\u00f6chten Sie die Validierung durchlaufen und einen Titel erlangen, haben Sie f\u00fcnf Jahre Zeit, die fehlenden Kompetenzen durch erg\u00e4nzende Bildung nachzuholen. Diese kann aus Modulen an spezialisierten Berufsfachschulen, aus spezifischen Praxisnachweisen oder aus anderen Angeboten bestehen.<\/li>\n<li><strong>Erhalt des EFZ:<\/strong>\u00a0Nach dieser letzten Phase und nat\u00fcrlich unter der Bedingung, dass Sie alle Voraussetzungen f\u00fcr den Erhalt des beruflichen Abschlusses erf\u00fcllen, erhalten Sie Ihr EFZ.<\/li>\n<\/ol>\n<p>[\/et_pb_text][et_pb_text _builder_version=&#8220;4.23&#8243; _module_preset=&#8220;default&#8220; hover_enabled=&#8220;0&#8243; global_colors_info=&#8220;{}&#8220; sticky_enabled=&#8220;0&#8243;]<\/p>\n<h3>Wichtige Informationen<\/h3>\n<p><a href=\"http:\/\/www.arra.ch\/\" target=\"_blank\" rel=\"noopener noreferrer\" data-extlink=\"\">Association pour la reconnaissance des acquis ARRA<\/a><\/p>\n<p><a href=\"http:\/\/www.orientation.ch\/dyn\/47649.aspx\" target=\"_blank\" rel=\"noopener noreferrer\" data-extlink=\"\">berufsbildung.ch \u2013 Berufsabschluss f\u00fcr Erwachsene<\/a>\u00a0(siehe unter 2 Validierung von Bildungsleistungen)<\/p>\n<p>Berufsabschl\u00fcsse f\u00fcr Erwachsene, des SDBB (siehe unter Validierung von Bildungsleistungen)\u00a0<a href=\"http:\/\/www.fpa.formationprof.ch\/dyn\/8728.aspx\" target=\"_blank\" rel=\"noopener noreferrer\" data-extlink=\"\">www.bae.berufsbildung.ch<\/a><\/p>\n<p><a href=\"http:\/\/www.adressen.sdbb.ch\/index.php?&amp;lang=d\" target=\"_blank\" rel=\"noopener noreferrer\" data-extlink=\"\">Adressen der kantonalen Berufsbildungs\u00e4mter und der Berufsberatung<\/a><\/p>\n<p>[\/et_pb_text][\/et_pb_column][\/et_pb_row][\/et_pb_section][et_pb_section fb_built=&#8220;1&#8243; _builder_version=&#8220;4.22.2&#8243; _module_preset=&#8220;default&#8220; locked=&#8220;off&#8220; global_colors_info=&#8220;{}&#8220;][et_pb_row column_structure=&#8220;1_2,1_2&#8243; make_equal=&#8220;on&#8220; _builder_version=&#8220;4.22.2&#8243; _module_preset=&#8220;default&#8220; global_colors_info=&#8220;{}&#8220;][et_pb_column type=&#8220;1_2&#8243; _builder_version=&#8220;4.22.2&#8243; _module_preset=&#8220;default&#8220; global_colors_info=&#8220;{}&#8220;][dsm_card title=&#8220;Welche Organisationen k\u00f6nnen mich unterst\u00fctzen?&#8220; image_as_background=&#8220;off&#8220; image_width=&#8220;65px&#8220; button_text=&#8220;Mehr \u00fcber&#8220; button_url=&#8220;@ET-DC@eyJkeW5hbWljIjp0cnVlLCJjb250ZW50IjoicG9zdF9saW5rX3VybF9wYWdlIiwic2V0dGluZ3MiOnsicG9zdF9pZCI6IjE1NiJ9fQ==@&#8220; _builder_version=&#8220;4.23&#8243; _dynamic_attributes=&#8220;button_url&#8220; _module_preset=&#8220;22631c59-47f6-4609-b450-b49e635932c7&#8243; global_module=&#8220;1176&#8243; locked=&#8220;off&#8220; global_colors_info=&#8220;{%22gcid-d2d5bf86-5243-4ce7-98d7-8b0210f7807d%22:%91%22button_bg_color%22,%22button_bg_color%22,%22button_bg_color%22,%22button_bg_color%22%93,%22gcid-f4756ec7-6c25-4361-8e7f-b089b7e08c10%22:%91%22header_text_color%22,%22icon_color%22,%22button_bg_color__hover%22,%22header_text_color%22,%22icon_color%22,%22header_text_color%22,%22icon_color%22%93}&#8220;]<\/p>\n<section id=\"block-bean-block-type-diaporama-fr-0\" class=\"block block-bean col-lg-6 clearfix\">\n<article about=\"\/fr\/block\/block-type-diaporama-fr-0\" class=\"entity entity-bean bean-block-type-homepage view-mode-default \">\n<div class=\"row\">\n<div class=\"col-sm-12 \">\n<div class=\"field field-name-field-body field-type-text-long field-label-hidden\">\n<div class=\"field-items\">\n<div class=\"field-item even\">\n<p>Dank dem schweizweiten Verzeichnis regionaler Adressen finden Sie rasch n\u00fctzliche Adressen f\u00fcr die Dienstleistungen, die Sie suchen.<\/p>\n<\/div>\n<\/div>\n<\/div>\n<\/div>\n<\/div>\n<\/article>\n<\/section>\n<p>[\/dsm_card][\/et_pb_column][et_pb_column type=&#8220;1_2&#8243; _builder_version=&#8220;4.22.2&#8243; _module_preset=&#8220;default&#8220; global_colors_info=&#8220;{}&#8220;][dsm_card title=&#8220;Das Wichtigste im \u00dcberblick&#8220; image_as_background=&#8220;off&#8220; image_width=&#8220;60px&#8220; button_text=&#8220;Mehr \u00fcber&#8220; button_url=&#8220;@ET-DC@eyJkeW5hbWljIjp0cnVlLCJjb250ZW50IjoicG9zdF9saW5rX3VybF9wYWdlIiwic2V0dGluZ3MiOnsicG9zdF9pZCI6IjgzNSJ9fQ==@&#8220; _builder_version=&#8220;4.23&#8243; _dynamic_attributes=&#8220;button_url&#8220; _module_preset=&#8220;22631c59-47f6-4609-b450-b49e635932c7&#8243; button_bg_color=&#8220;gcid-d2d5bf86-5243-4ce7-98d7-8b0210f7807d&#8220; border_color_bottom=&#8220;gcid-f4756ec7-6c25-4361-8e7f-b089b7e08c10&#8243; global_module=&#8220;1174&#8243; locked=&#8220;off&#8220; global_colors_info=&#8220;{%22gcid-d2d5bf86-5243-4ce7-98d7-8b0210f7807d%22:%91%22button_bg_color%22,%22button_bg_color%22,%22button_bg_color%22,%22button_bg_color%22,%22button_bg_color%22,%22button_bg_color%22,%22button_bg_color%22,%22button_bg_color%22,%22button_bg_color%22,%22button_bg_color%22,%22button_bg_color%22,%22button_bg_color%22,%22button_bg_color%22,%22button_bg_color%22%93,%22gcid-f4756ec7-6c25-4361-8e7f-b089b7e08c10%22:%91%22header_text_color%22,%22border_color_bottom%22,%22icon_color%22,%22button_bg_color__hover%22,%22header_text_color%22,%22border_color_bottom%22,%22icon_color%22,%22button_bg_color__hover%22,%22header_text_color%22,%22border_color_bottom%22,%22icon_color%22,%22header_text_color%22,%22border_color_bottom%22,%22icon_color%22,%22header_text_color%22,%22icon_color%22,%22button_bg_color__hover%22,%22header_text_color%22,%22icon_color%22,%22header_text_color%22,%22icon_color%22,%22header_text_color%22,%22border_color_bottom%22,%22icon_color%22,%22button_bg_color__hover%22,%22header_text_color%22,%22border_color_bottom%22,%22icon_color%22,%22header_text_color%22,%22border_color_bottom%22,%22icon_color%22%93,%22gcid-9c204239-61ba-4b60-8792-0fda9b6cbe65%22:%91%22background_color%22,%22background_color%22,%22background_color%22,%22background_color%22,%22background_color%22,%22background_color%22,%22background_color%22,%22background_color%22,%22background_color%22,%22background_color%22,%22background_color%22,%22background_color%22,%22background_color%22,%22background_color%22%93}&#8220;]<\/p>\n<section id=\"block-bean-block-type-diaporama-fr-0\" class=\"block block-bean col-lg-6 clearfix\">\n<article about=\"\/fr\/block\/block-type-diaporama-fr-0\" class=\"entity entity-bean bean-block-type-homepage view-mode-default \">\n<div class=\"row\">\n<div class=\"col-sm-12 \">\n<div class=\"field field-name-field-body field-type-text-long field-label-hidden\">\n<div class=\"field-items\">\n<div class=\"field-item even\">\n<p><span>Die 3 wichtigsten Punkte, die man kennen muss, wenn man berufst\u00e4tig ist und die Betreuung von Angeh\u00f6rigen \u00fcbernimmt.<\/span><\/p>\n<\/div>\n<\/div>\n<\/div>\n<\/div>\n<\/div>\n<\/article>\n<\/section>\n<p>[\/dsm_card][\/et_pb_column][\/et_pb_row][\/et_pb_section]<\/p>\n","protected":false},"excerpt":{"rendered":"<p><div class=\"et_pb_module dsm_breadcrumbs dsm_breadcrumbs_0\">\n\t\t\t\t\n\t\t\t\t\n\t\t\t\t\n\t\t\t\t\n\t\t\t\t\n\t\t\t\t\n\t\t\t\t<div class=\"et_pb_module_inner\">\n\t\t\t\t\t<nav class=\"dsm_breadcrumbs_wrap\">\n\t\t\t\t<ul class=\"dsm_breadcrumbs\" itemscope itemtype=\"https:\/\/schema.org\/BreadcrumbList\">\t\t\t<li class=\"dsm_breadcrumbs_item dsm_home_item dsm_home_item_custom\" itemprop=\"itemListElement\" itemscope\n\t\t\titemtype=\"https:\/\/schema.org\/ListItem\">\n\t\t\t\t<a href=\"https:\/\/info-workcare.ch\/de\/\" itemprop=\"item\" target=\"\">\n\t\t\t\t\t<span class='dsm_home_text_wrapper'>\n\t\t\t\t\t\t\t\t\t\t\t\t\t<span class=\"et-pb-icon dsm_home_icon\">&#xf015;<\/span>\n\t\t\t\t\t\t\t\t\t\t\t\t\t<span class=\"dsm_home_text\" itemprop=\"name\">\n\t\t\t\t\t\t\t\tStartseite\t\t\t\t\t\t\t<\/span>\n\t\t\t\t\t<\/span>\n\t\t\t\t<\/a>\n\t\t\t\t<meta itemprop=\"position\" content=\"1\" \/>\n\t\t\t<\/li>\n\n\t\t<li class=\"dsm_breadcrumbs_separator\"> <span class=\"et-pb-icon dsm_separator_icon\">&#x45;<\/span><\/li><br \/>\n<b>Warning<\/b>:  Attempt to read property \"term_id\" on null in <b>\/home\/clients\/6a20a99fd8dba08e5419d7dffd9e1be6\/sites\/info-workcare.ch\/wp-content\/plugins\/supreme-modules-pro-for-divi\/includes\/modules\/Breadcrumbs\/Breadcrumbs.php<\/b> on line <b>705<\/b><br \/>\n<\/ul>\n\t\t\t<\/nav>\n\t\t\t\t<\/div>\n\t\t\t<\/div><div class=\"et_pb_with_border et_pb_module dsm_menu dsm_menu_0 et_pb_sticky_module  et_pb_text_align_left et_pb_bg_layout_light\">\n\t\t\t\t\n\t\t\t\t\n\t\t\t\t\n\t\t\t\t\n\t\t\t\t\n\t\t\t\t\n\t\t\t\t<div class=\"et_pb_module_inner\">\n\t\t\t\t\t<h3 class=\"dsm-menu-title et_pb_module_header\">W\u00e4hlen Sie ein Thema aus<\/h3><nav class=\"dsm-menu-container\" role=navigation itemscope itemtype=http:\/\/schema.org\/SiteNavigationElement><ul id=\"menu-menu-formations-fr\" class=\"dsm-menu dsm-menu-style-type-none dsm-menu-layout-vertical dsm-menu-submenu-collapse\"><li id=\"menu-item-938\" class=\"et_pb_menu_page_id-933 menu-item menu-item-type-post_type menu-item-object-page menu-item-938\"><a href=\"https:\/\/info-workcare.ch\/formation\/des-cours-pour-vous-perfectionner\/\" itemprop=\"url\"><span itemprop=\"name\">Kurse f\u00fcr Ihre Weiterbildung<\/span><\/a><\/li>\n<li id=\"menu-item-944\" class=\"et_pb_menu_page_id-939 menu-item menu-item-type-post_type menu-item-object-page menu-item-944\"><a href=\"https:\/\/info-workcare.ch\/formation\/faire-votre-bilan-de-competences\/\" itemprop=\"url\"><span itemprop=\"name\">Portfolio und Kompetenzenbilanz<\/span><\/a><\/li>\n<li id=\"menu-item-950\" class=\"et_pb_menu_page_id-945 menu-item menu-item-type-post_type menu-item-object-page menu-item-950\"><a href=\"https:\/\/info-workcare.ch\/formation\/faire-valider-votre-experience\/\" itemprop=\"url\"><span itemprop=\"name\">Ihre Erfahrung validieren lassen<\/span><\/a><\/li>\n<li id=\"menu-item-956\" class=\"et_pb_menu_page_id-951 menu-item menu-item-type-post_type menu-item-object-page menu-item-956\"><a href=\"https:\/\/info-workcare.ch\/formation\/suivre-une-formation-certifiante\/\" itemprop=\"url\"><span itemprop=\"name\">Eine Ausbildung mit anerkanntem Abschluss absolvieren<\/span><\/a><\/li>\n<\/ul><\/nav>\n\t\t\t\t<\/div>\n\t\t\t<\/div>Der Erfahrung Wert verleihen Haben Sie Ihre angeh\u00f6rige Person lange betreut, unterst\u00fctzt und\/oder gepflegt? Dann haben Sie sicherlich Wissen und Kompetenzen erworben, d.\u00a0h. grosse und wertvolle Erfahrungen gesammelt, die Sie nun zu Ihren Gunsten nutzen k\u00f6nnen. Zusammen mit Ihrer urspr\u00fcnglichen Ausbildung und den Kompetenzen, die Sie sich w\u00e4hrend Ihres Berufslebens angeeignet haben, k\u00f6nnen Sie Ihre Bildungsleistungen anerkennen lassen, und zwar in einem Prozess, der Sie schliesslich bis zum Eidgen\u00f6ssischen F\u00e4higkeitszeugnis (EFZ) f\u00fchren kann. Die Qualifikationsverfahren f\u00fcr Erwachsene obliegen den Kantonen. Jeder Kanton hat sein eigenes Angebot f\u00fcr die von ihm ausgew\u00e4hlten Berufe entwickelt. Auf der Website\u00a0berufsbildung.ch\u00a0k\u00f6nnen Sie die Berufe, f\u00fcr die eine Validierung der Erfahrung m\u00f6glich ist, nach Kanton suchen. Folgende Berufe k\u00f6nnten Sie interessieren: Assistent\/-in Gesundheit und Soziales EBA Fachmann\/-frau Betreuung EFZ Fachmann\/-frau Gesundheit EFZ Das Validierungsverfahren in f\u00fcnf Phasen Die Validierung von Bildungsleistungen untersteht Artikel\u00a030 und 31 der Verordnung \u00fcber die Berufsbildung (BBV). Sie umfasst f\u00fcnf Phasen. Information und Portfolio:\u00a0Nach der ersten Phase \u00abInformation und Beratung\u00bb, die insbesondere beim kantonalen Amt f\u00fcr Berufsbildung erfolgt, erarbeiten Sie Ihr pers\u00f6nliches [&hellip;]<\/p>\n","protected":false},"author":1,"featured_media":0,"parent":1933,"menu_order":0,"comment_status":"closed","ping_status":"closed","template":"","meta":{"_et_pb_use_builder":"on","_et_pb_old_content":"","_et_gb_content_width":"","inline_featured_image":false,"footnotes":""},"class_list":["post-1961","page","type-page","status-publish","hentry"],"jetpack_sharing_enabled":true,"_links":{"self":[{"href":"https:\/\/info-workcare.ch\/de\/wp-json\/wp\/v2\/pages\/1961","targetHints":{"allow":["GET"]}}],"collection":[{"href":"https:\/\/info-workcare.ch\/de\/wp-json\/wp\/v2\/pages"}],"about":[{"href":"https:\/\/info-workcare.ch\/de\/wp-json\/wp\/v2\/types\/page"}],"author":[{"embeddable":true,"href":"https:\/\/info-workcare.ch\/de\/wp-json\/wp\/v2\/users\/1"}],"replies":[{"embeddable":true,"href":"https:\/\/info-workcare.ch\/de\/wp-json\/wp\/v2\/comments?post=1961"}],"version-history":[{"count":4,"href":"https:\/\/info-workcare.ch\/de\/wp-json\/wp\/v2\/pages\/1961\/revisions"}],"predecessor-version":[{"id":2717,"href":"https:\/\/info-workcare.ch\/de\/wp-json\/wp\/v2\/pages\/1961\/revisions\/2717"}],"up":[{"embeddable":true,"href":"https:\/\/info-workcare.ch\/de\/wp-json\/wp\/v2\/pages\/1933"}],"wp:attachment":[{"href":"https:\/\/info-workcare.ch\/de\/wp-json\/wp\/v2\/media?parent=1961"}],"curies":[{"name":"wp","href":"https:\/\/api.w.org\/{rel}","templated":true}]}}