{"id":1954,"date":"2023-11-02T16:50:39","date_gmt":"2023-11-02T15:50:39","guid":{"rendered":"https:\/\/info-workcare.ch\/ausbildung\/faire-votre-bilan-de-competences\/"},"modified":"2023-11-30T14:32:46","modified_gmt":"2023-11-30T13:32:46","slug":"portfolio-und-kompetenzenbilanz","status":"publish","type":"page","link":"https:\/\/info-workcare.ch\/de\/ausbildung\/portfolio-und-kompetenzenbilanz\/","title":{"rendered":"Portfolio und Kompetenzenbilanz"},"content":{"rendered":"<p>[et_pb_section fb_built=&#8220;1&#8243; _builder_version=&#8220;4.23&#8243; _module_preset=&#8220;default&#8220; background_color=&#8220;gcid-9c204239-61ba-4b60-8792-0fda9b6cbe65&#8243; use_background_color_gradient=&#8220;on&#8220; background_color_gradient_direction=&#8220;90deg&#8220; background_color_gradient_stops=&#8220;#e5edf4 0%|rgba(229,237,244,0) 35%&#8220; background_color_gradient_overlays_image=&#8220;on&#8220; background_image=&#8220;https:\/\/info-workcare.ch\/wp-content\/uploads\/2023\/11\/social-worker-taking-care-senior-woman-scaled-e1698944009478.jpg&#8220; background_size=&#8220;custom&#8220; background_image_width=&#8220;50%&#8220; background_position=&#8220;top_right&#8220; custom_padding=&#8220;3rem||3rem||true|false&#8220; background_last_edited=&#8220;on|desktop&#8220; background_enable_image_tablet=&#8220;off&#8220; global_module=&#8220;966&#8243; saved_tabs=&#8220;all&#8220; locked=&#8220;off&#8220; global_colors_info=&#8220;{%22gcid-9c204239-61ba-4b60-8792-0fda9b6cbe65%22:%91%22background_color%22%93}&#8220;][et_pb_row _builder_version=&#8220;4.22.2&#8243; _module_preset=&#8220;default&#8220; global_colors_info=&#8220;{}&#8220;][et_pb_column type=&#8220;4_4&#8243; _builder_version=&#8220;4.22.2&#8243; _module_preset=&#8220;default&#8220; global_colors_info=&#8220;{}&#8220;][et_pb_text _builder_version=&#8220;4.23&#8243; _dynamic_attributes=&#8220;content&#8220; _module_preset=&#8220;default&#8220; header_text_color=&#8220;gcid-f4756ec7-6c25-4361-8e7f-b089b7e08c10&#8243; header_2_text_color=&#8220;gcid-f4756ec7-6c25-4361-8e7f-b089b7e08c10&#8243; custom_margin=&#8220;||10px||false|false&#8220; custom_padding=&#8220;||||false|false&#8220; global_colors_info=&#8220;{%22gcid-f4756ec7-6c25-4361-8e7f-b089b7e08c10%22:%91%22header_text_color%22,%22header_2_text_color%22%93}&#8220;]@ET-DC@eyJkeW5hbWljIjp0cnVlLCJjb250ZW50IjoicG9zdF90aXRsZSIsInNldHRpbmdzIjp7ImJlZm9yZSI6IjxoMT4iLCJhZnRlciI6IjwvaDE+In19@[\/et_pb_text][et_pb_button button_url=&#8220;#mehr&#8220; button_text=&#8220;Mehr \u00fcber&#8220; _builder_version=&#8220;4.22.2&#8243; _module_preset=&#8220;eef9f03a-7744-4384-a412-ccf9198c1f25&#8243; global_colors_info=&#8220;{}&#8220;][\/et_pb_button][\/et_pb_column][\/et_pb_row][\/et_pb_section][et_pb_section fb_built=&#8220;1&#8243; _builder_version=&#8220;4.22.2&#8243; _module_preset=&#8220;default&#8220; background_color=&#8220;#FFFFFF&#8220; custom_padding=&#8220;0px||0px|||&#8220; global_module=&#8220;1850&#8243; locked=&#8220;off&#8220; global_colors_info=&#8220;{}&#8220;][et_pb_row _builder_version=&#8220;4.22.2&#8243; _module_preset=&#8220;default&#8220; custom_padding=&#8220;2rem||2rem||true|false&#8220; global_colors_info=&#8220;{}&#8220;][et_pb_column type=&#8220;4_4&#8243; _builder_version=&#8220;4.22.2&#8243; _module_preset=&#8220;default&#8220; global_colors_info=&#8220;{}&#8220;][dsm_breadcrumbs home_text=&#8220;Startseite&#8220; home_icon=&#8220;&#xf015;||fa||900&#8243; separator_icon=&#8220;&#x45;||divi||400&#8243; current_padding=&#8220;||||true|true&#8220; _builder_version=&#8220;4.23&#8243; _module_preset=&#8220;default&#8220; items_font=&#8220;|700|||||||&#8220; items_text_color=&#8220;gcid-f4756ec7-6c25-4361-8e7f-b089b7e08c10&#8243; home_icon_text_color=&#8220;gcid-f4756ec7-6c25-4361-8e7f-b089b7e08c10&#8243; separators_text_color=&#8220;gcid-f4756ec7-6c25-4361-8e7f-b089b7e08c10&#8243; current_text_color=&#8220;gcid-3c806b9a-aa2d-46da-be86-b310ce4f6f7d&#8220; global_colors_info=&#8220;{%22gcid-3c806b9a-aa2d-46da-be86-b310ce4f6f7d%22:%91%22current_text_color%22%93,%22gcid-f4756ec7-6c25-4361-8e7f-b089b7e08c10%22:%91%22home_icon_text_color%22,%22items_text_color%22,%22separators_text_color%22%93}&#8220;][\/dsm_breadcrumbs][\/et_pb_column][\/et_pb_row][\/et_pb_section][et_pb_section fb_built=&#8220;1&#8243; module_id=&#8220;mehr&#8220; _builder_version=&#8220;4.23&#8243; _module_preset=&#8220;default&#8220; custom_padding=&#8220;0px||0px|||&#8220; global_colors_info=&#8220;{}&#8220;][et_pb_row column_structure=&#8220;1_3,2_3&#8243; _builder_version=&#8220;4.22.2&#8243; _module_preset=&#8220;default&#8220; global_colors_info=&#8220;{}&#8220;][et_pb_column type=&#8220;1_3&#8243; _builder_version=&#8220;4.22.2&#8243; _module_preset=&#8220;default&#8220; global_colors_info=&#8220;{}&#8220;][dsm_menu title=&#8220;W\u00e4hlen Sie ein Thema aus&#8220; menu_id=&#8220;12&#8243; submenu_collapse=&#8220;on&#8220; menu_link_text_color=&#8220;gcid-f4756ec7-6c25-4361-8e7f-b089b7e08c10&#8243; active_link_color=&#8220;gcid-d2d5bf86-5243-4ce7-98d7-8b0210f7807d&#8220; menu_link_text_active_color=&#8220;gcid-d2d5bf86-5243-4ce7-98d7-8b0210f7807d&#8220; submenu_arrow_color=&#8220;gcid-f4756ec7-6c25-4361-8e7f-b089b7e08c10&#8243; _builder_version=&#8220;4.23&#8243; _module_preset=&#8220;default&#8220; border_color_right=&#8220;gcid-9c204239-61ba-4b60-8792-0fda9b6cbe65&#8243; locked=&#8220;off&#8220; global_colors_info=&#8220;{%22gcid-f4756ec7-6c25-4361-8e7f-b089b7e08c10%22:%91%22menu_link_text_color%22,%22submenu_arrow_color%22%93,%22gcid-d2d5bf86-5243-4ce7-98d7-8b0210f7807d%22:%91%22active_link_color%22,%22menu_link_text_active_color%22%93,%22gcid-9c204239-61ba-4b60-8792-0fda9b6cbe65%22:%91%22border_color_right%22%93}&#8220; global_module=&#8220;2103&#8243;][\/dsm_menu][\/et_pb_column][et_pb_column type=&#8220;2_3&#8243; _builder_version=&#8220;4.22.2&#8243; _module_preset=&#8220;default&#8220; global_colors_info=&#8220;{}&#8220;][et_pb_text _builder_version=&#8220;4.23&#8243; _module_preset=&#8220;default&#8220; global_colors_info=&#8220;{}&#8220;]<\/p>\n<h2>Beim \u00abKompetenzenbilanz-Portfolio\u00bb werden gem\u00e4ss einer genauen und strengen Methodik pers\u00f6nliche \u00dcberlegungen angestellt, damit Sie den roten Faden in Ihrem Lebenslauf finden.<\/h2>\n<p>Am Ende dieser Arbeit steht die Zusammenstellung eines Dossiers, in dem all Ihre Bildungsleistungen und Ressourcen belegt sind.<\/p>\n<p>Daher umfasst dieses Vorgehen nicht nur Ihr Berufsleben und die Ausbildungen, die Sie absolviert haben, sondern auch andere Lebensbereiche aus Ihrem Privatleben: Ihre T\u00e4tigkeiten in der Familie und zu Hause, Ihr ehrenamtliches Engagement, ihre Erfahrungen im Bereich des Sports, Ihre Freizeitaktivit\u00e4ten, Ihre Teilnhame an gesellschaftlichen und kulturellen Anl\u00e4ssen usw.<\/p>\n<p>Das Portfolio wird in kleinen Gruppen von 6 bis 8\u00a0Personen erarbeitet, Sie k\u00f6nnen sich aber auch individuell begleiten lassen. F\u00fcr ein Kompetenzenbilanz-Portfolio k\u00f6nnen Sie sich \u00fcber verschiedene Organisationen oder \u00fcber private Coachs anmelden.<\/p>\n<p>Sie k\u00f6nnen Ihre Kompetenzen auch in einem digitalen Portfolio erfassen oder sie im ePortfolio digital nachweisen lassen (siehe Link weiter unten).<\/p>\n<p>&nbsp;<\/p>\n<h3>Begriffsabgrenzung<\/h3>\n<p>Wenn Sie Kenntnisse gesammelt haben, haben Sie nicht zwangsl\u00e4ufig Kompetenzen entwickelt. Eine Kompetenz erwerben Sie in der Praxis. Daher geht eine Kompetenz verloren, wenn sie nicht oder nicht mehr verwendet wird. Eine Kompetenz ist nachweisbar, wenn sie in die Praxis umgesetzt wird, und wird auch als \u00abKnow-how\u00bb bezeichnet. Daher k\u00f6nnen Sie anhand konkreter Beispiele Ihre erfahrungsbedingten Kenntnisse belegen.<\/p>\n<p>[\/et_pb_text][et_pb_text _builder_version=&#8220;4.23&#8243; _module_preset=&#8220;default&#8220; global_colors_info=&#8220;{}&#8220;]<\/p>\n<h3>Wichtige Informationen<\/h3>\n<p><a href=\"http:\/\/www.plusplus.ch\/\" target=\"_blank\" rel=\"noopener noreferrer\" data-extlink=\"\">plusplus.ch<\/a>\u00a0\u2013 das \u00abnetzwerk beratung + familie\u00bb f\u00fchrt eine Liste von Organisationen in Ihrer N\u00e4he, die die Erstellung des Kompetenzenbilanz-Portfolios anbieten.<\/p>\n<p>Die Westschweizer Organisation\u00a0<a href=\"http:\/\/www.arra.ch\/index.php?option=com_content&amp;view=article&amp;id=53&amp;Itemid=62\" target=\"_blank\" rel=\"noopener noreferrer\" data-extlink=\"\">Association pour la reconnaissance des acquis ARRA<\/a>\u00a0h\u00e4lt verschiedene Links zu Fachpersonen bereit, die Kurse zur Erarbeitung des Kompetenzenbilanz-Portfolios bieten, sowie Angaben zu \u00fcblichen Tarifen usw.<\/p>\n<p><a href=\"http:\/\/eportfolio.ch-q.ch\/default.aspx?lang=de\" target=\"_blank\" rel=\"noopener noreferrer\" data-extlink=\"\">ePortfolio \u2013 Kompetenzen digital nachweisen,<\/a>\u00a0entwickelt vom Schweizerischen Verband f\u00fcr Weiterbildung (SVEB). Mit diesem Instrument k\u00f6nnen die in der Praxis erworbenen Kompetenzen zielgerichtet und strukturiert erfasst und verwaltet werden. Website auf Deutsch, Franz\u00f6sisch und Italienisch, kostenpflichtiges Angebot.<\/p>\n<p><a href=\"http:\/\/www.ch-q.ch\/#!begleitinstrumente\/uvlww\" target=\"_blank\" rel=\"noopener noreferrer\" data-extlink=\"\">Gesellschaft CH-Q<\/a>\u00a0\u2013 Schweizerisches Qualifikationsprogramm zur Berufslaufbahn. Website auf Deutsch. Begleitinstrumente (Beschreibung).<\/p>\n<p>[\/et_pb_text][\/et_pb_column][\/et_pb_row][\/et_pb_section][et_pb_section fb_built=&#8220;1&#8243; _builder_version=&#8220;4.22.2&#8243; _module_preset=&#8220;default&#8220; locked=&#8220;off&#8220; global_colors_info=&#8220;{}&#8220;][et_pb_row column_structure=&#8220;1_2,1_2&#8243; make_equal=&#8220;on&#8220; _builder_version=&#8220;4.22.2&#8243; _module_preset=&#8220;default&#8220; global_colors_info=&#8220;{}&#8220;][et_pb_column type=&#8220;1_2&#8243; _builder_version=&#8220;4.22.2&#8243; _module_preset=&#8220;default&#8220; global_colors_info=&#8220;{}&#8220;][dsm_card title=&#8220;Welche Organisationen k\u00f6nnen mich unterst\u00fctzen?&#8220; image_as_background=&#8220;off&#8220; image_width=&#8220;65px&#8220; button_text=&#8220;Mehr \u00fcber&#8220; button_url=&#8220;@ET-DC@eyJkeW5hbWljIjp0cnVlLCJjb250ZW50IjoicG9zdF9saW5rX3VybF9wYWdlIiwic2V0dGluZ3MiOnsicG9zdF9pZCI6IjE1NiJ9fQ==@&#8220; _builder_version=&#8220;4.23&#8243; _dynamic_attributes=&#8220;button_url&#8220; _module_preset=&#8220;22631c59-47f6-4609-b450-b49e635932c7&#8243; global_module=&#8220;1176&#8243; locked=&#8220;off&#8220; global_colors_info=&#8220;{%22gcid-d2d5bf86-5243-4ce7-98d7-8b0210f7807d%22:%91%22button_bg_color%22,%22button_bg_color%22,%22button_bg_color%22,%22button_bg_color%22%93,%22gcid-f4756ec7-6c25-4361-8e7f-b089b7e08c10%22:%91%22header_text_color%22,%22icon_color%22,%22button_bg_color__hover%22,%22header_text_color%22,%22icon_color%22,%22header_text_color%22,%22icon_color%22%93}&#8220;]<\/p>\n<section id=\"block-bean-block-type-diaporama-fr-0\" class=\"block block-bean col-lg-6 clearfix\">\n<article about=\"\/fr\/block\/block-type-diaporama-fr-0\" class=\"entity entity-bean bean-block-type-homepage view-mode-default \">\n<div class=\"row\">\n<div class=\"col-sm-12 \">\n<div class=\"field field-name-field-body field-type-text-long field-label-hidden\">\n<div class=\"field-items\">\n<div class=\"field-item even\">\n<p>Dank dem schweizweiten Verzeichnis regionaler Adressen finden Sie rasch n\u00fctzliche Adressen f\u00fcr die Dienstleistungen, die Sie suchen.<\/p>\n<\/div>\n<\/div>\n<\/div>\n<\/div>\n<\/div>\n<\/article>\n<\/section>\n<p>[\/dsm_card][\/et_pb_column][et_pb_column type=&#8220;1_2&#8243; _builder_version=&#8220;4.22.2&#8243; _module_preset=&#8220;default&#8220; global_colors_info=&#8220;{}&#8220;][dsm_card title=&#8220;Das Wichtigste im \u00dcberblick&#8220; image_as_background=&#8220;off&#8220; image_width=&#8220;60px&#8220; button_text=&#8220;Mehr \u00fcber&#8220; button_url=&#8220;@ET-DC@eyJkeW5hbWljIjp0cnVlLCJjb250ZW50IjoicG9zdF9saW5rX3VybF9wYWdlIiwic2V0dGluZ3MiOnsicG9zdF9pZCI6IjgzNSJ9fQ==@&#8220; _builder_version=&#8220;4.23&#8243; _dynamic_attributes=&#8220;button_url&#8220; _module_preset=&#8220;22631c59-47f6-4609-b450-b49e635932c7&#8243; button_bg_color=&#8220;gcid-d2d5bf86-5243-4ce7-98d7-8b0210f7807d&#8220; border_color_bottom=&#8220;gcid-f4756ec7-6c25-4361-8e7f-b089b7e08c10&#8243; global_module=&#8220;1174&#8243; locked=&#8220;off&#8220; global_colors_info=&#8220;{%22gcid-d2d5bf86-5243-4ce7-98d7-8b0210f7807d%22:%91%22button_bg_color%22,%22button_bg_color%22,%22button_bg_color%22,%22button_bg_color%22,%22button_bg_color%22,%22button_bg_color%22,%22button_bg_color%22,%22button_bg_color%22,%22button_bg_color%22,%22button_bg_color%22,%22button_bg_color%22,%22button_bg_color%22,%22button_bg_color%22,%22button_bg_color%22%93,%22gcid-f4756ec7-6c25-4361-8e7f-b089b7e08c10%22:%91%22header_text_color%22,%22border_color_bottom%22,%22icon_color%22,%22button_bg_color__hover%22,%22header_text_color%22,%22border_color_bottom%22,%22icon_color%22,%22button_bg_color__hover%22,%22header_text_color%22,%22border_color_bottom%22,%22icon_color%22,%22header_text_color%22,%22border_color_bottom%22,%22icon_color%22,%22header_text_color%22,%22icon_color%22,%22button_bg_color__hover%22,%22header_text_color%22,%22icon_color%22,%22header_text_color%22,%22icon_color%22,%22header_text_color%22,%22border_color_bottom%22,%22icon_color%22,%22button_bg_color__hover%22,%22header_text_color%22,%22border_color_bottom%22,%22icon_color%22,%22header_text_color%22,%22border_color_bottom%22,%22icon_color%22%93,%22gcid-9c204239-61ba-4b60-8792-0fda9b6cbe65%22:%91%22background_color%22,%22background_color%22,%22background_color%22,%22background_color%22,%22background_color%22,%22background_color%22,%22background_color%22,%22background_color%22,%22background_color%22,%22background_color%22,%22background_color%22,%22background_color%22,%22background_color%22,%22background_color%22%93}&#8220;]<\/p>\n<section id=\"block-bean-block-type-diaporama-fr-0\" class=\"block block-bean col-lg-6 clearfix\">\n<article about=\"\/fr\/block\/block-type-diaporama-fr-0\" class=\"entity entity-bean bean-block-type-homepage view-mode-default \">\n<div class=\"row\">\n<div class=\"col-sm-12 \">\n<div class=\"field field-name-field-body field-type-text-long field-label-hidden\">\n<div class=\"field-items\">\n<div class=\"field-item even\">\n<p><span>Die 3 wichtigsten Punkte, die man kennen muss, wenn man berufst\u00e4tig ist und die Betreuung von Angeh\u00f6rigen \u00fcbernimmt.<\/span><\/p>\n<\/div>\n<\/div>\n<\/div>\n<\/div>\n<\/div>\n<\/article>\n<\/section>\n<p>[\/dsm_card][\/et_pb_column][\/et_pb_row][\/et_pb_section]<\/p>\n","protected":false},"excerpt":{"rendered":"<p><div class=\"et_pb_module dsm_breadcrumbs dsm_breadcrumbs_0\">\n\t\t\t\t\n\t\t\t\t\n\t\t\t\t\n\t\t\t\t\n\t\t\t\t\n\t\t\t\t\n\t\t\t\t<div class=\"et_pb_module_inner\">\n\t\t\t\t\t<nav class=\"dsm_breadcrumbs_wrap\">\n\t\t\t\t<ul class=\"dsm_breadcrumbs\" itemscope itemtype=\"https:\/\/schema.org\/BreadcrumbList\">\t\t\t<li class=\"dsm_breadcrumbs_item dsm_home_item dsm_home_item_custom\" itemprop=\"itemListElement\" itemscope\n\t\t\titemtype=\"https:\/\/schema.org\/ListItem\">\n\t\t\t\t<a href=\"https:\/\/info-workcare.ch\/de\/\" itemprop=\"item\" target=\"\">\n\t\t\t\t\t<span class='dsm_home_text_wrapper'>\n\t\t\t\t\t\t\t\t\t\t\t\t\t<span class=\"et-pb-icon dsm_home_icon\">&#xf015;<\/span>\n\t\t\t\t\t\t\t\t\t\t\t\t\t<span class=\"dsm_home_text\" itemprop=\"name\">\n\t\t\t\t\t\t\t\tStartseite\t\t\t\t\t\t\t<\/span>\n\t\t\t\t\t<\/span>\n\t\t\t\t<\/a>\n\t\t\t\t<meta itemprop=\"position\" content=\"1\" \/>\n\t\t\t<\/li>\n\n\t\t<li class=\"dsm_breadcrumbs_separator\"> <span class=\"et-pb-icon dsm_separator_icon\">&#x45;<\/span><\/li><br \/>\n<b>Warning<\/b>:  Attempt to read property \"term_id\" on null in <b>\/home\/clients\/6a20a99fd8dba08e5419d7dffd9e1be6\/sites\/info-workcare.ch\/wp-content\/plugins\/supreme-modules-pro-for-divi\/includes\/modules\/Breadcrumbs\/Breadcrumbs.php<\/b> on line <b>705<\/b><br \/>\n<\/ul>\n\t\t\t<\/nav>\n\t\t\t\t<\/div>\n\t\t\t<\/div><div class=\"et_pb_with_border et_pb_module dsm_menu dsm_menu_0 et_pb_sticky_module  et_pb_text_align_left et_pb_bg_layout_light\">\n\t\t\t\t\n\t\t\t\t\n\t\t\t\t\n\t\t\t\t\n\t\t\t\t\n\t\t\t\t\n\t\t\t\t<div class=\"et_pb_module_inner\">\n\t\t\t\t\t<h3 class=\"dsm-menu-title et_pb_module_header\">W\u00e4hlen Sie ein Thema aus<\/h3><nav class=\"dsm-menu-container\" role=navigation itemscope itemtype=http:\/\/schema.org\/SiteNavigationElement><ul id=\"menu-menu-formations-fr\" class=\"dsm-menu dsm-menu-style-type-none dsm-menu-layout-vertical dsm-menu-submenu-collapse\"><li id=\"menu-item-938\" class=\"et_pb_menu_page_id-933 menu-item menu-item-type-post_type menu-item-object-page menu-item-938\"><a href=\"https:\/\/info-workcare.ch\/formation\/des-cours-pour-vous-perfectionner\/\" itemprop=\"url\"><span itemprop=\"name\">Kurse f\u00fcr Ihre Weiterbildung<\/span><\/a><\/li>\n<li id=\"menu-item-944\" class=\"et_pb_menu_page_id-939 menu-item menu-item-type-post_type menu-item-object-page menu-item-944\"><a href=\"https:\/\/info-workcare.ch\/formation\/faire-votre-bilan-de-competences\/\" itemprop=\"url\"><span itemprop=\"name\">Portfolio und Kompetenzenbilanz<\/span><\/a><\/li>\n<li id=\"menu-item-950\" class=\"et_pb_menu_page_id-945 menu-item menu-item-type-post_type menu-item-object-page menu-item-950\"><a href=\"https:\/\/info-workcare.ch\/formation\/faire-valider-votre-experience\/\" itemprop=\"url\"><span itemprop=\"name\">Ihre Erfahrung validieren lassen<\/span><\/a><\/li>\n<li id=\"menu-item-956\" class=\"et_pb_menu_page_id-951 menu-item menu-item-type-post_type menu-item-object-page menu-item-956\"><a href=\"https:\/\/info-workcare.ch\/formation\/suivre-une-formation-certifiante\/\" itemprop=\"url\"><span itemprop=\"name\">Eine Ausbildung mit anerkanntem Abschluss absolvieren<\/span><\/a><\/li>\n<\/ul><\/nav>\n\t\t\t\t<\/div>\n\t\t\t<\/div>Beim \u00abKompetenzenbilanz-Portfolio\u00bb werden gem\u00e4ss einer genauen und strengen Methodik pers\u00f6nliche \u00dcberlegungen angestellt, damit Sie den roten Faden in Ihrem Lebenslauf finden. Am Ende dieser Arbeit steht die Zusammenstellung eines Dossiers, in dem all Ihre Bildungsleistungen und Ressourcen belegt sind. Daher umfasst dieses Vorgehen nicht nur Ihr Berufsleben und die Ausbildungen, die Sie absolviert haben, sondern auch andere Lebensbereiche aus Ihrem Privatleben: Ihre T\u00e4tigkeiten in der Familie und zu Hause, Ihr ehrenamtliches Engagement, ihre Erfahrungen im Bereich des Sports, Ihre Freizeitaktivit\u00e4ten, Ihre Teilnhame an gesellschaftlichen und kulturellen Anl\u00e4ssen usw. Das Portfolio wird in kleinen Gruppen von 6 bis 8\u00a0Personen erarbeitet, Sie k\u00f6nnen sich aber auch individuell begleiten lassen. F\u00fcr ein Kompetenzenbilanz-Portfolio k\u00f6nnen Sie sich \u00fcber verschiedene Organisationen oder \u00fcber private Coachs anmelden. Sie k\u00f6nnen Ihre Kompetenzen auch in einem digitalen Portfolio erfassen oder sie im ePortfolio digital nachweisen lassen (siehe Link weiter unten). &nbsp; Begriffsabgrenzung Wenn Sie Kenntnisse gesammelt haben, haben Sie nicht zwangsl\u00e4ufig Kompetenzen entwickelt. Eine Kompetenz erwerben Sie in der Praxis. Daher geht eine Kompetenz verloren, wenn sie nicht oder [&hellip;]<\/p>\n","protected":false},"author":1,"featured_media":0,"parent":1933,"menu_order":0,"comment_status":"closed","ping_status":"closed","template":"","meta":{"_et_pb_use_builder":"on","_et_pb_old_content":"","_et_gb_content_width":"","inline_featured_image":false,"footnotes":""},"class_list":["post-1954","page","type-page","status-publish","hentry"],"jetpack_sharing_enabled":true,"_links":{"self":[{"href":"https:\/\/info-workcare.ch\/de\/wp-json\/wp\/v2\/pages\/1954","targetHints":{"allow":["GET"]}}],"collection":[{"href":"https:\/\/info-workcare.ch\/de\/wp-json\/wp\/v2\/pages"}],"about":[{"href":"https:\/\/info-workcare.ch\/de\/wp-json\/wp\/v2\/types\/page"}],"author":[{"embeddable":true,"href":"https:\/\/info-workcare.ch\/de\/wp-json\/wp\/v2\/users\/1"}],"replies":[{"embeddable":true,"href":"https:\/\/info-workcare.ch\/de\/wp-json\/wp\/v2\/comments?post=1954"}],"version-history":[{"count":3,"href":"https:\/\/info-workcare.ch\/de\/wp-json\/wp\/v2\/pages\/1954\/revisions"}],"predecessor-version":[{"id":2125,"href":"https:\/\/info-workcare.ch\/de\/wp-json\/wp\/v2\/pages\/1954\/revisions\/2125"}],"up":[{"embeddable":true,"href":"https:\/\/info-workcare.ch\/de\/wp-json\/wp\/v2\/pages\/1933"}],"wp:attachment":[{"href":"https:\/\/info-workcare.ch\/de\/wp-json\/wp\/v2\/media?parent=1954"}],"curies":[{"name":"wp","href":"https:\/\/api.w.org\/{rel}","templated":true}]}}