{"id":1924,"date":"2023-11-02T16:16:31","date_gmt":"2023-11-02T15:16:31","guid":{"rendered":"https:\/\/info-workcare.ch\/allgemeine-infos\/vivre-un-deuil-au-travail\/"},"modified":"2024-07-10T12:34:36","modified_gmt":"2024-07-10T10:34:36","slug":"trauer-am-arbeitsplatz-erleben","status":"publish","type":"page","link":"https:\/\/info-workcare.ch\/de\/allgemeine-infos\/trauer-am-arbeitsplatz-erleben\/","title":{"rendered":"Trauer am Arbeitsplatz"},"content":{"rendered":"<p>[et_pb_section fb_built=&#8220;1&#8243; _builder_version=&#8220;4.23&#8243; _module_preset=&#8220;default&#8220; background_color=&#8220;gcid-9c204239-61ba-4b60-8792-0fda9b6cbe65&#8243; use_background_color_gradient=&#8220;on&#8220; background_color_gradient_direction=&#8220;90deg&#8220; background_color_gradient_stops=&#8220;#e5edf4 0%|rgba(229,237,244,0) 35%&#8220; background_color_gradient_overlays_image=&#8220;on&#8220; background_image=&#8220;https:\/\/info-workcare.ch\/wp-content\/uploads\/2023\/10\/young-smiling-guy-hugging-aged-man-sofa-scaled-e1698148875278.jpg&#8220; background_size=&#8220;custom&#8220; background_image_width=&#8220;50%&#8220; background_position=&#8220;center_right&#8220; custom_padding=&#8220;3rem||3rem||true|false&#8220; background_last_edited=&#8220;on|desktop&#8220; background_enable_image_tablet=&#8220;off&#8220; global_module=&#8220;841&#8243; saved_tabs=&#8220;all&#8220; locked=&#8220;off&#8220; global_colors_info=&#8220;{%22gcid-9c204239-61ba-4b60-8792-0fda9b6cbe65%22:%91%22background_color%22%93}&#8220;][et_pb_row _builder_version=&#8220;4.22.2&#8243; _module_preset=&#8220;default&#8220; global_colors_info=&#8220;{}&#8220;][et_pb_column type=&#8220;4_4&#8243; _builder_version=&#8220;4.22.2&#8243; _module_preset=&#8220;default&#8220; global_colors_info=&#8220;{}&#8220;][et_pb_text _builder_version=&#8220;4.23&#8243; _dynamic_attributes=&#8220;content&#8220; _module_preset=&#8220;default&#8220; header_text_color=&#8220;gcid-f4756ec7-6c25-4361-8e7f-b089b7e08c10&#8243; header_2_text_color=&#8220;gcid-f4756ec7-6c25-4361-8e7f-b089b7e08c10&#8243; custom_margin=&#8220;||10px||false|false&#8220; custom_padding=&#8220;||||false|false&#8220; global_colors_info=&#8220;{%22gcid-f4756ec7-6c25-4361-8e7f-b089b7e08c10%22:%91%22header_text_color%22,%22header_2_text_color%22%93}&#8220;]@ET-DC@eyJkeW5hbWljIjp0cnVlLCJjb250ZW50IjoicG9zdF90aXRsZSIsInNldHRpbmdzIjp7ImJlZm9yZSI6IjxoMT4iLCJhZnRlciI6IjwvaDE+In19@[\/et_pb_text][et_pb_button button_url=&#8220;#mehr&#8220; button_text=&#8220;Mehr dazu&#8220; _builder_version=&#8220;4.26.0&#8243; _module_preset=&#8220;eef9f03a-7744-4384-a412-ccf9198c1f25&#8243; global_colors_info=&#8220;{}&#8220;][\/et_pb_button][\/et_pb_column][\/et_pb_row][\/et_pb_section][et_pb_section fb_built=&#8220;1&#8243; _builder_version=&#8220;4.22.2&#8243; _module_preset=&#8220;default&#8220; background_color=&#8220;#FFFFFF&#8220; custom_padding=&#8220;0px||0px|||&#8220; global_module=&#8220;1850&#8243; locked=&#8220;off&#8220; global_colors_info=&#8220;{}&#8220;][et_pb_row _builder_version=&#8220;4.22.2&#8243; _module_preset=&#8220;default&#8220; custom_padding=&#8220;2rem||2rem||true|false&#8220; global_colors_info=&#8220;{}&#8220;][et_pb_column type=&#8220;4_4&#8243; _builder_version=&#8220;4.22.2&#8243; _module_preset=&#8220;default&#8220; global_colors_info=&#8220;{}&#8220;][dsm_breadcrumbs home_text=&#8220;Startseite&#8220; home_icon=&#8220;&#xf015;||fa||900&#8243; separator_icon=&#8220;&#x45;||divi||400&#8243; current_padding=&#8220;||||true|true&#8220; _builder_version=&#8220;4.23&#8243; _module_preset=&#8220;default&#8220; items_font=&#8220;|700|||||||&#8220; items_text_color=&#8220;gcid-f4756ec7-6c25-4361-8e7f-b089b7e08c10&#8243; home_icon_text_color=&#8220;gcid-f4756ec7-6c25-4361-8e7f-b089b7e08c10&#8243; separators_text_color=&#8220;gcid-f4756ec7-6c25-4361-8e7f-b089b7e08c10&#8243; current_text_color=&#8220;gcid-3c806b9a-aa2d-46da-be86-b310ce4f6f7d&#8220; global_colors_info=&#8220;{%22gcid-3c806b9a-aa2d-46da-be86-b310ce4f6f7d%22:%91%22current_text_color%22%93,%22gcid-f4756ec7-6c25-4361-8e7f-b089b7e08c10%22:%91%22home_icon_text_color%22,%22items_text_color%22,%22separators_text_color%22%93}&#8220;][\/dsm_breadcrumbs][\/et_pb_column][\/et_pb_row][\/et_pb_section][et_pb_section fb_built=&#8220;1&#8243; module_id=&#8220;mehr&#8220; _builder_version=&#8220;4.23&#8243; _module_preset=&#8220;default&#8220; custom_padding=&#8220;0px||0px|||&#8220; global_colors_info=&#8220;{}&#8220;][et_pb_row column_structure=&#8220;1_3,2_3&#8243; _builder_version=&#8220;4.22.2&#8243; _module_preset=&#8220;default&#8220; global_colors_info=&#8220;{}&#8220;][et_pb_column type=&#8220;1_3&#8243; _builder_version=&#8220;4.22.2&#8243; _module_preset=&#8220;default&#8220; global_colors_info=&#8220;{}&#8220;][dsm_menu title=&#8220;W\u00e4hlen Sie ein Thema aus&#8220; menu_id=&#8220;11&#8243; submenu_collapse=&#8220;on&#8220; _builder_version=&#8220;4.23&#8243; _module_preset=&#8220;default&#8220; border_color_right=&#8220;gcid-9c204239-61ba-4b60-8792-0fda9b6cbe65&#8243; global_module=&#8220;2100&#8243; saved_tabs=&#8220;all&#8220; locked=&#8220;off&#8220; global_colors_info=&#8220;{%22gcid-f4756ec7-6c25-4361-8e7f-b089b7e08c10%22:%91%22menu_link_text_color%22,%22submenu_arrow_color%22%93,%22gcid-d2d5bf86-5243-4ce7-98d7-8b0210f7807d%22:%91%22active_link_color%22,%22menu_link_text_active_color%22%93,%22gcid-9c204239-61ba-4b60-8792-0fda9b6cbe65%22:%91%22border_color_right%22%93}&#8220;][\/dsm_menu][\/et_pb_column][et_pb_column type=&#8220;2_3&#8243; _builder_version=&#8220;4.22.2&#8243; _module_preset=&#8220;default&#8220; global_colors_info=&#8220;{}&#8220;][et_pb_text _builder_version=&#8220;4.23&#8243; _module_preset=&#8220;default&#8220; global_colors_info=&#8220;{}&#8220;]<\/p>\n<h2>Tod eines Mitarbeiters, einer Kollegin oder einer Vorgesetzten bei der Arbeit<\/h2>\n<p>Die Hochschule f\u00fcr Soziale Arbeit und Gesundheit in Lausanne HETSL hat im Juni 2022 eine Brosch\u00fcre &#8222;Trauer in der Arbeitswelt&#8220; ver\u00f6ffentlicht, die sich in erster Linie an Unternehmen richtet. Der Inhalt wurde in Zusammenarbeit mit HR Vaud, FER, SECO, Swiss Leaders und Travail.Suisse erarbeitet. Sie kann kostenlos heruntergeladen werden.<\/p>\n<p>Die HETSL bietet in Zusammenarbeit mit zahlreichen Partnern <a href=\"https:\/\/www.hetsl.ch\/deuil-dans-le-monde-du-travail\/\">Ressourcen und Ausbildungen<\/a> an, um alle Arbeitsbereiche angesichts von Trauersituationen im Berufsfeld zu begleiten.<\/p>\n<p>[\/et_pb_text][et_pb_button button_url=&#8220;https:\/\/www.hetsl.ch\/fileadmin\/user_upload\/ecole\/reseau\/avif\/Brch_Deuil_DE_2024_Web.pdf&#8220; url_new_window=&#8220;on&#8220; button_text=&#8220;Brosch\u00fcre %22Trauer in der Arbeitswelt%22. Leitfaden f\u00fcr Unternehmen&#8220; _builder_version=&#8220;4.23&#8243; _module_preset=&#8220;345cc04d-2c05-4c50-ac28-206445728be0&#8243; locked=&#8220;off&#8220; global_colors_info=&#8220;{%22gcid-d2d5bf86-5243-4ce7-98d7-8b0210f7807d%22:%91%22button_bg_color%22,%22button_bg_color%22,%22button_bg_color%22,%22button_bg_color%22,%22button_bg_color%22%93}&#8220;][\/et_pb_button][\/et_pb_column][\/et_pb_row][\/et_pb_section]<\/p>\n","protected":false},"excerpt":{"rendered":"<p><div class=\"et_pb_module dsm_breadcrumbs dsm_breadcrumbs_0\">\n\t\t\t\t\n\t\t\t\t\n\t\t\t\t\n\t\t\t\t\n\t\t\t\t\n\t\t\t\t\n\t\t\t\t<div class=\"et_pb_module_inner\">\n\t\t\t\t\t<nav class=\"dsm_breadcrumbs_wrap\">\n\t\t\t\t<ul class=\"dsm_breadcrumbs\" itemscope itemtype=\"https:\/\/schema.org\/BreadcrumbList\">\t\t\t<li class=\"dsm_breadcrumbs_item dsm_home_item dsm_home_item_custom\" itemprop=\"itemListElement\" itemscope\n\t\t\titemtype=\"https:\/\/schema.org\/ListItem\">\n\t\t\t\t<a href=\"https:\/\/info-workcare.ch\/de\/\" itemprop=\"item\" target=\"\">\n\t\t\t\t\t<span class='dsm_home_text_wrapper'>\n\t\t\t\t\t\t\t\t\t\t\t\t\t<span class=\"et-pb-icon dsm_home_icon\">&#xf015;<\/span>\n\t\t\t\t\t\t\t\t\t\t\t\t\t<span class=\"dsm_home_text\" itemprop=\"name\">\n\t\t\t\t\t\t\t\tStartseite\t\t\t\t\t\t\t<\/span>\n\t\t\t\t\t<\/span>\n\t\t\t\t<\/a>\n\t\t\t\t<meta itemprop=\"position\" content=\"1\" \/>\n\t\t\t<\/li>\n\n\t\t<li class=\"dsm_breadcrumbs_separator\"> <span class=\"et-pb-icon dsm_separator_icon\">&#x45;<\/span><\/li><br \/>\n<b>Warning<\/b>:  Attempt to read property \"term_id\" on null in <b>\/home\/clients\/6a20a99fd8dba08e5419d7dffd9e1be6\/sites\/info-workcare.ch\/wp-content\/plugins\/supreme-modules-pro-for-divi\/includes\/modules\/Breadcrumbs\/Breadcrumbs.php<\/b> on line <b>705<\/b><br \/>\n<\/ul>\n\t\t\t<\/nav>\n\t\t\t\t<\/div>\n\t\t\t<\/div><div class=\"et_pb_with_border et_pb_module dsm_menu dsm_menu_0 et_pb_sticky_module  et_pb_text_align_left et_pb_bg_layout_light\">\n\t\t\t\t\n\t\t\t\t\n\t\t\t\t\n\t\t\t\t\n\t\t\t\t\n\t\t\t\t\n\t\t\t\t<div class=\"et_pb_module_inner\">\n\t\t\t\t\t<h3 class=\"dsm-menu-title et_pb_module_header\">W\u00e4hlen Sie ein Thema aus<\/h3><nav class=\"dsm-menu-container\" role=navigation itemscope itemtype=http:\/\/schema.org\/SiteNavigationElement><ul id=\"menu-menu-information-generales-fr\" class=\"dsm-menu dsm-menu-style-type-none dsm-menu-layout-vertical dsm-menu-submenu-collapse\"><li id=\"menu-item-833\" class=\"et_pb_menu_page_id-826 menu-item menu-item-type-post_type menu-item-object-page menu-item-833\"><a href=\"https:\/\/info-workcare.ch\/informations-generales\/info-workcare-en-bref\/\" itemprop=\"url\"><span itemprop=\"name\">\u00dcber info-workcare<\/span><\/a><\/li>\n<li id=\"menu-item-843\" class=\"et_pb_menu_page_id-835 menu-item menu-item-type-post_type menu-item-object-page menu-item-843\"><a href=\"https:\/\/info-workcare.ch\/informations-generales\/lessentiel-a-savoir\/\" itemprop=\"url\"><span itemprop=\"name\">Wichtig zu wissen<\/span><\/a><\/li>\n<li id=\"menu-item-883\" class=\"et_pb_menu_page_id-873 menu-item menu-item-type-post_type menu-item-object-page menu-item-883\"><a href=\"https:\/\/info-workcare.ch\/informations-generales\/aspects-financiers\/\" itemprop=\"url\"><span itemprop=\"name\">Finanzielles<\/span><\/a><\/li>\n<li id=\"menu-item-888\" class=\"et_pb_menu_page_id-884 menu-item menu-item-type-post_type menu-item-object-page menu-item-888\"><a href=\"https:\/\/info-workcare.ch\/informations-generales\/aspects-legaux-pour-vos-proches\/\" itemprop=\"url\"><span itemprop=\"name\">Rechtliche Aspekte f\u00fcr Ihre angeh\u00f6rige Person<\/span><\/a><\/li>\n<li id=\"menu-item-893\" class=\"et_pb_menu_page_id-889 menu-item menu-item-type-post_type menu-item-object-page menu-item-893\"><a href=\"https:\/\/info-workcare.ch\/informations-generales\/aspects-legaux-pour-vous-meme\/\" itemprop=\"url\"><span itemprop=\"name\">Rechtliche Aspekte f\u00fcr Sie selbst<\/span><\/a><\/li>\n<li id=\"menu-item-899\" class=\"et_pb_menu_page_id-894 menu-item menu-item-type-post_type menu-item-object-page menu-item-899\"><a href=\"https:\/\/info-workcare.ch\/informations-generales\/documents-a-telecharger\/\" itemprop=\"url\"><span itemprop=\"name\">Dokumente (Downloads)<\/span><\/a><\/li>\n<li id=\"menu-item-904\" class=\"et_pb_menu_page_id-900 menu-item menu-item-type-post_type menu-item-object-page menu-item-904\"><a href=\"https:\/\/info-workcare.ch\/informations-generales\/etudes-et-statistiques\/\" itemprop=\"url\"><span itemprop=\"name\">Studien und Statistiken<\/span><\/a><\/li>\n<li id=\"menu-item-910\" class=\"et_pb_menu_page_id-905 menu-item menu-item-type-post_type menu-item-object-page menu-item-910\"><a href=\"https:\/\/info-workcare.ch\/informations-generales\/liens-utiles\/\" itemprop=\"url\"><span itemprop=\"name\">N\u00fctzliche Links<\/span><\/a><\/li>\n<li id=\"menu-item-916\" class=\"et_pb_menu_page_id-911 menu-item menu-item-type-post_type menu-item-object-page menu-item-916\"><a href=\"https:\/\/info-workcare.ch\/informations-generales\/vivre-un-deuil-au-travail\/\" itemprop=\"url\"><span itemprop=\"name\">Trauer am Arbeitsplatz<\/span><\/a><\/li>\n<\/ul><\/nav>\n\t\t\t\t<\/div>\n\t\t\t<\/div>Tod eines Mitarbeiters, einer Kollegin oder einer Vorgesetzten bei der Arbeit Die Hochschule f\u00fcr Soziale Arbeit und Gesundheit in Lausanne HETSL hat im Juni 2022 eine Brosch\u00fcre &#8222;Trauer in der Arbeitswelt&#8220; ver\u00f6ffentlicht, die sich in erster Linie an Unternehmen richtet. Der Inhalt wurde in Zusammenarbeit mit HR Vaud, FER, SECO, Swiss Leaders und Travail.Suisse erarbeitet. Sie kann kostenlos heruntergeladen werden. Die HETSL bietet in Zusammenarbeit mit zahlreichen Partnern Ressourcen und Ausbildungen an, um alle Arbeitsbereiche angesichts von Trauersituationen im Berufsfeld zu begleiten.<\/p>\n","protected":false},"author":1,"featured_media":0,"parent":1815,"menu_order":0,"comment_status":"closed","ping_status":"closed","template":"","meta":{"_et_pb_use_builder":"on","_et_pb_old_content":"","_et_gb_content_width":"","inline_featured_image":false,"footnotes":""},"class_list":["post-1924","page","type-page","status-publish","hentry"],"jetpack_sharing_enabled":true,"_links":{"self":[{"href":"https:\/\/info-workcare.ch\/de\/wp-json\/wp\/v2\/pages\/1924","targetHints":{"allow":["GET"]}}],"collection":[{"href":"https:\/\/info-workcare.ch\/de\/wp-json\/wp\/v2\/pages"}],"about":[{"href":"https:\/\/info-workcare.ch\/de\/wp-json\/wp\/v2\/types\/page"}],"author":[{"embeddable":true,"href":"https:\/\/info-workcare.ch\/de\/wp-json\/wp\/v2\/users\/1"}],"replies":[{"embeddable":true,"href":"https:\/\/info-workcare.ch\/de\/wp-json\/wp\/v2\/comments?post=1924"}],"version-history":[{"count":9,"href":"https:\/\/info-workcare.ch\/de\/wp-json\/wp\/v2\/pages\/1924\/revisions"}],"predecessor-version":[{"id":3220,"href":"https:\/\/info-workcare.ch\/de\/wp-json\/wp\/v2\/pages\/1924\/revisions\/3220"}],"up":[{"embeddable":true,"href":"https:\/\/info-workcare.ch\/de\/wp-json\/wp\/v2\/pages\/1815"}],"wp:attachment":[{"href":"https:\/\/info-workcare.ch\/de\/wp-json\/wp\/v2\/media?parent=1924"}],"curies":[{"name":"wp","href":"https:\/\/api.w.org\/{rel}","templated":true}]}}