{"id":1823,"date":"2023-10-30T10:48:09","date_gmt":"2023-10-30T09:48:09","guid":{"rendered":"https:\/\/info-workcare.ch\/allgemeine-infos\/presentation\/"},"modified":"2025-09-18T13:32:28","modified_gmt":"2025-09-18T11:32:28","slug":"ueber-info-workcare","status":"publish","type":"page","link":"https:\/\/info-workcare.ch\/de\/allgemeine-infos\/ueber-info-workcare\/","title":{"rendered":"\u00dcber info-workcare"},"content":{"rendered":"<p>[et_pb_section fb_built=&#8220;1&#8243; _builder_version=&#8220;4.23&#8243; _module_preset=&#8220;default&#8220; background_color=&#8220;gcid-9c204239-61ba-4b60-8792-0fda9b6cbe65&#8243; use_background_color_gradient=&#8220;on&#8220; background_color_gradient_direction=&#8220;90deg&#8220; background_color_gradient_stops=&#8220;#e5edf4 0%|rgba(229,237,244,0) 35%&#8220; background_color_gradient_overlays_image=&#8220;on&#8220; background_image=&#8220;https:\/\/info-workcare.ch\/wp-content\/uploads\/2023\/10\/young-smiling-guy-hugging-aged-man-sofa-scaled-e1698148875278.jpg&#8220; background_size=&#8220;custom&#8220; background_image_width=&#8220;50%&#8220; background_position=&#8220;center_right&#8220; custom_padding=&#8220;3rem||3rem||true|false&#8220; background_last_edited=&#8220;on|desktop&#8220; background_enable_image_tablet=&#8220;off&#8220; saved_tabs=&#8220;all&#8220; locked=&#8220;off&#8220; global_colors_info=&#8220;{%22gcid-9c204239-61ba-4b60-8792-0fda9b6cbe65%22:%91%22background_color%22%93}&#8220;][et_pb_row _builder_version=&#8220;4.22.2&#8243; _module_preset=&#8220;default&#8220; global_colors_info=&#8220;{}&#8220;][et_pb_column type=&#8220;4_4&#8243; _builder_version=&#8220;4.22.2&#8243; _module_preset=&#8220;default&#8220; global_colors_info=&#8220;{}&#8220;][et_pb_text _builder_version=&#8220;4.23&#8243; _dynamic_attributes=&#8220;content&#8220; _module_preset=&#8220;default&#8220; header_text_color=&#8220;gcid-f4756ec7-6c25-4361-8e7f-b089b7e08c10&#8243; header_2_text_color=&#8220;gcid-f4756ec7-6c25-4361-8e7f-b089b7e08c10&#8243; custom_margin=&#8220;||10px||false|false&#8220; custom_padding=&#8220;||||false|false&#8220; global_colors_info=&#8220;{%22gcid-f4756ec7-6c25-4361-8e7f-b089b7e08c10%22:%91%22header_text_color%22,%22header_2_text_color%22%93}&#8220;]@ET-DC@eyJkeW5hbWljIjp0cnVlLCJjb250ZW50IjoicG9zdF90aXRsZSIsInNldHRpbmdzIjp7ImJlZm9yZSI6IjxoMT4iLCJhZnRlciI6IjwvaDE+In19@[\/et_pb_text][et_pb_button button_url=&#8220;#en-savoir-plus&#8220; button_text=&#8220;Mehr dazu&#8220; _builder_version=&#8220;4.23&#8243; _module_preset=&#8220;eef9f03a-7744-4384-a412-ccf9198c1f25&#8243; global_colors_info=&#8220;{}&#8220;][\/et_pb_button][\/et_pb_column][\/et_pb_row][\/et_pb_section][et_pb_section fb_built=&#8220;1&#8243; _builder_version=&#8220;4.22.2&#8243; _module_preset=&#8220;default&#8220; background_color=&#8220;#FFFFFF&#8220; custom_padding=&#8220;0px||0px|||&#8220; global_module=&#8220;1850&#8243; locked=&#8220;off&#8220; global_colors_info=&#8220;{}&#8220;][et_pb_row _builder_version=&#8220;4.22.2&#8243; _module_preset=&#8220;default&#8220; custom_padding=&#8220;2rem||2rem||true|false&#8220; global_colors_info=&#8220;{}&#8220;][et_pb_column type=&#8220;4_4&#8243; _builder_version=&#8220;4.22.2&#8243; _module_preset=&#8220;default&#8220; global_colors_info=&#8220;{}&#8220;][dsm_breadcrumbs home_text=&#8220;Startseite&#8220; home_icon=&#8220;&#xf015;||fa||900&#8243; separator_icon=&#8220;&#x45;||divi||400&#8243; current_padding=&#8220;||||true|true&#8220; _builder_version=&#8220;4.23&#8243; _module_preset=&#8220;default&#8220; items_font=&#8220;|700|||||||&#8220; items_text_color=&#8220;gcid-f4756ec7-6c25-4361-8e7f-b089b7e08c10&#8243; home_icon_text_color=&#8220;gcid-f4756ec7-6c25-4361-8e7f-b089b7e08c10&#8243; separators_text_color=&#8220;gcid-f4756ec7-6c25-4361-8e7f-b089b7e08c10&#8243; current_text_color=&#8220;gcid-3c806b9a-aa2d-46da-be86-b310ce4f6f7d&#8220; global_colors_info=&#8220;{%22gcid-3c806b9a-aa2d-46da-be86-b310ce4f6f7d%22:%91%22current_text_color%22%93,%22gcid-f4756ec7-6c25-4361-8e7f-b089b7e08c10%22:%91%22home_icon_text_color%22,%22items_text_color%22,%22separators_text_color%22%93}&#8220;][\/dsm_breadcrumbs][\/et_pb_column][\/et_pb_row][\/et_pb_section][et_pb_section fb_built=&#8220;1&#8243; module_id=&#8220;Mehr&#8220; _builder_version=&#8220;4.23&#8243; _module_preset=&#8220;default&#8220; custom_padding=&#8220;0px||0px|||&#8220; global_colors_info=&#8220;{}&#8220;][et_pb_row column_structure=&#8220;1_3,2_3&#8243; _builder_version=&#8220;4.22.2&#8243; _module_preset=&#8220;default&#8220; global_colors_info=&#8220;{}&#8220;][et_pb_column type=&#8220;1_3&#8243; _builder_version=&#8220;4.22.2&#8243; _module_preset=&#8220;default&#8220; global_colors_info=&#8220;{}&#8220;][dsm_menu title=&#8220;W\u00e4hlen Sie ein Thema aus&#8220; menu_id=&#8220;11&#8243; submenu_collapse=&#8220;on&#8220; _builder_version=&#8220;4.23&#8243; _module_preset=&#8220;default&#8220; border_color_right=&#8220;gcid-9c204239-61ba-4b60-8792-0fda9b6cbe65&#8243; global_module=&#8220;2100&#8243; saved_tabs=&#8220;all&#8220; locked=&#8220;off&#8220; global_colors_info=&#8220;{%22gcid-f4756ec7-6c25-4361-8e7f-b089b7e08c10%22:%91%22menu_link_text_color%22,%22submenu_arrow_color%22%93,%22gcid-d2d5bf86-5243-4ce7-98d7-8b0210f7807d%22:%91%22active_link_color%22,%22menu_link_text_active_color%22%93,%22gcid-9c204239-61ba-4b60-8792-0fda9b6cbe65%22:%91%22border_color_right%22%93}&#8220;][\/dsm_menu][\/et_pb_column][et_pb_column type=&#8220;2_3&#8243; _builder_version=&#8220;4.22.2&#8243; _module_preset=&#8220;default&#8220; global_colors_info=&#8220;{}&#8220;][et_pb_text _builder_version=&#8220;4.27.0&#8243; _module_preset=&#8220;default&#8220; hover_enabled=&#8220;0&#8243; global_colors_info=&#8220;{}&#8220; sticky_enabled=&#8220;0&#8243;]<\/p>\n<h2><strong>Ziele<\/strong><\/h2>\n<p><strong>info-workcare.ch<\/strong> ist die erste zentrale Schweizer Plattform, die Informationen, praktische Tipps und Adressen f\u00fcr berufst\u00e4tige Menschen anbietet, die beginnen, Hilfe f\u00fcr ihre Angeh\u00f6rigen zu organisieren. Die Zielgruppe der Website sind Personen, die meist um die 50 Jahre alt sind, aber nicht nur, die am Arbeitsmarkt integriert sind und die Herausforderungen der Vereinbarkeit von Beruf und Familie bew\u00e4ltigen m\u00fcssen.<\/p>\n<p><strong>info-workcare.ch\u00a0<\/strong>f\u00f6rdert die generations\u00fcbergreifende Betreuung innerhalb der Familie und will dabei verhindern, dass Berufst\u00e4tige dazu gebracht werden, ihre eigene Besch\u00e4ftigung aufzugeben oder zu stark einzuschr\u00e4nken.<\/p>\n<p><strong>info-workcare.ch<\/strong>\u00a0will helfen, die Vereinbarkeit von Berufst\u00e4tigkeit und freiwilliger Care-Arbeit in der Familie zu f\u00f6rdern, und steuert die wichtigsten Grundlagen bei, damit sich die Berufst\u00e4tigen leicht zurechtfinden.<\/p>\n<p>[\/et_pb_text][et_pb_text _builder_version=&#8220;4.27.0&#8243; _module_preset=&#8220;default&#8220; hover_enabled=&#8220;0&#8243; global_colors_info=&#8220;{}&#8220; sticky_enabled=&#8220;0&#8243;]<\/p>\n<h2><strong>N\u00fctzliche Adressen<\/strong><\/h2>\n<p>F\u00fcr betreuende berufst\u00e4tige Angeh\u00f6rige w\u00e4hlt <strong>info-workcare.ch<\/strong> n\u00fctzliche Informationen und Kontaktadressen aus und stellt sie \u00fcbersichtlich zusammen. Alle ver\u00f6ffentlichten Angaben sind von allgemeinem Interesse und f\u00fcr das breite Publikum gedacht. Fachleute aus verschiedenen Kreisen haben sie gepr\u00fcft (siehe Impressum). <strong>info-workcare.ch<\/strong> verfolgt keinen gewerblichen Zweck.<\/p>\n<p>Die auf der Website aufgef\u00fchrten Adressen geh\u00f6ren haupts\u00e4chlich Verb\u00e4nden und Organisationen ohne Gewinnorientierung, die \u2013 nach M\u00f6glichkeit \u2013 gesamtschweizerisch t\u00e4tig sind. Ebenfalls im Verzeichnis enthalten sind Angebote von anerkannten und\/oder \u00f6ffentlich finanzierten Organisationen und Einrichtungen. Rein kommerzielle Adressen werden nicht aufgef\u00fchrt.<\/p>\n<p>Die j\u00e4hrliche Aktualisierung dieser Adressen \u00fcbernimmt Travail.Suisse. Benutzerinnen und Benutzer k\u00f6nnen Fehler oder neue Informationen jederzeit \u00fcber das unter Kontakt verf\u00fcgbare Webformular melden. Wir pr\u00fcfen diese Angaben und schalten sie auf, sofern sie der Philosophie von\u00a0<strong>info-workcare.ch<\/strong>\u00a0entsprechen.<\/p>\n<p>Wer auf\u00a0<strong>info-workcare.ch<\/strong>\u00a0eine Adresse meldet, hat keinen Anspruch auf eine Leistung.<\/p>\n<p>[\/et_pb_text][et_pb_text _builder_version=&#8220;4.23&#8243; _module_preset=&#8220;default&#8220; global_colors_info=&#8220;{}&#8220;]<\/p>\n<h2><strong>Definition der Care-Arbeit<\/strong><\/h2>\n<p>Der englische Ausdruck \u00abcare\u00bb deckt weit mehr ab als Unterst\u00fctzung oder Pflege anderer. Es schwingen auch Emotionales sowie der praktische Aspekt der Betreuungsarbeit mit. Die betreuende Person muss den physischen, psychischen und emotionalen Bed\u00fcrfnissen im Zusammenhang mit der pers\u00f6nlichen Entwicklung der betreuten, nahestehenden Person Rechnung tragen.<\/p>\n<p>Die Care-Aufgaben beginnen h\u00e4ufig mit ganz normalen Hilfeleistungen im Alltag. Sie gehen z.\u00a0B. einkaufen, begleiten Ihre angeh\u00f6rige Person zum Arzt, helfen ihr, die Steuererkl\u00e4rung auszuf\u00fcllen. Doch Schritt f\u00fcr Schritt \u2013 je nach Entwicklung der Bed\u00fcrfnisse \u2013 nehmen Umfang, Schwierigkeit und Belastung der Aufgaben zu. Man muss sich dann mit Dritten organisieren, innerhalb des erweiterten Familienkreises und\/oder mit Fachpersonen. Dann gilt es, L\u00f6sungen zu finden, insbesondere in Bezug auf Ihre Berufst\u00e4tigkeit.<\/p>\n<p>[\/et_pb_text][et_pb_text _builder_version=&#8220;4.23&#8243; _module_preset=&#8220;default&#8220; global_colors_info=&#8220;{}&#8220;]<\/p>\n<h2><strong>Hinweise<\/strong><\/h2>\n<p><strong>info-workcare.ch<\/strong>\u00a0bietet keinerlei pers\u00f6nliche Beratung an.<\/p>\n<p><strong>Wer auf info-workcare.ch eine Adresse meldet, hat keinen Anspruch auf eine Leistung.<\/strong><\/p>\n<p>[\/et_pb_text][et_pb_text _builder_version=&#8220;4.27.0&#8243; _module_preset=&#8220;default&#8220; hover_enabled=&#8220;0&#8243; global_colors_info=&#8220;{}&#8220; sticky_enabled=&#8220;0&#8243;]<\/p>\n<h2><strong>Unterst\u00fctzung<\/strong><\/h2>\n<p>Das Eidg. B\u00fcro f\u00fcr die Gleichstellung von Frau und Mann hat <strong>info-workcare.ch<\/strong> im Rahmen der Finanzhilfen nach dem Gleichstellungsgesetz unterst\u00fctzt.<\/p>\n<p>[\/et_pb_text][\/et_pb_column][\/et_pb_row][\/et_pb_section][et_pb_section fb_built=&#8220;1&#8243; _builder_version=&#8220;4.22.2&#8243; _module_preset=&#8220;default&#8220; locked=&#8220;off&#8220; global_colors_info=&#8220;{}&#8220;][et_pb_row column_structure=&#8220;1_2,1_2&#8243; make_equal=&#8220;on&#8220; _builder_version=&#8220;4.22.2&#8243; _module_preset=&#8220;default&#8220; locked=&#8220;off&#8220; global_colors_info=&#8220;{}&#8220;][et_pb_column type=&#8220;1_2&#8243; _builder_version=&#8220;4.22.2&#8243; _module_preset=&#8220;default&#8220; global_colors_info=&#8220;{}&#8220;][dsm_card title=&#8220;Testimonial-Videos anschauen&#8220; image_as_background=&#8220;off&#8220; image_width=&#8220;65px&#8220; button_text=&#8220;Mehr dazu&#8220; button_url=&#8220;@ET-DC@eyJkeW5hbWljIjp0cnVlLCJjb250ZW50IjoicG9zdF9saW5rX3VybF9wYWdlIiwic2V0dGluZ3MiOnsicG9zdF9pZCI6IjEyNDQifX0=@&#8220; _builder_version=&#8220;4.26.0&#8243; _dynamic_attributes=&#8220;button_url&#8220; _module_preset=&#8220;22631c59-47f6-4609-b450-b49e635932c7&#8243; global_module=&#8220;1179&#8243; locked=&#8220;off&#8220; global_colors_info=&#8220;{%22gcid-d2d5bf86-5243-4ce7-98d7-8b0210f7807d%22:%91%22button_bg_color%22,%22button_bg_color%22,%22button_bg_color%22,%22button_bg_color%22%93,%22gcid-f4756ec7-6c25-4361-8e7f-b089b7e08c10%22:%91%22icon_color%22,%22button_bg_color__hover%22,%22icon_color%22,%22icon_color%22%93,%22gcid-9c204239-61ba-4b60-8792-0fda9b6cbe65%22:%91%22background_color%22,%22background_color%22,%22background_color%22,%22background_color%22%93}&#8220;]<\/p>\n<section id=\"block-bean-block-type-diaporama-fr-0\" class=\"block block-bean col-lg-6 clearfix\">\n<article class=\"entity entity-bean bean-block-type-homepage view-mode-default \">\n<div class=\"row\">\n<div class=\"col-sm-12 \">\n<div class=\"field field-name-field-body field-type-text-long field-label-hidden\">\n<div class=\"field-items\">\n<div class=\"field-item even\">\n<p>Erfahren Sie, wie andere betreuende Angeh\u00f6rige, die Situation erleben. Sie erz\u00e4hlen davon, wie sie ihre verschiedenen Aufgaben miteinander vereinbaren.<\/p>\n<\/div>\n<\/div>\n<\/div>\n<\/div>\n<\/div>\n<\/article>\n<\/section>\n<p>[\/dsm_card][\/et_pb_column][et_pb_column type=&#8220;1_2&#8243; _builder_version=&#8220;4.22.2&#8243; _module_preset=&#8220;default&#8220; global_colors_info=&#8220;{}&#8220;][dsm_card title=&#8220;Dringend: Ich brauche Tipps !&#8220; badge_text=&#8220;Badget Text&#8220; button_text=&#8220;Mehr dazu&#8220; button_url=&#8220;@ET-DC@eyJkeW5hbWljIjp0cnVlLCJjb250ZW50IjoicG9zdF9saW5rX3VybF9wYWdlIiwic2V0dGluZ3MiOnsicG9zdF9pZCI6IjY4In19@&#8220; _builder_version=&#8220;4.26.0&#8243; _dynamic_attributes=&#8220;button_url&#8220; _module_preset=&#8220;22631c59-47f6-4609-b450-b49e635932c7&#8243; global_module=&#8220;1217&#8243; global_colors_info=&#8220;{%22gcid-d2d5bf86-5243-4ce7-98d7-8b0210f7807d%22:%91%22button_bg_color%22,%22button_bg_color%22,%22button_bg_color%22%93,%22gcid-f4756ec7-6c25-4361-8e7f-b089b7e08c10%22:%91%22header_text_color%22,%22header_text_color%22,%22header_text_color%22%93,%22gcid-9c204239-61ba-4b60-8792-0fda9b6cbe65%22:%91%22background_color%22,%22background_color%22,%22background_color%22%93}&#8220;]<\/p>\n<p>Wie organisieren Sie Ihre Arbeit und Ihre Anwesenheit bei Ihren Eltern? Wie gehen Sie mit Ihren unmittelbaren und konkreten Sorgen um? Finden Sie Tipps f\u00fcr verschiedene Notsituationen.<\/p>\n<p>[\/dsm_card][\/et_pb_column][\/et_pb_row][\/et_pb_section]<\/p>\n","protected":false},"excerpt":{"rendered":"<p><div class=\"et_pb_module dsm_breadcrumbs dsm_breadcrumbs_0\">\n\t\t\t\t\n\t\t\t\t\n\t\t\t\t\n\t\t\t\t\n\t\t\t\t\n\t\t\t\t\n\t\t\t\t<div class=\"et_pb_module_inner\">\n\t\t\t\t\t<nav class=\"dsm_breadcrumbs_wrap\">\n\t\t\t\t<ul class=\"dsm_breadcrumbs\" itemscope itemtype=\"https:\/\/schema.org\/BreadcrumbList\">\t\t\t<li class=\"dsm_breadcrumbs_item dsm_home_item dsm_home_item_custom\" itemprop=\"itemListElement\" itemscope\n\t\t\titemtype=\"https:\/\/schema.org\/ListItem\">\n\t\t\t\t<a href=\"https:\/\/info-workcare.ch\/de\/\" itemprop=\"item\" target=\"\">\n\t\t\t\t\t<span class='dsm_home_text_wrapper'>\n\t\t\t\t\t\t\t\t\t\t\t\t\t<span class=\"et-pb-icon dsm_home_icon\">&#xf015;<\/span>\n\t\t\t\t\t\t\t\t\t\t\t\t\t<span class=\"dsm_home_text\" itemprop=\"name\">\n\t\t\t\t\t\t\t\tStartseite\t\t\t\t\t\t\t<\/span>\n\t\t\t\t\t<\/span>\n\t\t\t\t<\/a>\n\t\t\t\t<meta itemprop=\"position\" content=\"1\" \/>\n\t\t\t<\/li>\n\n\t\t<li class=\"dsm_breadcrumbs_separator\"> <span class=\"et-pb-icon dsm_separator_icon\">&#x45;<\/span><\/li><br \/>\n<b>Warning<\/b>:  Attempt to read property \"term_id\" on null in <b>\/home\/clients\/6a20a99fd8dba08e5419d7dffd9e1be6\/sites\/info-workcare.ch\/wp-content\/plugins\/supreme-modules-pro-for-divi\/includes\/modules\/Breadcrumbs\/Breadcrumbs.php<\/b> on line <b>705<\/b><br \/>\n<\/ul>\n\t\t\t<\/nav>\n\t\t\t\t<\/div>\n\t\t\t<\/div><div class=\"et_pb_with_border et_pb_module dsm_menu dsm_menu_0 et_pb_sticky_module  et_pb_text_align_left et_pb_bg_layout_light\">\n\t\t\t\t\n\t\t\t\t\n\t\t\t\t\n\t\t\t\t\n\t\t\t\t\n\t\t\t\t\n\t\t\t\t<div class=\"et_pb_module_inner\">\n\t\t\t\t\t<h3 class=\"dsm-menu-title et_pb_module_header\">W\u00e4hlen Sie ein Thema aus<\/h3><nav class=\"dsm-menu-container\" role=navigation itemscope itemtype=http:\/\/schema.org\/SiteNavigationElement><ul id=\"menu-menu-information-generales-fr\" class=\"dsm-menu dsm-menu-style-type-none dsm-menu-layout-vertical dsm-menu-submenu-collapse\"><li id=\"menu-item-833\" class=\"et_pb_menu_page_id-826 menu-item menu-item-type-post_type menu-item-object-page menu-item-833\"><a href=\"https:\/\/info-workcare.ch\/informations-generales\/info-workcare-en-bref\/\" itemprop=\"url\"><span itemprop=\"name\">\u00dcber info-workcare<\/span><\/a><\/li>\n<li id=\"menu-item-843\" class=\"et_pb_menu_page_id-835 menu-item menu-item-type-post_type menu-item-object-page menu-item-843\"><a href=\"https:\/\/info-workcare.ch\/informations-generales\/lessentiel-a-savoir\/\" itemprop=\"url\"><span itemprop=\"name\">Wichtig zu wissen<\/span><\/a><\/li>\n<li id=\"menu-item-883\" class=\"et_pb_menu_page_id-873 menu-item menu-item-type-post_type menu-item-object-page menu-item-883\"><a href=\"https:\/\/info-workcare.ch\/informations-generales\/aspects-financiers\/\" itemprop=\"url\"><span itemprop=\"name\">Finanzielles<\/span><\/a><\/li>\n<li id=\"menu-item-888\" class=\"et_pb_menu_page_id-884 menu-item menu-item-type-post_type menu-item-object-page menu-item-888\"><a href=\"https:\/\/info-workcare.ch\/informations-generales\/aspects-legaux-pour-vos-proches\/\" itemprop=\"url\"><span itemprop=\"name\">Rechtliche Aspekte f\u00fcr Ihre angeh\u00f6rige Person<\/span><\/a><\/li>\n<li id=\"menu-item-893\" class=\"et_pb_menu_page_id-889 menu-item menu-item-type-post_type menu-item-object-page menu-item-893\"><a href=\"https:\/\/info-workcare.ch\/informations-generales\/aspects-legaux-pour-vous-meme\/\" itemprop=\"url\"><span itemprop=\"name\">Rechtliche Aspekte f\u00fcr Sie selbst<\/span><\/a><\/li>\n<li id=\"menu-item-899\" class=\"et_pb_menu_page_id-894 menu-item menu-item-type-post_type menu-item-object-page menu-item-899\"><a href=\"https:\/\/info-workcare.ch\/informations-generales\/documents-a-telecharger\/\" itemprop=\"url\"><span itemprop=\"name\">Dokumente (Downloads)<\/span><\/a><\/li>\n<li id=\"menu-item-904\" class=\"et_pb_menu_page_id-900 menu-item menu-item-type-post_type menu-item-object-page menu-item-904\"><a href=\"https:\/\/info-workcare.ch\/informations-generales\/etudes-et-statistiques\/\" itemprop=\"url\"><span itemprop=\"name\">Studien und Statistiken<\/span><\/a><\/li>\n<li id=\"menu-item-910\" class=\"et_pb_menu_page_id-905 menu-item menu-item-type-post_type menu-item-object-page menu-item-910\"><a href=\"https:\/\/info-workcare.ch\/informations-generales\/liens-utiles\/\" itemprop=\"url\"><span itemprop=\"name\">N\u00fctzliche Links<\/span><\/a><\/li>\n<li id=\"menu-item-916\" class=\"et_pb_menu_page_id-911 menu-item menu-item-type-post_type menu-item-object-page menu-item-916\"><a href=\"https:\/\/info-workcare.ch\/informations-generales\/vivre-un-deuil-au-travail\/\" itemprop=\"url\"><span itemprop=\"name\">Trauer am Arbeitsplatz<\/span><\/a><\/li>\n<\/ul><\/nav>\n\t\t\t\t<\/div>\n\t\t\t<\/div>Ziele info-workcare.ch ist die erste zentrale Schweizer Plattform, die Informationen, praktische Tipps und Adressen f\u00fcr berufst\u00e4tige Menschen anbietet, die beginnen, Hilfe f\u00fcr ihre Angeh\u00f6rigen zu organisieren. Die Zielgruppe der Website sind Personen, die meist um die 50 Jahre alt sind, aber nicht nur, die am Arbeitsmarkt integriert sind und die Herausforderungen der Vereinbarkeit von Beruf und Familie bew\u00e4ltigen m\u00fcssen. info-workcare.ch\u00a0f\u00f6rdert die generations\u00fcbergreifende Betreuung innerhalb der Familie und will dabei verhindern, dass Berufst\u00e4tige dazu gebracht werden, ihre eigene Besch\u00e4ftigung aufzugeben oder zu stark einzuschr\u00e4nken. info-workcare.ch\u00a0will helfen, die Vereinbarkeit von Berufst\u00e4tigkeit und freiwilliger Care-Arbeit in der Familie zu f\u00f6rdern, und steuert die wichtigsten Grundlagen bei, damit sich die Berufst\u00e4tigen leicht zurechtfinden.N\u00fctzliche Adressen F\u00fcr betreuende berufst\u00e4tige Angeh\u00f6rige w\u00e4hlt info-workcare.ch n\u00fctzliche Informationen und Kontaktadressen aus und stellt sie \u00fcbersichtlich zusammen. Alle ver\u00f6ffentlichten Angaben sind von allgemeinem Interesse und f\u00fcr das breite Publikum gedacht. Fachleute aus verschiedenen Kreisen haben sie gepr\u00fcft (siehe Impressum). info-workcare.ch verfolgt keinen gewerblichen Zweck. Die auf der Website aufgef\u00fchrten Adressen geh\u00f6ren haupts\u00e4chlich Verb\u00e4nden und Organisationen ohne Gewinnorientierung, die \u2013 nach M\u00f6glichkeit \u2013 gesamtschweizerisch t\u00e4tig sind. [&hellip;]<\/p>\n","protected":false},"author":1,"featured_media":0,"parent":1815,"menu_order":0,"comment_status":"closed","ping_status":"closed","template":"","meta":{"_et_pb_use_builder":"on","_et_pb_old_content":"","_et_gb_content_width":"","inline_featured_image":false,"footnotes":""},"class_list":["post-1823","page","type-page","status-publish","hentry"],"jetpack_sharing_enabled":true,"_links":{"self":[{"href":"https:\/\/info-workcare.ch\/de\/wp-json\/wp\/v2\/pages\/1823","targetHints":{"allow":["GET"]}}],"collection":[{"href":"https:\/\/info-workcare.ch\/de\/wp-json\/wp\/v2\/pages"}],"about":[{"href":"https:\/\/info-workcare.ch\/de\/wp-json\/wp\/v2\/types\/page"}],"author":[{"embeddable":true,"href":"https:\/\/info-workcare.ch\/de\/wp-json\/wp\/v2\/users\/1"}],"replies":[{"embeddable":true,"href":"https:\/\/info-workcare.ch\/de\/wp-json\/wp\/v2\/comments?post=1823"}],"version-history":[{"count":8,"href":"https:\/\/info-workcare.ch\/de\/wp-json\/wp\/v2\/pages\/1823\/revisions"}],"predecessor-version":[{"id":4047,"href":"https:\/\/info-workcare.ch\/de\/wp-json\/wp\/v2\/pages\/1823\/revisions\/4047"}],"up":[{"embeddable":true,"href":"https:\/\/info-workcare.ch\/de\/wp-json\/wp\/v2\/pages\/1815"}],"wp:attachment":[{"href":"https:\/\/info-workcare.ch\/de\/wp-json\/wp\/v2\/media?parent=1823"}],"curies":[{"name":"wp","href":"https:\/\/api.w.org\/{rel}","templated":true}]}}