{"id":1676,"date":"2023-10-27T10:04:06","date_gmt":"2023-10-27T08:04:06","guid":{"rendered":"https:\/\/info-workcare.ch\/?page_id=1676"},"modified":"2023-11-30T11:19:22","modified_gmt":"2023-11-30T10:19:22","slug":"pflege-koordinieren","status":"publish","type":"page","link":"https:\/\/info-workcare.ch\/de\/praktische-hinweise\/zu-hause\/pflege-koordinieren\/","title":{"rendered":"Pflege koordinieren"},"content":{"rendered":"<p>[et_pb_section fb_built=&#8220;1&#8243; _builder_version=&#8220;4.23&#8243; _module_preset=&#8220;default&#8220; background_color=&#8220;gcid-9c204239-61ba-4b60-8792-0fda9b6cbe65&#8243; use_background_color_gradient=&#8220;on&#8220; background_color_gradient_direction=&#8220;90deg&#8220; background_color_gradient_stops=&#8220;#e5edf4 0%|rgba(229,237,244,0) 35%&#8220; background_color_gradient_overlays_image=&#8220;on&#8220; background_image=&#8220;https:\/\/info-workcare.ch\/wp-content\/uploads\/2023\/10\/old-man-video-calling-family-from-nursing-home-with-nurse-s-help-scaled-e1698147934130.jpg&#8220; background_size=&#8220;custom&#8220; background_image_width=&#8220;50%&#8220; background_position=&#8220;center_right&#8220; custom_padding=&#8220;3rem||3rem||true|false&#8220; background_last_edited=&#8220;on|desktop&#8220; background_enable_image_tablet=&#8220;off&#8220; global_module=&#8220;586&#8243; saved_tabs=&#8220;all&#8220; locked=&#8220;off&#8220; global_colors_info=&#8220;{%22gcid-9c204239-61ba-4b60-8792-0fda9b6cbe65%22:%91%22background_color%22%93}&#8220;][et_pb_row _builder_version=&#8220;4.22.2&#8243; _module_preset=&#8220;default&#8220; global_colors_info=&#8220;{}&#8220;][et_pb_column type=&#8220;4_4&#8243; _builder_version=&#8220;4.22.2&#8243; _module_preset=&#8220;default&#8220; global_colors_info=&#8220;{}&#8220;][et_pb_text _builder_version=&#8220;4.23&#8243; _dynamic_attributes=&#8220;content&#8220; _module_preset=&#8220;default&#8220; header_text_color=&#8220;gcid-f4756ec7-6c25-4361-8e7f-b089b7e08c10&#8243; header_2_text_color=&#8220;gcid-f4756ec7-6c25-4361-8e7f-b089b7e08c10&#8243; custom_margin=&#8220;||10px||false|false&#8220; custom_padding=&#8220;||||false|false&#8220; global_colors_info=&#8220;{%22gcid-f4756ec7-6c25-4361-8e7f-b089b7e08c10%22:%91%22header_text_color%22,%22header_2_text_color%22%93}&#8220;]@ET-DC@eyJkeW5hbWljIjp0cnVlLCJjb250ZW50IjoicG9zdF90aXRsZSIsInNldHRpbmdzIjp7ImJlZm9yZSI6IjxoMT4iLCJhZnRlciI6IjwvaDE+In19@[\/et_pb_text][et_pb_button button_url=&#8220;#mehr&#8220; button_text=&#8220;Mehr \u00fcber&#8220; _builder_version=&#8220;4.22.2&#8243; _module_preset=&#8220;eef9f03a-7744-4384-a412-ccf9198c1f25&#8243; global_colors_info=&#8220;{}&#8220;][\/et_pb_button][\/et_pb_column][\/et_pb_row][\/et_pb_section][et_pb_section fb_built=&#8220;1&#8243; _builder_version=&#8220;4.22.2&#8243; _module_preset=&#8220;default&#8220; background_color=&#8220;#FFFFFF&#8220; custom_padding=&#8220;0px||0px|||&#8220; global_colors_info=&#8220;{}&#8220; global_module=&#8220;1850&#8243; locked=&#8220;off&#8220;][et_pb_row _builder_version=&#8220;4.22.2&#8243; _module_preset=&#8220;default&#8220; custom_padding=&#8220;2rem||2rem||true|false&#8220; global_colors_info=&#8220;{}&#8220; theme_builder_area=&#8220;post_content&#8220;][et_pb_column type=&#8220;4_4&#8243; _builder_version=&#8220;4.22.2&#8243; _module_preset=&#8220;default&#8220; global_colors_info=&#8220;{}&#8220; theme_builder_area=&#8220;post_content&#8220;][dsm_breadcrumbs home_text=&#8220;Accueil&#8220; home_icon=&#8220;&#xf015;||fa||900&#8243; separator_icon=&#8220;&#x45;||divi||400&#8243; current_padding=&#8220;||||true|true&#8220; _builder_version=&#8220;4.22.2&#8243; _module_preset=&#8220;default&#8220; items_font=&#8220;|700|||||||&#8220; items_text_color=&#8220;gcid-f4756ec7-6c25-4361-8e7f-b089b7e08c10&#8243; home_icon_text_color=&#8220;gcid-f4756ec7-6c25-4361-8e7f-b089b7e08c10&#8243; separators_text_color=&#8220;gcid-f4756ec7-6c25-4361-8e7f-b089b7e08c10&#8243; current_text_color=&#8220;gcid-3c806b9a-aa2d-46da-be86-b310ce4f6f7d&#8220; global_colors_info=&#8220;{%22gcid-3c806b9a-aa2d-46da-be86-b310ce4f6f7d%22:%91%22current_text_color%22%93,%22gcid-f4756ec7-6c25-4361-8e7f-b089b7e08c10%22:%91%22home_icon_text_color%22,%22items_text_color%22,%22separators_text_color%22%93}&#8220; theme_builder_area=&#8220;post_content&#8220;][\/dsm_breadcrumbs][\/et_pb_column][\/et_pb_row][\/et_pb_section][et_pb_section fb_built=&#8220;1&#8243; module_id=&#8220;mehr&#8220; _builder_version=&#8220;4.23&#8243; _module_preset=&#8220;default&#8220; custom_padding=&#8220;0px||0px|||&#8220; global_colors_info=&#8220;{}&#8220;][et_pb_row column_structure=&#8220;1_3,2_3&#8243; _builder_version=&#8220;4.22.2&#8243; _module_preset=&#8220;default&#8220; global_colors_info=&#8220;{}&#8220;][et_pb_column type=&#8220;1_3&#8243; _builder_version=&#8220;4.22.2&#8243; _module_preset=&#8220;default&#8220; global_colors_info=&#8220;{}&#8220;][dsm_menu title=&#8220;W\u00e4hlen Sie ein Thema aus&#8220; menu_id=&#8220;4&#8243; submenu_collapse=&#8220;on&#8220; _builder_version=&#8220;4.23&#8243; _module_preset=&#8220;e6ee5dc7-bc8a-4f1a-b871-e9936a92bc50&#8243; global_module=&#8220;578&#8243; locked=&#8220;off&#8220; global_colors_info=&#8220;{%22gcid-f4756ec7-6c25-4361-8e7f-b089b7e08c10%22:%91%22menu_link_text_color%22,%22submenu_arrow_color%22%93,%22gcid-d2d5bf86-5243-4ce7-98d7-8b0210f7807d%22:%91%22active_link_color%22,%22menu_link_text_active_color%22%93}&#8220;][\/dsm_menu][\/et_pb_column][et_pb_column type=&#8220;2_3&#8243; _builder_version=&#8220;4.22.2&#8243; _module_preset=&#8220;default&#8220; global_colors_info=&#8220;{}&#8220;][et_pb_text _builder_version=&#8220;4.23&#8243; _module_preset=&#8220;default&#8220; global_colors_info=&#8220;{}&#8220;]<\/p>\n<h2>Die Koordination der Pflege ist ein Prozess mit verschiedenen Schritten. Von der punktuellen Unterst\u00fctzung bis zur Organisation einer st\u00e4ndigen Pr\u00e4senz in der Wohnung Ihrer angeh\u00f6rigen Person \u2013 die Koordination verlangt echtes Organisationstalent. Mit dem Menu Vorbereitung der 3 Etapen finden Sie ein sehr n\u00fctzliches Hilfsmittel.<\/h2>\n<p>F\u00fcr die Koordination der Pflege muss manchmal eine Person eingestellt werden: Ihre Rolle als pflegende angeh\u00f6rige Person \u00e4ndert damit und Sie \u2013 oder Ihre angeh\u00f6rige Person \u2013 werden faktisch Arbeitgeber.<\/p>\n<p>Ausserdem sind Familien immer h\u00e4ufiger r\u00e4umlich getrennt. Aus der Ferne helfen stellt eine zus\u00e4tzliche Herausforderung dar \u2013 schwierig, aber machbar.<\/p>\n<p>[\/et_pb_text][\/et_pb_column][\/et_pb_row][\/et_pb_section]<\/p>\n","protected":false},"excerpt":{"rendered":"<p><div class=\"et_pb_module dsm_breadcrumbs dsm_breadcrumbs_0\">\n\t\t\t\t\n\t\t\t\t\n\t\t\t\t\n\t\t\t\t\n\t\t\t\t\n\t\t\t\t\n\t\t\t\t<div class=\"et_pb_module_inner\">\n\t\t\t\t\t<nav class=\"dsm_breadcrumbs_wrap\">\n\t\t\t\t<ul class=\"dsm_breadcrumbs\" itemscope itemtype=\"https:\/\/schema.org\/BreadcrumbList\">\t\t\t<li class=\"dsm_breadcrumbs_item dsm_home_item dsm_home_item_custom\" itemprop=\"itemListElement\" itemscope\n\t\t\titemtype=\"https:\/\/schema.org\/ListItem\">\n\t\t\t\t<a href=\"https:\/\/info-workcare.ch\/de\/\" itemprop=\"item\" target=\"\">\n\t\t\t\t\t<span class='dsm_home_text_wrapper'>\n\t\t\t\t\t\t\t\t\t\t\t\t\t<span class=\"et-pb-icon dsm_home_icon\">&#xf015;<\/span>\n\t\t\t\t\t\t\t\t\t\t\t\t\t<span class=\"dsm_home_text\" itemprop=\"name\">\n\t\t\t\t\t\t\t\tAccueil\t\t\t\t\t\t\t<\/span>\n\t\t\t\t\t<\/span>\n\t\t\t\t<\/a>\n\t\t\t\t<meta itemprop=\"position\" content=\"1\" \/>\n\t\t\t<\/li>\n\n\t\t<li class=\"dsm_breadcrumbs_separator\"> <span class=\"et-pb-icon dsm_separator_icon\">&#x45;<\/span><\/li><br \/>\n<b>Warning<\/b>:  Attempt to read property \"term_id\" on null in <b>\/home\/clients\/6a20a99fd8dba08e5419d7dffd9e1be6\/sites\/info-workcare.ch\/wp-content\/plugins\/supreme-modules-pro-for-divi\/includes\/modules\/Breadcrumbs\/Breadcrumbs.php<\/b> on line <b>705<\/b><br \/>\n<\/ul>\n\t\t\t<\/nav>\n\t\t\t\t<\/div>\n\t\t\t<\/div><div class=\"et_pb_with_border et_pb_module dsm_menu dsm_menu_0 et_pb_sticky_module  et_pb_text_align_left et_pb_bg_layout_light\">\n\t\t\t\t\n\t\t\t\t\n\t\t\t\t\n\t\t\t\t\n\t\t\t\t\n\t\t\t\t\n\t\t\t\t<div class=\"et_pb_module_inner\">\n\t\t\t\t\t<h3 class=\"dsm-menu-title et_pb_module_header\">W\u00e4hlen Sie ein Thema aus<\/h3><nav class=\"dsm-menu-container\" role=navigation itemscope itemtype=http:\/\/schema.org\/SiteNavigationElement><ul id=\"menu-menu-conseils-pratiques-fr\" class=\"dsm-menu dsm-menu-style-type-none dsm-menu-layout-vertical dsm-menu-submenu-collapse\"><li id=\"menu-item-134\" class=\"et_pb_menu_page_id-125 menu-item menu-item-type-post_type menu-item-object-page menu-item-has-children menu-item-134\"><a href=\"https:\/\/info-workcare.ch\/conseils-pratiques\/en-cas-durgences\/\" itemprop=\"url\"><span itemprop=\"name\">Notf\u00e4lle<\/span><span class=\"et-pb-icon\">3<\/span><\/a>\n<ul class=\"sub-menu\">\n\t<li id=\"menu-item-143\" class=\"et_pb_menu_page_id-135 menu-item menu-item-type-post_type menu-item-object-page menu-item-143\"><a href=\"https:\/\/info-workcare.ch\/conseils-pratiques\/en-cas-durgences\/accident\/\" itemprop=\"url\"><span itemprop=\"name\">Unfall<\/span><\/a><\/li>\n\t<li id=\"menu-item-574\" class=\"et_pb_menu_page_id-567 menu-item menu-item-type-post_type menu-item-object-page menu-item-574\"><a href=\"https:\/\/info-workcare.ch\/conseils-pratiques\/en-cas-durgences\/disparition\/\" itemprop=\"url\"><span itemprop=\"name\">Verschwinden<\/span><\/a><\/li>\n\t<li id=\"menu-item-606\" class=\"et_pb_menu_page_id-598 menu-item menu-item-type-post_type menu-item-object-page menu-item-606\"><a href=\"https:\/\/info-workcare.ch\/conseils-pratiques\/en-cas-durgences\/epuisement-emotionnel\/\" itemprop=\"url\"><span itemprop=\"name\">Emotionale Ersch\u00f6pfung<\/span><\/a><\/li>\n\t<li id=\"menu-item-614\" class=\"et_pb_menu_page_id-607 menu-item menu-item-type-post_type menu-item-object-page menu-item-614\"><a href=\"https:\/\/info-workcare.ch\/conseils-pratiques\/en-cas-durgences\/violence-sur-moi\/\" itemprop=\"url\"><span itemprop=\"name\">Gewalt gegen mich<\/span><\/a><\/li>\n\t<li id=\"menu-item-624\" class=\"et_pb_menu_page_id-619 menu-item menu-item-type-post_type menu-item-object-page menu-item-624\"><a href=\"https:\/\/info-workcare.ch\/conseils-pratiques\/en-cas-durgences\/violence-sur-autrui\/\" itemprop=\"url\"><span itemprop=\"name\">Gewalt gegen den\/die Angeh\u00f6rige\/n<\/span><\/a><\/li>\n\t<li id=\"menu-item-629\" class=\"et_pb_menu_page_id-625 menu-item menu-item-type-post_type menu-item-object-page menu-item-629\"><a href=\"https:\/\/info-workcare.ch\/conseils-pratiques\/en-cas-durgences\/pulsion-de-violence\/\" itemprop=\"url\"><span itemprop=\"name\">Gewalt durch mich<\/span><\/a><\/li>\n\t<li id=\"menu-item-635\" class=\"et_pb_menu_page_id-630 menu-item menu-item-type-post_type menu-item-object-page menu-item-635\"><a href=\"https:\/\/info-workcare.ch\/conseils-pratiques\/en-cas-durgences\/crise-avec-une-situation-de-prise-en-charge\/\" itemprop=\"url\"><span itemprop=\"name\">Krise (mit Betreungssituation)<\/span><\/a><\/li>\n<\/ul>\n<\/li>\n<li id=\"menu-item-641\" class=\"et_pb_menu_page_id-637 menu-item menu-item-type-post_type menu-item-object-page menu-item-has-children menu-item-641\"><a href=\"https:\/\/info-workcare.ch\/conseils-pratiques\/au-travail\/\" itemprop=\"url\"><span itemprop=\"name\">Am Arbeitsplatz<\/span><span class=\"et-pb-icon\">3<\/span><\/a>\n<ul class=\"sub-menu\">\n\t<li id=\"menu-item-650\" class=\"et_pb_menu_page_id-642 menu-item menu-item-type-post_type menu-item-object-page menu-item-650\"><a href=\"https:\/\/info-workcare.ch\/conseils-pratiques\/au-travail\/se-renseigner\/\" itemprop=\"url\"><span itemprop=\"name\">Sich informieren<\/span><\/a><\/li>\n\t<li id=\"menu-item-655\" class=\"et_pb_menu_page_id-651 menu-item menu-item-type-post_type menu-item-object-page menu-item-655\"><a href=\"https:\/\/info-workcare.ch\/conseils-pratiques\/au-travail\/organiser-et-coordonner\/\" itemprop=\"url\"><span itemprop=\"name\">Organisieren und Koordinieren<\/span><\/a><\/li>\n\t<li id=\"menu-item-665\" class=\"et_pb_menu_page_id-659 menu-item menu-item-type-post_type menu-item-object-page menu-item-665\"><a href=\"https:\/\/info-workcare.ch\/conseils-pratiques\/au-travail\/votre-situation-professionnelle\/\" itemprop=\"url\"><span itemprop=\"name\">Ihre berufliche Situation<\/span><\/a><\/li>\n\t<li id=\"menu-item-670\" class=\"et_pb_menu_page_id-666 menu-item menu-item-type-post_type menu-item-object-page menu-item-670\"><a href=\"https:\/\/info-workcare.ch\/conseils-pratiques\/au-travail\/aide-et-soutien-psychologique\/\" itemprop=\"url\"><span itemprop=\"name\">Psychologische Unterst\u00fctzung<\/span><\/a><\/li>\n<\/ul>\n<\/li>\n<li id=\"menu-item-675\" class=\"et_pb_menu_page_id-671 menu-item menu-item-type-post_type menu-item-object-page menu-item-has-children menu-item-675\"><a href=\"https:\/\/info-workcare.ch\/conseils-pratiques\/a-la-maison\/\" itemprop=\"url\"><span itemprop=\"name\">Zu Hause<\/span><span class=\"et-pb-icon\">3<\/span><\/a>\n<ul class=\"sub-menu\">\n\t<li id=\"menu-item-680\" class=\"et_pb_menu_page_id-676 menu-item menu-item-type-post_type menu-item-object-page menu-item-has-children menu-item-680\"><a href=\"https:\/\/info-workcare.ch\/conseils-pratiques\/a-la-maison\/organiser-son-quotidien\/\" itemprop=\"url\"><span itemprop=\"name\">Den Alltag organisieren<\/span><span class=\"et-pb-icon\">3<\/span><\/a>\n\t<ul class=\"sub-menu\">\n\t\t<li id=\"menu-item-698\" class=\"et_pb_menu_page_id-681 menu-item menu-item-type-post_type menu-item-object-page menu-item-698\"><a href=\"https:\/\/info-workcare.ch\/conseils-pratiques\/a-la-maison\/organiser-son-quotidien\/indemnisation-du-proche-aidant\/\" itemprop=\"url\"><span itemprop=\"name\">Zulagen f\u00fcr Betreungsaufgaben<\/span><\/a><\/li>\n\t\t<li id=\"menu-item-703\" class=\"et_pb_menu_page_id-699 menu-item menu-item-type-post_type menu-item-object-page menu-item-703\"><a href=\"https:\/\/info-workcare.ch\/conseils-pratiques\/a-la-maison\/organiser-son-quotidien\/reseaux-personnels\/\" itemprop=\"url\"><span itemprop=\"name\">Pers\u00f6nliche Netzwerke<\/span><\/a><\/li>\n\t\t<li id=\"menu-item-709\" class=\"et_pb_menu_page_id-704 menu-item menu-item-type-post_type menu-item-object-page menu-item-709\"><a href=\"https:\/\/info-workcare.ch\/conseils-pratiques\/a-la-maison\/organiser-son-quotidien\/repas-a-domicile\/\" itemprop=\"url\"><span itemprop=\"name\">Mahlzeitendienst<\/span><\/a><\/li>\n\t\t<li id=\"menu-item-715\" class=\"et_pb_menu_page_id-710 menu-item menu-item-type-post_type menu-item-object-page menu-item-715\"><a href=\"https:\/\/info-workcare.ch\/conseils-pratiques\/a-la-maison\/organiser-son-quotidien\/benevoles-a-domicile\/\" itemprop=\"url\"><span itemprop=\"name\">Freiwillige Helfer<\/span><\/a><\/li>\n\t\t<li id=\"menu-item-720\" class=\"et_pb_menu_page_id-716 menu-item menu-item-type-post_type menu-item-object-page menu-item-720\"><a href=\"https:\/\/info-workcare.ch\/conseils-pratiques\/a-la-maison\/organiser-son-quotidien\/securite-a-domicile\/\" itemprop=\"url\"><span itemprop=\"name\">Sicherheit zu Hause<\/span><\/a><\/li>\n\t\t<li id=\"menu-item-726\" class=\"et_pb_menu_page_id-721 menu-item menu-item-type-post_type menu-item-object-page menu-item-726\"><a href=\"https:\/\/info-workcare.ch\/conseils-pratiques\/a-la-maison\/organiser-son-quotidien\/moyens-auxiliaires\/\" itemprop=\"url\"><span itemprop=\"name\">Hilfsmittel<\/span><\/a><\/li>\n\t\t<li id=\"menu-item-732\" class=\"et_pb_menu_page_id-727 menu-item menu-item-type-post_type menu-item-object-page menu-item-732\"><a href=\"https:\/\/info-workcare.ch\/conseils-pratiques\/a-la-maison\/organiser-son-quotidien\/echanges-de-services\/\" itemprop=\"url\"><span itemprop=\"name\">Untermiete gegen Hilfe<\/span><\/a><\/li>\n\t\t<li id=\"menu-item-742\" class=\"et_pb_menu_page_id-733 menu-item menu-item-type-post_type menu-item-object-page menu-item-742\"><a href=\"https:\/\/info-workcare.ch\/conseils-pratiques\/a-la-maison\/organiser-son-quotidien\/solutions-techniques\/\" itemprop=\"url\"><span itemprop=\"name\">Technische L\u00f6sungen<\/span><\/a><\/li>\n\t<\/ul>\n<\/li>\n\t<li id=\"menu-item-747\" class=\"et_pb_menu_page_id-743 menu-item menu-item-type-post_type menu-item-object-page menu-item-has-children menu-item-747\"><a href=\"https:\/\/info-workcare.ch\/conseils-pratiques\/a-la-maison\/coordonner-les-soins\/\" itemprop=\"url\"><span itemprop=\"name\">Pflege koordinieren<\/span><span class=\"et-pb-icon\">3<\/span><\/a>\n\t<ul class=\"sub-menu\">\n\t\t<li id=\"menu-item-752\" class=\"et_pb_menu_page_id-748 menu-item menu-item-type-post_type menu-item-object-page menu-item-752\"><a href=\"https:\/\/info-workcare.ch\/conseils-pratiques\/a-la-maison\/coordonner-les-soins\/preparer-les-3-etapes\/\" itemprop=\"url\"><span itemprop=\"name\">Vorbereitung der 3 Etappen<\/span><\/a><\/li>\n\t\t<li id=\"menu-item-757\" class=\"et_pb_menu_page_id-753 menu-item menu-item-type-post_type menu-item-object-page menu-item-757\"><a href=\"https:\/\/info-workcare.ch\/conseils-pratiques\/a-la-maison\/coordonner-les-soins\/devenir-employeur\/\" itemprop=\"url\"><span itemprop=\"name\">Arbeitgeber:in werden<\/span><\/a><\/li>\n\t\t<li id=\"menu-item-2897\" class=\"et_pb_menu_page_id-2886 menu-item menu-item-type-post_type menu-item-object-page menu-item-2897\"><a href=\"https:\/\/info-workcare.ch\/conseils-pratiques\/a-la-maison\/coordonner-les-soins\/etre-paye%c2%b7e-soins-de-base\/\" itemprop=\"url\"><span itemprop=\"name\">Bezahlt werden (Grundpflege)<\/span><\/a><\/li>\n\t\t<li id=\"menu-item-766\" class=\"et_pb_menu_page_id-758 menu-item menu-item-type-post_type menu-item-object-page menu-item-766\"><a href=\"https:\/\/info-workcare.ch\/conseils-pratiques\/a-la-maison\/coordonner-les-soins\/aider-a-distance\/\" itemprop=\"url\"><span itemprop=\"name\">Aus der Ferne helfen<\/span><\/a><\/li>\n\t<\/ul>\n<\/li>\n\t<li id=\"menu-item-767\" class=\"et_pb_menu_page_id-762 menu-item menu-item-type-post_type menu-item-object-page menu-item-has-children menu-item-767\"><a href=\"https:\/\/info-workcare.ch\/conseils-pratiques\/a-la-maison\/preparer-le-futur\/\" itemprop=\"url\"><span itemprop=\"name\">Die Zukunft vorbereiten<\/span><span class=\"et-pb-icon\">3<\/span><\/a>\n\t<ul class=\"sub-menu\">\n\t\t<li id=\"menu-item-775\" class=\"et_pb_menu_page_id-770 menu-item menu-item-type-post_type menu-item-object-page menu-item-775\"><a href=\"https:\/\/info-workcare.ch\/conseils-pratiques\/a-la-maison\/preparer-le-futur\/sinformer-des-suites\/\" itemprop=\"url\"><span itemprop=\"name\">Sich \u00fcber den weiteren Verlauf informieren<\/span><\/a><\/li>\n\t\t<li id=\"menu-item-783\" class=\"et_pb_menu_page_id-778 menu-item menu-item-type-post_type menu-item-object-page menu-item-783\"><a href=\"https:\/\/info-workcare.ch\/conseils-pratiques\/a-la-maison\/preparer-le-futur\/prendre-le-relais-au-niveau-administratif\/\" itemprop=\"url\"><span itemprop=\"name\">Administrative Aufgaben \u00fcbernehmen<\/span><\/a><\/li>\n\t\t<li id=\"menu-item-2970\" class=\"et_pb_menu_page_id-2957 menu-item menu-item-type-post_type menu-item-object-page menu-item-2970\"><a href=\"https:\/\/info-workcare.ch\/conseils-pratiques\/a-la-maison\/preparer-le-futur\/regler-la-logistique\/\" itemprop=\"url\"><span itemprop=\"name\">Logistik regeln<\/span><\/a><\/li>\n\t\t<li id=\"menu-item-790\" class=\"et_pb_menu_page_id-785 menu-item menu-item-type-post_type menu-item-object-page menu-item-790\"><a href=\"https:\/\/info-workcare.ch\/conseils-pratiques\/a-la-maison\/preparer-le-futur\/connaitre-les-infrastructures\/\" itemprop=\"url\"><span itemprop=\"name\">Die verschiedenen Wohneinrichtungen<\/span><\/a><\/li>\n\t\t<li id=\"menu-item-795\" class=\"et_pb_menu_page_id-791 menu-item menu-item-type-post_type menu-item-object-page menu-item-795\"><a href=\"https:\/\/info-workcare.ch\/conseils-pratiques\/a-la-maison\/preparer-le-futur\/conserver-les-liens-sociaux\/\" itemprop=\"url\"><span itemprop=\"name\">Soziales Netz pflegen<\/span><\/a><\/li>\n\t<\/ul>\n<\/li>\n<\/ul>\n<\/li>\n<\/ul><\/nav>\n\t\t\t\t<\/div>\n\t\t\t<\/div>Die Koordination der Pflege ist ein Prozess mit verschiedenen Schritten. Von der punktuellen Unterst\u00fctzung bis zur Organisation einer st\u00e4ndigen Pr\u00e4senz in der Wohnung Ihrer angeh\u00f6rigen Person \u2013 die Koordination verlangt echtes Organisationstalent. Mit dem Menu Vorbereitung der 3 Etapen finden Sie ein sehr n\u00fctzliches Hilfsmittel. F\u00fcr die Koordination der Pflege muss manchmal eine Person eingestellt werden: Ihre Rolle als pflegende angeh\u00f6rige Person \u00e4ndert damit und Sie \u2013 oder Ihre angeh\u00f6rige Person \u2013 werden faktisch Arbeitgeber. Ausserdem sind Familien immer h\u00e4ufiger r\u00e4umlich getrennt. Aus der Ferne helfen stellt eine zus\u00e4tzliche Herausforderung dar \u2013 schwierig, aber machbar.<\/p>\n","protected":false},"author":1,"featured_media":0,"parent":1644,"menu_order":0,"comment_status":"closed","ping_status":"closed","template":"","meta":{"_et_pb_use_builder":"on","_et_pb_old_content":"","_et_gb_content_width":"","inline_featured_image":false,"footnotes":""},"class_list":["post-1676","page","type-page","status-publish","hentry"],"jetpack_sharing_enabled":true,"_links":{"self":[{"href":"https:\/\/info-workcare.ch\/de\/wp-json\/wp\/v2\/pages\/1676","targetHints":{"allow":["GET"]}}],"collection":[{"href":"https:\/\/info-workcare.ch\/de\/wp-json\/wp\/v2\/pages"}],"about":[{"href":"https:\/\/info-workcare.ch\/de\/wp-json\/wp\/v2\/types\/page"}],"author":[{"embeddable":true,"href":"https:\/\/info-workcare.ch\/de\/wp-json\/wp\/v2\/users\/1"}],"replies":[{"embeddable":true,"href":"https:\/\/info-workcare.ch\/de\/wp-json\/wp\/v2\/comments?post=1676"}],"version-history":[{"count":5,"href":"https:\/\/info-workcare.ch\/de\/wp-json\/wp\/v2\/pages\/1676\/revisions"}],"predecessor-version":[{"id":2001,"href":"https:\/\/info-workcare.ch\/de\/wp-json\/wp\/v2\/pages\/1676\/revisions\/2001"}],"up":[{"embeddable":true,"href":"https:\/\/info-workcare.ch\/de\/wp-json\/wp\/v2\/pages\/1644"}],"wp:attachment":[{"href":"https:\/\/info-workcare.ch\/de\/wp-json\/wp\/v2\/media?parent=1676"}],"curies":[{"name":"wp","href":"https:\/\/api.w.org\/{rel}","templated":true}]}}